{"id":3690359,"date":"2025-10-13T13:42:33","date_gmt":"2025-10-13T17:42:33","guid":{"rendered":"https:\/\/stoic-curie.212-227-153-4.plesk.page\/product\/sarka-od-nehrdajuceg-celika-foresti-65x55x3-5mm\/"},"modified":"2026-02-25T00:01:00","modified_gmt":"2026-02-25T00:01:00","slug":"sarka-od-nehrdajuceg-celika-foresti-65x55x3-5mm","status":"publish","type":"product","link":"https:\/\/stoic-curie.212-227-153-4.plesk.page\/hr\/product\/sarka-od-nehrdajuceg-celika-foresti-65x55x3-5mm\/","title":{"rendered":"\u0160arka od nehr\u0111aju\u0107eg \u010delika Foresti 65x55x3.5mm"},"content":{"rendered":"<p>\u0160arka od nehr\u0111aju\u0107eg \u010delika Foresti 65x55x3.5mm &#8211; <\/p>\n<p>Kratka bo\u010dna prozorska \u0161arka od nehr\u0111aju\u0107eg \u010delika s ogledalnim sjajem. U\u010dvr\u0161\u0107ivanje vijcima s unutarnje i vanjske strane.<\/p>\n","protected":false},"excerpt":{"rendered":"<p>\u0160arka od nehr\u0111aju\u0107eg \u010delika Foresti 65x55x3.5mm &#8211; Kratka bo\u010dna prozorska \u0161arka od nehr\u0111aju\u0107eg \u010delika s ogledalnim sjajem. U\u010dvr\u0161\u0107ivanje vijcima s<\/p>\n","protected":false},"featured_media":5943727,"comment_status":"closed","ping_status":"closed","template":"","meta":[],"product_brand":[2946],"product_cat":[1711],"product_tag":[],"class_list":{"0":"post-3690359","1":"product","2":"type-product","3":"status-publish","4":"has-post-thumbnail","6":"product_brand-foresti-suardi-hr","7":"product_cat-brodske-sarke","9":"first","10":"instock","11":"shipping-taxable","12":"purchasable","13":"product-type-simple"},"_links":{"self":[{"href":"https:\/\/stoic-curie.212-227-153-4.plesk.page\/hr\/wp-json\/wp\/v2\/product\/3690359","targetHints":{"allow":["GET"]}}],"collection":[{"href":"https:\/\/stoic-curie.212-227-153-4.plesk.page\/hr\/wp-json\/wp\/v2\/product"}],"about":[{"href":"https:\/\/stoic-curie.212-227-153-4.plesk.page\/hr\/wp-json\/wp\/v2\/types\/product"}],"replies":[{"embeddable":true,"href":"https:\/\/stoic-curie.212-227-153-4.plesk.page\/hr\/wp-json\/wp\/v2\/comments?post=3690359"}],"version-history":[{"count":0,"href":"https:\/\/stoic-curie.212-227-153-4.plesk.page\/hr\/wp-json\/wp\/v2\/product\/3690359\/revisions"}],"wp:featuredmedia":[{"embeddable":true,"href":"https:\/\/stoic-curie.212-227-153-4.plesk.page\/hr\/wp-json\/wp\/v2\/media\/5943727"}],"wp:attachment":[{"href":"https:\/\/stoic-curie.212-227-153-4.plesk.page\/hr\/wp-json\/wp\/v2\/media?parent=3690359"}],"wp:term":[{"taxonomy":"product_brand","embeddable":true,"href":"https:\/\/stoic-curie.212-227-153-4.plesk.page\/hr\/wp-json\/wp\/v2\/product_brand?post=3690359"},{"taxonomy":"product_cat","embeddable":true,"href":"https:\/\/stoic-curie.212-227-153-4.plesk.page\/hr\/wp-json\/wp\/v2\/product_cat?post=3690359"},{"taxonomy":"product_tag","embeddable":true,"href":"https:\/\/stoic-curie.212-227-153-4.plesk.page\/hr\/wp-json\/wp\/v2\/product_tag?post=3690359"}],"curies":[{"name":"wp","href":"https:\/\/api.w.org\/{rel}","templated":true}]}}