{"id":3690375,"date":"2025-10-13T13:42:38","date_gmt":"2025-10-13T17:42:38","guid":{"rendered":"https:\/\/stoic-curie.212-227-153-4.plesk.page\/product\/potopna-led-traka-plave-boje-12-24v-250-x-22-x-12mm\/"},"modified":"2026-02-25T00:01:00","modified_gmt":"2026-02-25T00:01:00","slug":"potopna-led-traka-plave-boje-12-24v-250-x-22-x-12mm","status":"publish","type":"product","link":"https:\/\/stoic-curie.212-227-153-4.plesk.page\/hr\/product\/potopna-led-traka-plave-boje-12-24v-250-x-22-x-12mm\/","title":{"rendered":"Potopna LED traka plave boje 12-24V \/ 250 x 22 x 12mm"},"content":{"rendered":"<p>Potopna LED traka plave boje 12-24V \/ 250 x 22 x 12mm &#8211; <\/p>\n<p>IP68 vodootporna plasti\u010dna platforma i podvodna LED svjetla. Mo\u017ee se koristiti pod vodom i izvan vode. Monta\u017ea na povr\u0161ini, smanjena potro\u0161nja od 2,4 W. Prodaje se u paru.<\/p>\n","protected":false},"excerpt":{"rendered":"<p>Potopna LED traka plave boje 12-24V \/ 250 x 22 x 12mm &#8211; IP68 vodootporna plasti\u010dna platforma i podvodna LED<\/p>\n","protected":false},"featured_media":5943758,"comment_status":"closed","ping_status":"closed","template":"","meta":[],"product_brand":[3221],"product_cat":[1731],"product_tag":[],"class_list":{"0":"post-3690375","1":"product","2":"type-product","3":"status-publish","4":"has-post-thumbnail","6":"product_brand-oceanled-hr","7":"product_cat-uronjiva-led-svjetla","9":"first","10":"instock","11":"shipping-taxable","12":"purchasable","13":"product-type-simple"},"_links":{"self":[{"href":"https:\/\/stoic-curie.212-227-153-4.plesk.page\/hr\/wp-json\/wp\/v2\/product\/3690375","targetHints":{"allow":["GET"]}}],"collection":[{"href":"https:\/\/stoic-curie.212-227-153-4.plesk.page\/hr\/wp-json\/wp\/v2\/product"}],"about":[{"href":"https:\/\/stoic-curie.212-227-153-4.plesk.page\/hr\/wp-json\/wp\/v2\/types\/product"}],"replies":[{"embeddable":true,"href":"https:\/\/stoic-curie.212-227-153-4.plesk.page\/hr\/wp-json\/wp\/v2\/comments?post=3690375"}],"version-history":[{"count":0,"href":"https:\/\/stoic-curie.212-227-153-4.plesk.page\/hr\/wp-json\/wp\/v2\/product\/3690375\/revisions"}],"wp:featuredmedia":[{"embeddable":true,"href":"https:\/\/stoic-curie.212-227-153-4.plesk.page\/hr\/wp-json\/wp\/v2\/media\/5943758"}],"wp:attachment":[{"href":"https:\/\/stoic-curie.212-227-153-4.plesk.page\/hr\/wp-json\/wp\/v2\/media?parent=3690375"}],"wp:term":[{"taxonomy":"product_brand","embeddable":true,"href":"https:\/\/stoic-curie.212-227-153-4.plesk.page\/hr\/wp-json\/wp\/v2\/product_brand?post=3690375"},{"taxonomy":"product_cat","embeddable":true,"href":"https:\/\/stoic-curie.212-227-153-4.plesk.page\/hr\/wp-json\/wp\/v2\/product_cat?post=3690375"},{"taxonomy":"product_tag","embeddable":true,"href":"https:\/\/stoic-curie.212-227-153-4.plesk.page\/hr\/wp-json\/wp\/v2\/product_tag?post=3690375"}],"curies":[{"name":"wp","href":"https:\/\/api.w.org\/{rel}","templated":true}]}}