{"id":3690380,"date":"2025-10-13T13:42:39","date_gmt":"2025-10-13T17:42:39","guid":{"rendered":"https:\/\/stoic-curie.212-227-153-4.plesk.page\/product\/liros-slide-protect-xtr-8-12mm\/"},"modified":"2026-02-25T00:01:00","modified_gmt":"2026-02-25T00:01:00","slug":"liros-slide-protect-xtr-8-12mm","status":"publish","type":"product","link":"https:\/\/stoic-curie.212-227-153-4.plesk.page\/hr\/product\/liros-slide-protect-xtr-8-12mm\/","title":{"rendered":"Liros Slide Protect-xtr 8-12mm"},"content":{"rendered":"<p>Liros Slide Protect-xtr 8-12mm &#8211; <\/p>\n<p>LIROS Slide Protect-XTR pru\u017ea dodatnu za\u0161titu i \u0161titi od habanja u skretanjima i vodilicama. Slide Protect-XTR nije prikladan za zaustavlja\u010de ili vitlove, jer niska razina trenja \u010dini najmanji otpor.<\/p>\n<ul>\n<li>faktor prianjanja 3<\/li>\n<li>vrlo lako se spaja<\/li>\n<li>najbolja otpornost na habanje i rezanje<\/li>\n<li>prikladan za u\u017ee \u00d8 3-22 mm<\/li>\n<\/ul>\n<p>Materijal: Dyneema\u00c2\u00ae SK78 s XTR premazom<\/p>\n","protected":false},"excerpt":{"rendered":"<p>Liros Slide Protect-xtr 8-12mm &#8211; LIROS Slide Protect-XTR pru\u017ea dodatnu za\u0161titu i \u0161titi od habanja u skretanjima i vodilicama. Slide<\/p>\n","protected":false},"featured_media":5942106,"comment_status":"closed","ping_status":"closed","template":"","meta":[],"product_brand":[3066],"product_cat":[1613,1767],"product_tag":[],"class_list":{"0":"post-3690380","1":"product","2":"type-product","3":"status-publish","4":"has-post-thumbnail","6":"product_brand-liros-hr","7":"product_cat-alati-za-rezanje","8":"product_cat-dyneema-konopi","10":"first","11":"instock","12":"shipping-taxable","13":"purchasable","14":"product-type-simple"},"_links":{"self":[{"href":"https:\/\/stoic-curie.212-227-153-4.plesk.page\/hr\/wp-json\/wp\/v2\/product\/3690380","targetHints":{"allow":["GET"]}}],"collection":[{"href":"https:\/\/stoic-curie.212-227-153-4.plesk.page\/hr\/wp-json\/wp\/v2\/product"}],"about":[{"href":"https:\/\/stoic-curie.212-227-153-4.plesk.page\/hr\/wp-json\/wp\/v2\/types\/product"}],"replies":[{"embeddable":true,"href":"https:\/\/stoic-curie.212-227-153-4.plesk.page\/hr\/wp-json\/wp\/v2\/comments?post=3690380"}],"version-history":[{"count":0,"href":"https:\/\/stoic-curie.212-227-153-4.plesk.page\/hr\/wp-json\/wp\/v2\/product\/3690380\/revisions"}],"wp:featuredmedia":[{"embeddable":true,"href":"https:\/\/stoic-curie.212-227-153-4.plesk.page\/hr\/wp-json\/wp\/v2\/media\/5942106"}],"wp:attachment":[{"href":"https:\/\/stoic-curie.212-227-153-4.plesk.page\/hr\/wp-json\/wp\/v2\/media?parent=3690380"}],"wp:term":[{"taxonomy":"product_brand","embeddable":true,"href":"https:\/\/stoic-curie.212-227-153-4.plesk.page\/hr\/wp-json\/wp\/v2\/product_brand?post=3690380"},{"taxonomy":"product_cat","embeddable":true,"href":"https:\/\/stoic-curie.212-227-153-4.plesk.page\/hr\/wp-json\/wp\/v2\/product_cat?post=3690380"},{"taxonomy":"product_tag","embeddable":true,"href":"https:\/\/stoic-curie.212-227-153-4.plesk.page\/hr\/wp-json\/wp\/v2\/product_tag?post=3690380"}],"curies":[{"name":"wp","href":"https:\/\/api.w.org\/{rel}","templated":true}]}}