{"id":3690386,"date":"2025-10-13T13:42:41","date_gmt":"2025-10-13T17:42:41","guid":{"rendered":"https:\/\/stoic-curie.212-227-153-4.plesk.page\/product\/navlake-za-cipele-42-43-plava-tamno-plava\/"},"modified":"2026-02-25T00:01:00","modified_gmt":"2026-02-25T00:01:00","slug":"navlake-za-cipele-42-43-plava-tamno-plava","status":"publish","type":"product","link":"https:\/\/stoic-curie.212-227-153-4.plesk.page\/hr\/product\/navlake-za-cipele-42-43-plava-tamno-plava\/","title":{"rendered":"Navlake za cipele 42<> 43 plava tamno plava"},"content":{"rendered":"<p>Navlake za cipele 42<> 43 plava tamno plava &#8211; <\/p>\n<p>Ma\u0161inski perive 100% akrilne za\u0161titne navlake. Proizvedeno od iste jake, ali meke tkanine koja se koristi za pokriva\u010de od fender-a. Idealno za kretanje po brodu bez skidanja cipela i za za\u0161titu palube.<\/p>\n","protected":false},"excerpt":{"rendered":"<p>Navlake za cipele 42 43 plava tamno plava &#8211; Ma\u0161inski perive 100% akrilne za\u0161titne navlake. Proizvedeno od iste jake, ali<\/p>\n","protected":false},"featured_media":5943762,"comment_status":"closed","ping_status":"closed","template":"","meta":[],"product_brand":[2936],"product_cat":[1860],"product_tag":[],"class_list":{"0":"post-3690386","1":"product","2":"type-product","3":"status-publish","4":"has-post-thumbnail","6":"product_brand-fendress-hr","7":"product_cat-nauticke-cipele","9":"first","10":"instock","11":"shipping-taxable","12":"purchasable","13":"product-type-simple"},"_links":{"self":[{"href":"https:\/\/stoic-curie.212-227-153-4.plesk.page\/hr\/wp-json\/wp\/v2\/product\/3690386","targetHints":{"allow":["GET"]}}],"collection":[{"href":"https:\/\/stoic-curie.212-227-153-4.plesk.page\/hr\/wp-json\/wp\/v2\/product"}],"about":[{"href":"https:\/\/stoic-curie.212-227-153-4.plesk.page\/hr\/wp-json\/wp\/v2\/types\/product"}],"replies":[{"embeddable":true,"href":"https:\/\/stoic-curie.212-227-153-4.plesk.page\/hr\/wp-json\/wp\/v2\/comments?post=3690386"}],"version-history":[{"count":0,"href":"https:\/\/stoic-curie.212-227-153-4.plesk.page\/hr\/wp-json\/wp\/v2\/product\/3690386\/revisions"}],"wp:featuredmedia":[{"embeddable":true,"href":"https:\/\/stoic-curie.212-227-153-4.plesk.page\/hr\/wp-json\/wp\/v2\/media\/5943762"}],"wp:attachment":[{"href":"https:\/\/stoic-curie.212-227-153-4.plesk.page\/hr\/wp-json\/wp\/v2\/media?parent=3690386"}],"wp:term":[{"taxonomy":"product_brand","embeddable":true,"href":"https:\/\/stoic-curie.212-227-153-4.plesk.page\/hr\/wp-json\/wp\/v2\/product_brand?post=3690386"},{"taxonomy":"product_cat","embeddable":true,"href":"https:\/\/stoic-curie.212-227-153-4.plesk.page\/hr\/wp-json\/wp\/v2\/product_cat?post=3690386"},{"taxonomy":"product_tag","embeddable":true,"href":"https:\/\/stoic-curie.212-227-153-4.plesk.page\/hr\/wp-json\/wp\/v2\/product_tag?post=3690386"}],"curies":[{"name":"wp","href":"https:\/\/api.w.org\/{rel}","templated":true}]}}