{"id":3690389,"date":"2025-10-13T13:42:42","date_gmt":"2025-10-13T17:42:42","guid":{"rendered":"https:\/\/stoic-curie.212-227-153-4.plesk.page\/product\/baza-od-nehrdajuceg-celika-glomex-v9177\/"},"modified":"2026-02-25T00:01:00","modified_gmt":"2026-02-25T00:01:00","slug":"baza-od-nehrdajuceg-celika-glomex-v9177","status":"publish","type":"product","link":"https:\/\/stoic-curie.212-227-153-4.plesk.page\/hr\/product\/baza-od-nehrdajuceg-celika-glomex-v9177\/","title":{"rendered":"Baza od nehr\u0111aju\u0107eg \u010delika Glomex V9177"},"content":{"rendered":"<p>Baza od nehr\u0111aju\u0107eg \u010delika Glomex V9177 &#8211; <\/p>\n<p>Fiksne montirane baze koje se mogu koristiti s pro\u0161irenjima RA129. Standardna navoj 1&#8243; x 14.<\/p>\n","protected":false},"excerpt":{"rendered":"<p>Baza od nehr\u0111aju\u0107eg \u010delika Glomex V9177 &#8211; Fiksne montirane baze koje se mogu koristiti s pro\u0161irenjima RA129. Standardna navoj 1&#8243;<\/p>\n","protected":false},"featured_media":5943582,"comment_status":"closed","ping_status":"closed","template":"","meta":[],"product_brand":[2981],"product_cat":[1753],"product_tag":[],"class_list":{"0":"post-3690389","1":"product","2":"type-product","3":"status-publish","4":"has-post-thumbnail","6":"product_brand-glomex-hr","7":"product_cat-vhf-antene","9":"first","10":"instock","11":"shipping-taxable","12":"purchasable","13":"product-type-simple"},"_links":{"self":[{"href":"https:\/\/stoic-curie.212-227-153-4.plesk.page\/hr\/wp-json\/wp\/v2\/product\/3690389","targetHints":{"allow":["GET"]}}],"collection":[{"href":"https:\/\/stoic-curie.212-227-153-4.plesk.page\/hr\/wp-json\/wp\/v2\/product"}],"about":[{"href":"https:\/\/stoic-curie.212-227-153-4.plesk.page\/hr\/wp-json\/wp\/v2\/types\/product"}],"replies":[{"embeddable":true,"href":"https:\/\/stoic-curie.212-227-153-4.plesk.page\/hr\/wp-json\/wp\/v2\/comments?post=3690389"}],"version-history":[{"count":0,"href":"https:\/\/stoic-curie.212-227-153-4.plesk.page\/hr\/wp-json\/wp\/v2\/product\/3690389\/revisions"}],"wp:featuredmedia":[{"embeddable":true,"href":"https:\/\/stoic-curie.212-227-153-4.plesk.page\/hr\/wp-json\/wp\/v2\/media\/5943582"}],"wp:attachment":[{"href":"https:\/\/stoic-curie.212-227-153-4.plesk.page\/hr\/wp-json\/wp\/v2\/media?parent=3690389"}],"wp:term":[{"taxonomy":"product_brand","embeddable":true,"href":"https:\/\/stoic-curie.212-227-153-4.plesk.page\/hr\/wp-json\/wp\/v2\/product_brand?post=3690389"},{"taxonomy":"product_cat","embeddable":true,"href":"https:\/\/stoic-curie.212-227-153-4.plesk.page\/hr\/wp-json\/wp\/v2\/product_cat?post=3690389"},{"taxonomy":"product_tag","embeddable":true,"href":"https:\/\/stoic-curie.212-227-153-4.plesk.page\/hr\/wp-json\/wp\/v2\/product_tag?post=3690389"}],"curies":[{"name":"wp","href":"https:\/\/api.w.org\/{rel}","templated":true}]}}