{"id":3690394,"date":"2025-10-13T13:42:44","date_gmt":"2025-10-13T17:42:44","guid":{"rendered":"https:\/\/stoic-curie.212-227-153-4.plesk.page\/product\/t-otvoreni-spoj-ravni-od-nehrdajuceg-celika-90-d22mm\/"},"modified":"2026-02-25T00:01:00","modified_gmt":"2026-02-25T00:01:00","slug":"t-otvoreni-spoj-ravni-od-nehrdajuceg-celika-90-d22mm","status":"publish","type":"product","link":"https:\/\/stoic-curie.212-227-153-4.plesk.page\/hr\/product\/t-otvoreni-spoj-ravni-od-nehrdajuceg-celika-90-d22mm\/","title":{"rendered":"T otvoreni spoj ravni od nehr\u0111aju\u0107eg \u010delika 90 \u00b0 D22mm"},"content":{"rendered":"<p>T otvoreni spoj ravni od nehr\u0111aju\u0107eg \u010delika 90 \u00b0 D22mm &#8211; <\/p>\n<p>Od lijevanog i poliranog T priklju\u010dka 316 nehr\u0111aju\u0107eg \u010delika pod otvorenim kutom od 90\u00b0.<\/p>\n","protected":false},"excerpt":{"rendered":"<p>T otvoreni spoj ravni od nehr\u0111aju\u0107eg \u010delika 90 \u00b0 D22mm &#8211; Od lijevanog i poliranog T priklju\u010dka 316 nehr\u0111aju\u0107eg \u010delika<\/p>\n","protected":false},"featured_media":5943786,"comment_status":"closed","ping_status":"closed","template":"","meta":[],"product_brand":[3121],"product_cat":[1707,1700],"product_tag":[],"class_list":{"0":"post-3690394","1":"product","2":"type-product","3":"status-publish","4":"has-post-thumbnail","6":"product_brand-marinetech-hr","7":"product_cat-brodski-rukohvati","8":"product_cat-elementi-brodskih-rukohvata","10":"first","11":"instock","12":"shipping-taxable","13":"purchasable","14":"product-type-simple"},"_links":{"self":[{"href":"https:\/\/stoic-curie.212-227-153-4.plesk.page\/hr\/wp-json\/wp\/v2\/product\/3690394","targetHints":{"allow":["GET"]}}],"collection":[{"href":"https:\/\/stoic-curie.212-227-153-4.plesk.page\/hr\/wp-json\/wp\/v2\/product"}],"about":[{"href":"https:\/\/stoic-curie.212-227-153-4.plesk.page\/hr\/wp-json\/wp\/v2\/types\/product"}],"replies":[{"embeddable":true,"href":"https:\/\/stoic-curie.212-227-153-4.plesk.page\/hr\/wp-json\/wp\/v2\/comments?post=3690394"}],"version-history":[{"count":0,"href":"https:\/\/stoic-curie.212-227-153-4.plesk.page\/hr\/wp-json\/wp\/v2\/product\/3690394\/revisions"}],"wp:featuredmedia":[{"embeddable":true,"href":"https:\/\/stoic-curie.212-227-153-4.plesk.page\/hr\/wp-json\/wp\/v2\/media\/5943786"}],"wp:attachment":[{"href":"https:\/\/stoic-curie.212-227-153-4.plesk.page\/hr\/wp-json\/wp\/v2\/media?parent=3690394"}],"wp:term":[{"taxonomy":"product_brand","embeddable":true,"href":"https:\/\/stoic-curie.212-227-153-4.plesk.page\/hr\/wp-json\/wp\/v2\/product_brand?post=3690394"},{"taxonomy":"product_cat","embeddable":true,"href":"https:\/\/stoic-curie.212-227-153-4.plesk.page\/hr\/wp-json\/wp\/v2\/product_cat?post=3690394"},{"taxonomy":"product_tag","embeddable":true,"href":"https:\/\/stoic-curie.212-227-153-4.plesk.page\/hr\/wp-json\/wp\/v2\/product_tag?post=3690394"}],"curies":[{"name":"wp","href":"https:\/\/api.w.org\/{rel}","templated":true}]}}