{"id":3690416,"date":"2025-10-13T13:42:50","date_gmt":"2025-10-13T17:42:50","guid":{"rendered":"https:\/\/stoic-curie.212-227-153-4.plesk.page\/product\/led-svjetlo-od-nehrdajuceg-celika-brza-plocica-ip68-12-24v-68-x-14-x-h8mm-plava\/"},"modified":"2026-02-25T00:01:00","modified_gmt":"2026-02-25T00:01:00","slug":"led-svjetlo-od-nehrdajuceg-celika-brza-plocica-ip68-12-24v-68-x-14-x-h8mm-plava","status":"publish","type":"product","link":"https:\/\/stoic-curie.212-227-153-4.plesk.page\/hr\/product\/led-svjetlo-od-nehrdajuceg-celika-brza-plocica-ip68-12-24v-68-x-14-x-h8mm-plava\/","title":{"rendered":"LED svjetlo od nehr\u0111aju\u0107eg \u010delika Brza plocica &#8211; ip68 12-24v 68 x 14 x H8mm plava"},"content":{"rendered":"<p>LED svjetlo od nehr\u0111aju\u0107eg \u010delika Brza plocica &#8211; ip68 12-24v 68 x 14 x H8mm plava &#8211; <\/p>\n<p>LED svjetlo od nehr\u0111aju\u0107eg \u010delika 316, 0,5W, IP66, za unutarnju i vanjsku upotrebu s prema dolje usmjerenim snopom svjetlosti. Monta\u017ea na povr\u0161inu sa \u0161arafima. Univerzalni napon od 9-32V s prigu\u0161ivom LED-icom za\u0161ti\u0107enoj od prenapona i obrnutog polariteta.<\/p>\n","protected":false},"excerpt":{"rendered":"<p>LED svjetlo od nehr\u0111aju\u0107eg \u010delika Brza plocica &#8211; ip68 12-24v 68 x 14 x H8mm plava &#8211; LED svjetlo od<\/p>\n","protected":false},"featured_media":5942606,"comment_status":"closed","ping_status":"closed","template":"","meta":[],"product_brand":[3281],"product_cat":[1730,1739],"product_tag":[],"class_list":{"0":"post-3690416","1":"product","2":"type-product","3":"status-publish","4":"has-post-thumbnail","6":"product_brand-quick-hr","7":"product_cat-dekorativna-rasvjeta","8":"product_cat-rasvjeta","10":"first","11":"instock","12":"shipping-taxable","13":"purchasable","14":"product-type-simple"},"_links":{"self":[{"href":"https:\/\/stoic-curie.212-227-153-4.plesk.page\/hr\/wp-json\/wp\/v2\/product\/3690416","targetHints":{"allow":["GET"]}}],"collection":[{"href":"https:\/\/stoic-curie.212-227-153-4.plesk.page\/hr\/wp-json\/wp\/v2\/product"}],"about":[{"href":"https:\/\/stoic-curie.212-227-153-4.plesk.page\/hr\/wp-json\/wp\/v2\/types\/product"}],"replies":[{"embeddable":true,"href":"https:\/\/stoic-curie.212-227-153-4.plesk.page\/hr\/wp-json\/wp\/v2\/comments?post=3690416"}],"version-history":[{"count":0,"href":"https:\/\/stoic-curie.212-227-153-4.plesk.page\/hr\/wp-json\/wp\/v2\/product\/3690416\/revisions"}],"wp:featuredmedia":[{"embeddable":true,"href":"https:\/\/stoic-curie.212-227-153-4.plesk.page\/hr\/wp-json\/wp\/v2\/media\/5942606"}],"wp:attachment":[{"href":"https:\/\/stoic-curie.212-227-153-4.plesk.page\/hr\/wp-json\/wp\/v2\/media?parent=3690416"}],"wp:term":[{"taxonomy":"product_brand","embeddable":true,"href":"https:\/\/stoic-curie.212-227-153-4.plesk.page\/hr\/wp-json\/wp\/v2\/product_brand?post=3690416"},{"taxonomy":"product_cat","embeddable":true,"href":"https:\/\/stoic-curie.212-227-153-4.plesk.page\/hr\/wp-json\/wp\/v2\/product_cat?post=3690416"},{"taxonomy":"product_tag","embeddable":true,"href":"https:\/\/stoic-curie.212-227-153-4.plesk.page\/hr\/wp-json\/wp\/v2\/product_tag?post=3690416"}],"curies":[{"name":"wp","href":"https:\/\/api.w.org\/{rel}","templated":true}]}}