{"id":3690428,"date":"2025-10-13T13:42:54","date_gmt":"2025-10-13T17:42:54","guid":{"rendered":"https:\/\/stoic-curie.212-227-153-4.plesk.page\/product\/plosnati-bokobran-sivi-650x300x80mm\/"},"modified":"2026-02-25T00:01:00","modified_gmt":"2026-02-25T00:01:00","slug":"plosnati-bokobran-sivi-650x300x80mm","status":"publish","type":"product","link":"https:\/\/stoic-curie.212-227-153-4.plesk.page\/hr\/product\/plosnati-bokobran-sivi-650x300x80mm\/","title":{"rendered":"Plosnati bokobran sivi 650x300x80mm"},"content":{"rendered":"<p>Plosnati bokobran sivi 650x300x80mm &#8211; <\/p>\n<p>Fendere od visokotrdog E.V.A. pjenastog materijala s zatvorenim stanicama. Laka pohrana zahvaljuju\u0107i ravnom obliku, koriste se kada izme\u0111u dva \u010damca nema dovoljno prostora. Lako se povezuju za stvaranje za\u0161titne barijere. S 4 rupe za konop i 2 rupe za remen. Uklju\u010dena u\u017ead du\u017eine 2,10 m.<\/p>\n","protected":false},"excerpt":{"rendered":"<p>Plosnati bokobran sivi 650x300x80mm &#8211; Fendere od visokotrdog E.V.A. pjenastog materijala s zatvorenim stanicama. Laka pohrana zahvaljuju\u0107i ravnom obliku, koriste<\/p>\n","protected":false},"featured_media":5943819,"comment_status":"closed","ping_status":"closed","template":"","meta":[],"product_brand":[3091],"product_cat":[1849,1848],"product_tag":[],"class_list":{"0":"post-3690428","1":"product","2":"type-product","3":"status-publish","4":"has-post-thumbnail","6":"product_brand-majoni-hr","7":"product_cat-bokobrani-za-dokove","8":"product_cat-brodski-bokobrani","10":"first","11":"instock","12":"shipping-taxable","13":"purchasable","14":"product-type-simple"},"_links":{"self":[{"href":"https:\/\/stoic-curie.212-227-153-4.plesk.page\/hr\/wp-json\/wp\/v2\/product\/3690428","targetHints":{"allow":["GET"]}}],"collection":[{"href":"https:\/\/stoic-curie.212-227-153-4.plesk.page\/hr\/wp-json\/wp\/v2\/product"}],"about":[{"href":"https:\/\/stoic-curie.212-227-153-4.plesk.page\/hr\/wp-json\/wp\/v2\/types\/product"}],"replies":[{"embeddable":true,"href":"https:\/\/stoic-curie.212-227-153-4.plesk.page\/hr\/wp-json\/wp\/v2\/comments?post=3690428"}],"version-history":[{"count":0,"href":"https:\/\/stoic-curie.212-227-153-4.plesk.page\/hr\/wp-json\/wp\/v2\/product\/3690428\/revisions"}],"wp:featuredmedia":[{"embeddable":true,"href":"https:\/\/stoic-curie.212-227-153-4.plesk.page\/hr\/wp-json\/wp\/v2\/media\/5943819"}],"wp:attachment":[{"href":"https:\/\/stoic-curie.212-227-153-4.plesk.page\/hr\/wp-json\/wp\/v2\/media?parent=3690428"}],"wp:term":[{"taxonomy":"product_brand","embeddable":true,"href":"https:\/\/stoic-curie.212-227-153-4.plesk.page\/hr\/wp-json\/wp\/v2\/product_brand?post=3690428"},{"taxonomy":"product_cat","embeddable":true,"href":"https:\/\/stoic-curie.212-227-153-4.plesk.page\/hr\/wp-json\/wp\/v2\/product_cat?post=3690428"},{"taxonomy":"product_tag","embeddable":true,"href":"https:\/\/stoic-curie.212-227-153-4.plesk.page\/hr\/wp-json\/wp\/v2\/product_tag?post=3690428"}],"curies":[{"name":"wp","href":"https:\/\/api.w.org\/{rel}","templated":true}]}}