{"id":3690430,"date":"2025-10-13T13:42:54","date_gmt":"2025-10-13T17:42:54","guid":{"rendered":"https:\/\/stoic-curie.212-227-153-4.plesk.page\/product\/bijeli-plasticni-sahtovi-can-marine-315-x-440mm\/"},"modified":"2026-02-25T00:01:00","modified_gmt":"2026-02-25T00:01:00","slug":"bijeli-plasticni-sahtovi-can-marine-315-x-440mm","status":"publish","type":"product","link":"https:\/\/stoic-curie.212-227-153-4.plesk.page\/hr\/product\/bijeli-plasticni-sahtovi-can-marine-315-x-440mm\/","title":{"rendered":"Bijeli plasticni \u0161ahtovi Can Marine 315 x 440mm"},"content":{"rendered":"<p>Bijeli plasticni \u0161ahtovi Can Marine 315 x 440mm &#8211; <\/p>\n<p>UV otporna ABS ASA poklopac s otvorom od 180\u00b0, prohodan i vodonepropustan. Poklopac s dvojnim sustavom otvaranja: klasi\u010dni i izvla\u010divi. Izvla\u010divi sustav omogu\u0107ava otvaranje poklopca u uskim prostorima. Monta\u017ea na palubu ili pregradu.<\/p>\n","protected":false},"excerpt":{"rendered":"<p>Bijeli plasticni \u0161ahtovi Can Marine 315 x 440mm &#8211; UV otporna ABS ASA poklopac s otvorom od 180\u00b0, prohodan i<\/p>\n","protected":false},"featured_media":5943824,"comment_status":"closed","ping_status":"closed","template":"","meta":[],"product_brand":[2856],"product_cat":[1695],"product_tag":[],"class_list":{"0":"post-3690430","1":"product","2":"type-product","3":"status-publish","4":"has-post-thumbnail","6":"product_brand-can-marine-hr","7":"product_cat-brodski-plasticni-otvori","9":"first","10":"instock","11":"shipping-taxable","12":"purchasable","13":"product-type-simple"},"_links":{"self":[{"href":"https:\/\/stoic-curie.212-227-153-4.plesk.page\/hr\/wp-json\/wp\/v2\/product\/3690430","targetHints":{"allow":["GET"]}}],"collection":[{"href":"https:\/\/stoic-curie.212-227-153-4.plesk.page\/hr\/wp-json\/wp\/v2\/product"}],"about":[{"href":"https:\/\/stoic-curie.212-227-153-4.plesk.page\/hr\/wp-json\/wp\/v2\/types\/product"}],"replies":[{"embeddable":true,"href":"https:\/\/stoic-curie.212-227-153-4.plesk.page\/hr\/wp-json\/wp\/v2\/comments?post=3690430"}],"version-history":[{"count":0,"href":"https:\/\/stoic-curie.212-227-153-4.plesk.page\/hr\/wp-json\/wp\/v2\/product\/3690430\/revisions"}],"wp:featuredmedia":[{"embeddable":true,"href":"https:\/\/stoic-curie.212-227-153-4.plesk.page\/hr\/wp-json\/wp\/v2\/media\/5943824"}],"wp:attachment":[{"href":"https:\/\/stoic-curie.212-227-153-4.plesk.page\/hr\/wp-json\/wp\/v2\/media?parent=3690430"}],"wp:term":[{"taxonomy":"product_brand","embeddable":true,"href":"https:\/\/stoic-curie.212-227-153-4.plesk.page\/hr\/wp-json\/wp\/v2\/product_brand?post=3690430"},{"taxonomy":"product_cat","embeddable":true,"href":"https:\/\/stoic-curie.212-227-153-4.plesk.page\/hr\/wp-json\/wp\/v2\/product_cat?post=3690430"},{"taxonomy":"product_tag","embeddable":true,"href":"https:\/\/stoic-curie.212-227-153-4.plesk.page\/hr\/wp-json\/wp\/v2\/product_tag?post=3690430"}],"curies":[{"name":"wp","href":"https:\/\/api.w.org\/{rel}","templated":true}]}}