{"id":3690431,"date":"2025-10-13T13:42:55","date_gmt":"2025-10-13T17:42:55","guid":{"rendered":"https:\/\/stoic-curie.212-227-153-4.plesk.page\/product\/jednostruki-koloturnik-master-29-mm-za-konope-od-8-mm\/"},"modified":"2026-02-25T00:01:00","modified_gmt":"2026-02-25T00:01:00","slug":"jednostruki-koloturnik-master-29-mm-za-konope-od-8-mm","status":"publish","type":"product","link":"https:\/\/stoic-curie.212-227-153-4.plesk.page\/hr\/product\/jednostruki-koloturnik-master-29-mm-za-konope-od-8-mm\/","title":{"rendered":"Jednostruki koloturnik Master 29 mm za konope od 8 mm"},"content":{"rendered":"<p>Jednostruki koloturnik Master 29 mm za konope od 8 mm &#8211; <\/p>\n<p>Master kompozitni blokovi s kugli\u010dnim le\u017eajevima s niskim trenjem dizajnirani su za natjecateljsko jedrenje. Bo\u010dne plo\u010de od visokootpornog kompozita osiguravaju vrhunske performanse pri radnim optere\u0107enjima. Prekrasan dizajn i jednostavna uporaba.<br \/>Kugli\u010dni le\u017eajevi: samolubriciraju\u0107i acetalni kompozit<br \/>Promjer kolotura 29 mm: samolubriciraju\u0107i acetalni kompozit<br \/>Bo\u010dne strane: oja\u010dani kompozit najlona s vlaknima stakla, stabiliziran UV zrakama<br \/>Rotiraju\u0107a kuku: fornirani nehr\u0111aju\u0107i \u010delik razreda 316<br \/>WL: radno optere\u0107enje<br \/>BL: prekidno optere\u0107enje<\/p>\n","protected":false},"excerpt":{"rendered":"<p>Jednostruki koloturnik Master 29 mm za konope od 8 mm &#8211; Master kompozitni blokovi s kugli\u010dnim le\u017eajevima s niskim trenjem<\/p>\n","protected":false},"featured_media":5943825,"comment_status":"closed","ping_status":"closed","template":"","meta":[],"product_brand":[3131],"product_cat":[1770],"product_tag":[],"class_list":{"0":"post-3690431","1":"product","2":"type-product","3":"status-publish","4":"has-post-thumbnail","6":"product_brand-master-hr","7":"product_cat-master-koloture-za-jedrilice","9":"first","10":"instock","11":"shipping-taxable","12":"purchasable","13":"product-type-simple"},"_links":{"self":[{"href":"https:\/\/stoic-curie.212-227-153-4.plesk.page\/hr\/wp-json\/wp\/v2\/product\/3690431","targetHints":{"allow":["GET"]}}],"collection":[{"href":"https:\/\/stoic-curie.212-227-153-4.plesk.page\/hr\/wp-json\/wp\/v2\/product"}],"about":[{"href":"https:\/\/stoic-curie.212-227-153-4.plesk.page\/hr\/wp-json\/wp\/v2\/types\/product"}],"replies":[{"embeddable":true,"href":"https:\/\/stoic-curie.212-227-153-4.plesk.page\/hr\/wp-json\/wp\/v2\/comments?post=3690431"}],"version-history":[{"count":0,"href":"https:\/\/stoic-curie.212-227-153-4.plesk.page\/hr\/wp-json\/wp\/v2\/product\/3690431\/revisions"}],"wp:featuredmedia":[{"embeddable":true,"href":"https:\/\/stoic-curie.212-227-153-4.plesk.page\/hr\/wp-json\/wp\/v2\/media\/5943825"}],"wp:attachment":[{"href":"https:\/\/stoic-curie.212-227-153-4.plesk.page\/hr\/wp-json\/wp\/v2\/media?parent=3690431"}],"wp:term":[{"taxonomy":"product_brand","embeddable":true,"href":"https:\/\/stoic-curie.212-227-153-4.plesk.page\/hr\/wp-json\/wp\/v2\/product_brand?post=3690431"},{"taxonomy":"product_cat","embeddable":true,"href":"https:\/\/stoic-curie.212-227-153-4.plesk.page\/hr\/wp-json\/wp\/v2\/product_cat?post=3690431"},{"taxonomy":"product_tag","embeddable":true,"href":"https:\/\/stoic-curie.212-227-153-4.plesk.page\/hr\/wp-json\/wp\/v2\/product_tag?post=3690431"}],"curies":[{"name":"wp","href":"https:\/\/api.w.org\/{rel}","templated":true}]}}