{"id":3690432,"date":"2025-10-13T13:42:55","date_gmt":"2025-10-13T17:42:55","guid":{"rendered":"https:\/\/stoic-curie.212-227-153-4.plesk.page\/product\/jednostruki-koloturnik-master-windrider-29-mm-s-nosacem-za-konop-od-8-mm\/"},"modified":"2026-02-25T00:01:00","modified_gmt":"2026-02-25T00:01:00","slug":"jednostruki-koloturnik-master-windrider-29-mm-s-nosacem-za-konop-od-8-mm","status":"publish","type":"product","link":"https:\/\/stoic-curie.212-227-153-4.plesk.page\/hr\/product\/jednostruki-koloturnik-master-windrider-29-mm-s-nosacem-za-konop-od-8-mm\/","title":{"rendered":"Jednostruki koloturnik Master Windrider 29 mm s nosa\u010dem, za konop od 8 mm"},"content":{"rendered":"<p>Jednostruki koloturnik Master Windrider 29 mm s nosa\u010dem, za konop od 8 mm &#8211; <\/p>\n<p>Master kompozitne blokade s niskom trenjem dizajnirane su za natjecateljsko jedrenje. \u010cvrste kompozitne bo\u010dne plo\u010de pru\u017eaju vrhunske performanse pri radnim optere\u0107enjima. Lijep dizajn i jednostavna uporaba. Kugli\u010dni le\u017eajevi: samolubrikantni acetalni kompozit Promjer kolotura 29 mm: samolubrikantni acetalni kompozit Stranice: oja\u010dani nylon kompozit sa staklenim vlaknima, stabilizirani UV-om Okretna kuka: kovanog nehr\u0111aju\u0107eg \u010delika razreda 316 WL: Radno optere\u0107enje BL: Optere\u0107enje loma<\/p>\n","protected":false},"excerpt":{"rendered":"<p>Jednostruki koloturnik Master Windrider 29 mm s nosa\u010dem, za konop od 8 mm &#8211; Master kompozitne blokade s niskom trenjem<\/p>\n","protected":false},"featured_media":5943826,"comment_status":"closed","ping_status":"closed","template":"","meta":[],"product_brand":[3131],"product_cat":[1770],"product_tag":[],"class_list":{"0":"post-3690432","1":"product","2":"type-product","3":"status-publish","4":"has-post-thumbnail","6":"product_brand-master-hr","7":"product_cat-master-koloture-za-jedrilice","9":"first","10":"instock","11":"shipping-taxable","12":"purchasable","13":"product-type-simple"},"_links":{"self":[{"href":"https:\/\/stoic-curie.212-227-153-4.plesk.page\/hr\/wp-json\/wp\/v2\/product\/3690432","targetHints":{"allow":["GET"]}}],"collection":[{"href":"https:\/\/stoic-curie.212-227-153-4.plesk.page\/hr\/wp-json\/wp\/v2\/product"}],"about":[{"href":"https:\/\/stoic-curie.212-227-153-4.plesk.page\/hr\/wp-json\/wp\/v2\/types\/product"}],"replies":[{"embeddable":true,"href":"https:\/\/stoic-curie.212-227-153-4.plesk.page\/hr\/wp-json\/wp\/v2\/comments?post=3690432"}],"version-history":[{"count":0,"href":"https:\/\/stoic-curie.212-227-153-4.plesk.page\/hr\/wp-json\/wp\/v2\/product\/3690432\/revisions"}],"wp:featuredmedia":[{"embeddable":true,"href":"https:\/\/stoic-curie.212-227-153-4.plesk.page\/hr\/wp-json\/wp\/v2\/media\/5943826"}],"wp:attachment":[{"href":"https:\/\/stoic-curie.212-227-153-4.plesk.page\/hr\/wp-json\/wp\/v2\/media?parent=3690432"}],"wp:term":[{"taxonomy":"product_brand","embeddable":true,"href":"https:\/\/stoic-curie.212-227-153-4.plesk.page\/hr\/wp-json\/wp\/v2\/product_brand?post=3690432"},{"taxonomy":"product_cat","embeddable":true,"href":"https:\/\/stoic-curie.212-227-153-4.plesk.page\/hr\/wp-json\/wp\/v2\/product_cat?post=3690432"},{"taxonomy":"product_tag","embeddable":true,"href":"https:\/\/stoic-curie.212-227-153-4.plesk.page\/hr\/wp-json\/wp\/v2\/product_tag?post=3690432"}],"curies":[{"name":"wp","href":"https:\/\/api.w.org\/{rel}","templated":true}]}}