{"id":3690435,"date":"2025-10-13T13:42:56","date_gmt":"2025-10-13T17:42:56","guid":{"rendered":"https:\/\/stoic-curie.212-227-153-4.plesk.page\/product\/jednostruki-koloturnik-master-windrider-40-mm-za-konop-do-10-mm\/"},"modified":"2026-02-25T00:01:00","modified_gmt":"2026-02-25T00:01:00","slug":"jednostruki-koloturnik-master-windrider-40-mm-za-konop-do-10-mm","status":"publish","type":"product","link":"https:\/\/stoic-curie.212-227-153-4.plesk.page\/hr\/product\/jednostruki-koloturnik-master-windrider-40-mm-za-konop-do-10-mm\/","title":{"rendered":"Jednostruki koloturnik Master Windrider 40 mm za konop do 10 mm"},"content":{"rendered":"<p>Jednostruki koloturnik Master Windrider 40 mm za konop do 10 mm &#8211; <\/p>\n<p>Master kompozitne blokove sa niskim trenjem su dizajnirani za natjecateljsko jedrenje. Bo\u010dne plo\u010de od visokotla\u010dnog kompozita osiguravaju vrhunske performanse pri radnim optere\u0107enjima. Prekrasan dizajn i jednostavna upotreba. Kugli\u010dni le\u017eajevi: samolubrikantni acetalni kompozit. Promjer kolotura 40 mm: samolubrikantni acetalni kompozit. \u010celjusti: oja\u010dani kompozit od najlona i staklenih vlakana, stabiliziran UV zra\u010denjem. Okretna karika: kovani nehr\u0111aju\u0107i \u010delik razreda 316. WL: Radno optere\u0107enje BL: Optere\u0107enje prekida. NAPOMENA: Radno\/optere\u0107enje prekida blokova s kemijom temelji se na \u010dvrsto\u0107i kemije.<\/p>\n","protected":false},"excerpt":{"rendered":"<p>Jednostruki koloturnik Master Windrider 40 mm za konop do 10 mm &#8211; Master kompozitne blokove sa niskim trenjem su dizajnirani<\/p>\n","protected":false},"featured_media":5943831,"comment_status":"closed","ping_status":"closed","template":"","meta":[],"product_brand":[3131],"product_cat":[1770],"product_tag":[],"class_list":{"0":"post-3690435","1":"product","2":"type-product","3":"status-publish","4":"has-post-thumbnail","6":"product_brand-master-hr","7":"product_cat-master-koloture-za-jedrilice","9":"first","10":"instock","11":"shipping-taxable","12":"purchasable","13":"product-type-simple"},"_links":{"self":[{"href":"https:\/\/stoic-curie.212-227-153-4.plesk.page\/hr\/wp-json\/wp\/v2\/product\/3690435","targetHints":{"allow":["GET"]}}],"collection":[{"href":"https:\/\/stoic-curie.212-227-153-4.plesk.page\/hr\/wp-json\/wp\/v2\/product"}],"about":[{"href":"https:\/\/stoic-curie.212-227-153-4.plesk.page\/hr\/wp-json\/wp\/v2\/types\/product"}],"replies":[{"embeddable":true,"href":"https:\/\/stoic-curie.212-227-153-4.plesk.page\/hr\/wp-json\/wp\/v2\/comments?post=3690435"}],"version-history":[{"count":0,"href":"https:\/\/stoic-curie.212-227-153-4.plesk.page\/hr\/wp-json\/wp\/v2\/product\/3690435\/revisions"}],"wp:featuredmedia":[{"embeddable":true,"href":"https:\/\/stoic-curie.212-227-153-4.plesk.page\/hr\/wp-json\/wp\/v2\/media\/5943831"}],"wp:attachment":[{"href":"https:\/\/stoic-curie.212-227-153-4.plesk.page\/hr\/wp-json\/wp\/v2\/media?parent=3690435"}],"wp:term":[{"taxonomy":"product_brand","embeddable":true,"href":"https:\/\/stoic-curie.212-227-153-4.plesk.page\/hr\/wp-json\/wp\/v2\/product_brand?post=3690435"},{"taxonomy":"product_cat","embeddable":true,"href":"https:\/\/stoic-curie.212-227-153-4.plesk.page\/hr\/wp-json\/wp\/v2\/product_cat?post=3690435"},{"taxonomy":"product_tag","embeddable":true,"href":"https:\/\/stoic-curie.212-227-153-4.plesk.page\/hr\/wp-json\/wp\/v2\/product_tag?post=3690435"}],"curies":[{"name":"wp","href":"https:\/\/api.w.org\/{rel}","templated":true}]}}