{"id":3690436,"date":"2025-10-13T13:42:56","date_gmt":"2025-10-13T17:42:56","guid":{"rendered":"https:\/\/stoic-curie.212-227-153-4.plesk.page\/product\/koloturnik-jednostruki-s-granicnikom-master-windrider-40mm-za-konope-do-10mm\/"},"modified":"2026-02-25T00:01:00","modified_gmt":"2026-02-25T00:01:00","slug":"koloturnik-jednostruki-s-granicnikom-master-windrider-40mm-za-konope-do-10mm","status":"publish","type":"product","link":"https:\/\/stoic-curie.212-227-153-4.plesk.page\/hr\/product\/koloturnik-jednostruki-s-granicnikom-master-windrider-40mm-za-konope-do-10mm\/","title":{"rendered":"Koloturnik jednostruki s grani\u010dnikom Master Windrider 40mm za konope do 10mm"},"content":{"rendered":"<p>Koloturnik jednostruki s grani\u010dnikom Master Windrider 40mm za konope do 10mm &#8211; <\/p>\n<p>Master kompozitni niski trenje kugli\u010dni le\u017eajevi su dizajnirani za natjecateljsko jedrenje. Visoko \u010dvrsto kompozitne bo\u010dne plo\u010de osiguravaju vrhunske performanse pri radnim optere\u0107enjima. Prekrasan dizajn i jednostavna upotreba \u010dine ga savr\u0161enim izborom.<br \/>Kugli\u010dni le\u017eajevi: samolubrikantni acetalni kompozit.<br \/>Promjer kolotura 40 mm: samolubrikantni acetalni kompozit.<br \/>Bo\u010dne strane: oja\u010dani kompozitni nylon sa staklenim vlaknima, UV stabiliziran.<br \/>Okretni spoj: kovanog nehr\u0111aju\u0107eg \u010delika 316. razreda.<br \/>WL: Radno optere\u0107enje<br \/>BL: Optere\u0107enje loma<br \/>NAPOMENA: Radno\/optere\u0107enje loma blokova s steznikom temelji se na \u010dvrsto\u0107i steznika.<\/p>\n","protected":false},"excerpt":{"rendered":"<p>Koloturnik jednostruki s grani\u010dnikom Master Windrider 40mm za konope do 10mm &#8211; Master kompozitni niski trenje kugli\u010dni le\u017eajevi su dizajnirani<\/p>\n","protected":false},"featured_media":5943834,"comment_status":"closed","ping_status":"closed","template":"","meta":[],"product_brand":[3131],"product_cat":[1770],"product_tag":[],"class_list":{"0":"post-3690436","1":"product","2":"type-product","3":"status-publish","4":"has-post-thumbnail","6":"product_brand-master-hr","7":"product_cat-master-koloture-za-jedrilice","9":"first","10":"instock","11":"shipping-taxable","12":"purchasable","13":"product-type-simple"},"_links":{"self":[{"href":"https:\/\/stoic-curie.212-227-153-4.plesk.page\/hr\/wp-json\/wp\/v2\/product\/3690436","targetHints":{"allow":["GET"]}}],"collection":[{"href":"https:\/\/stoic-curie.212-227-153-4.plesk.page\/hr\/wp-json\/wp\/v2\/product"}],"about":[{"href":"https:\/\/stoic-curie.212-227-153-4.plesk.page\/hr\/wp-json\/wp\/v2\/types\/product"}],"replies":[{"embeddable":true,"href":"https:\/\/stoic-curie.212-227-153-4.plesk.page\/hr\/wp-json\/wp\/v2\/comments?post=3690436"}],"version-history":[{"count":0,"href":"https:\/\/stoic-curie.212-227-153-4.plesk.page\/hr\/wp-json\/wp\/v2\/product\/3690436\/revisions"}],"wp:featuredmedia":[{"embeddable":true,"href":"https:\/\/stoic-curie.212-227-153-4.plesk.page\/hr\/wp-json\/wp\/v2\/media\/5943834"}],"wp:attachment":[{"href":"https:\/\/stoic-curie.212-227-153-4.plesk.page\/hr\/wp-json\/wp\/v2\/media?parent=3690436"}],"wp:term":[{"taxonomy":"product_brand","embeddable":true,"href":"https:\/\/stoic-curie.212-227-153-4.plesk.page\/hr\/wp-json\/wp\/v2\/product_brand?post=3690436"},{"taxonomy":"product_cat","embeddable":true,"href":"https:\/\/stoic-curie.212-227-153-4.plesk.page\/hr\/wp-json\/wp\/v2\/product_cat?post=3690436"},{"taxonomy":"product_tag","embeddable":true,"href":"https:\/\/stoic-curie.212-227-153-4.plesk.page\/hr\/wp-json\/wp\/v2\/product_tag?post=3690436"}],"curies":[{"name":"wp","href":"https:\/\/api.w.org\/{rel}","templated":true}]}}