{"id":3690437,"date":"2025-10-13T13:42:56","date_gmt":"2025-10-13T17:42:56","guid":{"rendered":"https:\/\/stoic-curie.212-227-153-4.plesk.page\/product\/vertikalni-koloturnik-master-windrider-40-mm-za-konop-do-10-mm\/"},"modified":"2026-02-25T00:01:00","modified_gmt":"2026-02-25T00:01:00","slug":"vertikalni-koloturnik-master-windrider-40-mm-za-konop-do-10-mm","status":"publish","type":"product","link":"https:\/\/stoic-curie.212-227-153-4.plesk.page\/hr\/product\/vertikalni-koloturnik-master-windrider-40-mm-za-konop-do-10-mm\/","title":{"rendered":"Vertikalni koloturnik Master Windrider 40 mm za konop do 10 mm"},"content":{"rendered":"<p>Vertikalni koloturnik Master Windrider 40 mm za konop do 10 mm &#8211; <\/p>\n<p>Master kompozitni blokovi le\u017eajeva s niskim trenjem osmi\u0161ljeni su za natjecateljsko jedrenje. Bo\u010dne plo\u010de od visoko jakog kompozita pru\u017eaju vrhunske performanse pri radnim optere\u0107enjima. Prekrasan dizajn i jednostavna upotreba \u010dine ih posebno privla\u010dnima. Le\u017eajevi: samolubrikantni acetalni kompozit. Promjer bubnja 40 mm: samolubrikantni acetalni kompozit. Stranice: oja\u010dani nylon kompozit s vlaknima od stakla, UV stabiliziran. Rotiraju\u0107a om\u010da: kovana nehr\u0111aju\u0107i \u010delik razreda 316. WL: Radno optere\u0107enje. BL: Odlomno optere\u0107enje. NAPOMENA: Radno\/odlomno optere\u0107enje blokova s klemom temelji se na \u010dvrsto\u0107i kleme.<\/p>\n","protected":false},"excerpt":{"rendered":"<p>Vertikalni koloturnik Master Windrider 40 mm za konop do 10 mm &#8211; Master kompozitni blokovi le\u017eajeva s niskim trenjem osmi\u0161ljeni<\/p>\n","protected":false},"featured_media":5943836,"comment_status":"closed","ping_status":"closed","template":"","meta":[],"product_brand":[3131],"product_cat":[1770,1760],"product_tag":[],"class_list":{"0":"post-3690437","1":"product","2":"type-product","3":"status-publish","4":"has-post-thumbnail","6":"product_brand-master-hr","7":"product_cat-master-koloture-za-jedrilice","8":"product_cat-palubni-organizatori-za-jedrilice","10":"first","11":"instock","12":"shipping-taxable","13":"purchasable","14":"product-type-simple"},"_links":{"self":[{"href":"https:\/\/stoic-curie.212-227-153-4.plesk.page\/hr\/wp-json\/wp\/v2\/product\/3690437","targetHints":{"allow":["GET"]}}],"collection":[{"href":"https:\/\/stoic-curie.212-227-153-4.plesk.page\/hr\/wp-json\/wp\/v2\/product"}],"about":[{"href":"https:\/\/stoic-curie.212-227-153-4.plesk.page\/hr\/wp-json\/wp\/v2\/types\/product"}],"replies":[{"embeddable":true,"href":"https:\/\/stoic-curie.212-227-153-4.plesk.page\/hr\/wp-json\/wp\/v2\/comments?post=3690437"}],"version-history":[{"count":0,"href":"https:\/\/stoic-curie.212-227-153-4.plesk.page\/hr\/wp-json\/wp\/v2\/product\/3690437\/revisions"}],"wp:featuredmedia":[{"embeddable":true,"href":"https:\/\/stoic-curie.212-227-153-4.plesk.page\/hr\/wp-json\/wp\/v2\/media\/5943836"}],"wp:attachment":[{"href":"https:\/\/stoic-curie.212-227-153-4.plesk.page\/hr\/wp-json\/wp\/v2\/media?parent=3690437"}],"wp:term":[{"taxonomy":"product_brand","embeddable":true,"href":"https:\/\/stoic-curie.212-227-153-4.plesk.page\/hr\/wp-json\/wp\/v2\/product_brand?post=3690437"},{"taxonomy":"product_cat","embeddable":true,"href":"https:\/\/stoic-curie.212-227-153-4.plesk.page\/hr\/wp-json\/wp\/v2\/product_cat?post=3690437"},{"taxonomy":"product_tag","embeddable":true,"href":"https:\/\/stoic-curie.212-227-153-4.plesk.page\/hr\/wp-json\/wp\/v2\/product_tag?post=3690437"}],"curies":[{"name":"wp","href":"https:\/\/api.w.org\/{rel}","templated":true}]}}