{"id":3690438,"date":"2025-10-13T13:42:56","date_gmt":"2025-10-13T17:42:56","guid":{"rendered":"https:\/\/stoic-curie.212-227-153-4.plesk.page\/product\/koloturnik-master-windrider-jednostruki-57-mm-konop-do-10-mm\/"},"modified":"2026-02-25T00:01:00","modified_gmt":"2026-02-25T00:01:00","slug":"koloturnik-master-windrider-jednostruki-57-mm-konop-do-10-mm","status":"publish","type":"product","link":"https:\/\/stoic-curie.212-227-153-4.plesk.page\/hr\/product\/koloturnik-master-windrider-jednostruki-57-mm-konop-do-10-mm\/","title":{"rendered":"Koloturnik Master Windrider jednostruki 57 mm, konop do 10 mm"},"content":{"rendered":"<p>Koloturnik Master Windrider jednostruki 57 mm, konop do 10 mm &#8211; <\/p>\n<p>Master kompozitni blokovi sa niskim trenjem su dizajnirani za natjecateljsko jedrenje. Visoko jaka kompozitna bo\u010dna plo\u010da osigurava vrhunske performanse pod radnim optere\u0107enjima. Prekrasan dizajn i jednostavna upotreba. Kugli\u010dni le\u017eajevi: samopodmazuju\u0107i acetalni kompozit. Promjer kolotura 57 mm: samopodmazuju\u0107i acetalni kompozit. Strane: oja\u010dani kompozit od staklenih vlakana i najlona stabiliziranih UV zra\u010denjem. Rotiraju\u0107i u\u017ee: Forged Grade 316 nehr\u0111aju\u0107i \u010delik. WL: Radno optere\u0107enje. BL: Raskidno optere\u0107enje. NAPOMENA: Radno\/raskidno optere\u0107enje blokova s kamenom temelji se na \u010dvrsto\u0107i kamena.<\/p>\n","protected":false},"excerpt":{"rendered":"<p>Koloturnik Master Windrider jednostruki 57 mm, konop do 10 mm &#8211; Master kompozitni blokovi sa niskim trenjem su dizajnirani za<\/p>\n","protected":false},"featured_media":5943841,"comment_status":"closed","ping_status":"closed","template":"","meta":[],"product_brand":[3131],"product_cat":[1770],"product_tag":[],"class_list":{"0":"post-3690438","1":"product","2":"type-product","3":"status-publish","4":"has-post-thumbnail","6":"product_brand-master-hr","7":"product_cat-master-koloture-za-jedrilice","9":"first","10":"instock","11":"shipping-taxable","12":"purchasable","13":"product-type-simple"},"_links":{"self":[{"href":"https:\/\/stoic-curie.212-227-153-4.plesk.page\/hr\/wp-json\/wp\/v2\/product\/3690438","targetHints":{"allow":["GET"]}}],"collection":[{"href":"https:\/\/stoic-curie.212-227-153-4.plesk.page\/hr\/wp-json\/wp\/v2\/product"}],"about":[{"href":"https:\/\/stoic-curie.212-227-153-4.plesk.page\/hr\/wp-json\/wp\/v2\/types\/product"}],"replies":[{"embeddable":true,"href":"https:\/\/stoic-curie.212-227-153-4.plesk.page\/hr\/wp-json\/wp\/v2\/comments?post=3690438"}],"version-history":[{"count":0,"href":"https:\/\/stoic-curie.212-227-153-4.plesk.page\/hr\/wp-json\/wp\/v2\/product\/3690438\/revisions"}],"wp:featuredmedia":[{"embeddable":true,"href":"https:\/\/stoic-curie.212-227-153-4.plesk.page\/hr\/wp-json\/wp\/v2\/media\/5943841"}],"wp:attachment":[{"href":"https:\/\/stoic-curie.212-227-153-4.plesk.page\/hr\/wp-json\/wp\/v2\/media?parent=3690438"}],"wp:term":[{"taxonomy":"product_brand","embeddable":true,"href":"https:\/\/stoic-curie.212-227-153-4.plesk.page\/hr\/wp-json\/wp\/v2\/product_brand?post=3690438"},{"taxonomy":"product_cat","embeddable":true,"href":"https:\/\/stoic-curie.212-227-153-4.plesk.page\/hr\/wp-json\/wp\/v2\/product_cat?post=3690438"},{"taxonomy":"product_tag","embeddable":true,"href":"https:\/\/stoic-curie.212-227-153-4.plesk.page\/hr\/wp-json\/wp\/v2\/product_tag?post=3690438"}],"curies":[{"name":"wp","href":"https:\/\/api.w.org\/{rel}","templated":true}]}}