{"id":3690439,"date":"2025-10-13T13:42:57","date_gmt":"2025-10-13T17:42:57","guid":{"rendered":"https:\/\/stoic-curie.212-227-153-4.plesk.page\/product\/koloturnik-master-jednostruki-60-mm-za-konop-do-12-mm\/"},"modified":"2026-02-25T00:01:00","modified_gmt":"2026-02-25T00:01:00","slug":"koloturnik-master-jednostruki-60-mm-za-konop-do-12-mm","status":"publish","type":"product","link":"https:\/\/stoic-curie.212-227-153-4.plesk.page\/hr\/product\/koloturnik-master-jednostruki-60-mm-za-konop-do-12-mm\/","title":{"rendered":"Koloturnik Master jednostruki 60 mm za konop do 12 mm"},"content":{"rendered":"<p>Koloturnik Master jednostruki 60 mm za konop do 12 mm &#8211; <\/p>\n<p>Master klizni le\u017eajevi dizajnirani za laganu, \u010dvrstu i superiornu rukovu. Izra\u0111eni su od vlaknima oja\u010danog najlona kako bi pru\u017eili \u010dvrsto\u0107u nalik metalu. Samolubriciraju\u0107a koloturnik smanjuje trenje i pove\u0107ava u\u010dinkovitost. Klizni le\u017eaj od nehr\u0111aju\u0107eg \u010delika 316 omogu\u0107uje glatku rotaciju, \u0161to pomorcima olak\u0161ava prijenos snage i smanjuje tro\u0161enje u\u017eeta. Klizni le\u017eaj: Nehr\u0111aju\u0107i \u010delik 316 Promjer koloturnika 60 mm: samolubriciraju\u0107i acetalni kompozit \u010celjusti: oja\u010dani kompozit od najlona i staklenih vlakana, stabiliziran UV-om Rotiraju\u0107i \u0161akal: kovanog nehr\u0111aju\u0107eg \u010delika razreda 316 WL: Radno optere\u0107enje BL: Raskidno optere\u0107enje NAPOMENA: Radno\/raskidno optere\u0107enje blokova s kamom temelji se na \u010dvrsto\u0107i kame.<\/p>\n","protected":false},"excerpt":{"rendered":"<p>Koloturnik Master jednostruki 60 mm za konop do 12 mm &#8211; Master klizni le\u017eajevi dizajnirani za laganu, \u010dvrstu i superiornu<\/p>\n","protected":false},"featured_media":5943854,"comment_status":"closed","ping_status":"closed","template":"","meta":[],"product_brand":[3131],"product_cat":[1770],"product_tag":[],"class_list":{"0":"post-3690439","1":"product","2":"type-product","3":"status-publish","4":"has-post-thumbnail","6":"product_brand-master-hr","7":"product_cat-master-koloture-za-jedrilice","9":"first","10":"instock","11":"shipping-taxable","12":"purchasable","13":"product-type-simple"},"_links":{"self":[{"href":"https:\/\/stoic-curie.212-227-153-4.plesk.page\/hr\/wp-json\/wp\/v2\/product\/3690439","targetHints":{"allow":["GET"]}}],"collection":[{"href":"https:\/\/stoic-curie.212-227-153-4.plesk.page\/hr\/wp-json\/wp\/v2\/product"}],"about":[{"href":"https:\/\/stoic-curie.212-227-153-4.plesk.page\/hr\/wp-json\/wp\/v2\/types\/product"}],"replies":[{"embeddable":true,"href":"https:\/\/stoic-curie.212-227-153-4.plesk.page\/hr\/wp-json\/wp\/v2\/comments?post=3690439"}],"version-history":[{"count":0,"href":"https:\/\/stoic-curie.212-227-153-4.plesk.page\/hr\/wp-json\/wp\/v2\/product\/3690439\/revisions"}],"wp:featuredmedia":[{"embeddable":true,"href":"https:\/\/stoic-curie.212-227-153-4.plesk.page\/hr\/wp-json\/wp\/v2\/media\/5943854"}],"wp:attachment":[{"href":"https:\/\/stoic-curie.212-227-153-4.plesk.page\/hr\/wp-json\/wp\/v2\/media?parent=3690439"}],"wp:term":[{"taxonomy":"product_brand","embeddable":true,"href":"https:\/\/stoic-curie.212-227-153-4.plesk.page\/hr\/wp-json\/wp\/v2\/product_brand?post=3690439"},{"taxonomy":"product_cat","embeddable":true,"href":"https:\/\/stoic-curie.212-227-153-4.plesk.page\/hr\/wp-json\/wp\/v2\/product_cat?post=3690439"},{"taxonomy":"product_tag","embeddable":true,"href":"https:\/\/stoic-curie.212-227-153-4.plesk.page\/hr\/wp-json\/wp\/v2\/product_tag?post=3690439"}],"curies":[{"name":"wp","href":"https:\/\/api.w.org\/{rel}","templated":true}]}}