{"id":3690440,"date":"2025-10-13T13:42:57","date_gmt":"2025-10-13T17:42:57","guid":{"rendered":"https:\/\/stoic-curie.212-227-153-4.plesk.page\/product\/koloturnik-jednostruki-s-granicnikom-master-60mm-za-konope-do-12mm\/"},"modified":"2026-02-25T00:01:00","modified_gmt":"2026-02-25T00:01:00","slug":"koloturnik-jednostruki-s-granicnikom-master-60mm-za-konope-do-12mm","status":"publish","type":"product","link":"https:\/\/stoic-curie.212-227-153-4.plesk.page\/hr\/product\/koloturnik-jednostruki-s-granicnikom-master-60mm-za-konope-do-12mm\/","title":{"rendered":"Koloturnik jednostruki s grani\u010dnikom Master 60mm za konope do 12mm"},"content":{"rendered":"<p>Koloturnik jednostruki s grani\u010dnikom Master 60mm za konope do 12mm &#8211; <\/p>\n<p>Master ravne le\u017eajne blokove izra\u0111ene za laganost, snagu i superiorno upravljanje. Izra\u0111eni od najlona oja\u010danog staklenim vlaknima kako bi pru\u017eili \u010dvrsto\u0107u sli\u010dnu metalu. Samolubriraju\u0107a kolotura smanjuje trenje i pove\u0107ava efikasnost. Ravne le\u017eajevi od nehr\u0111aju\u0107eg \u010delika 316 omogu\u0107uju glatku rotaciju, \u0161to mornarima olak\u0161ava prijenos snage i smanjuje tro\u0161enje u\u017eeta. Ravni le\u017eaj: nehr\u0111aju\u0107i \u010delik 316 Promjer koloture 60 mm: samolubriraju\u0107i acetalni kompozit Bo\u010dne stijenke: armirani kompozit od najlona sa staklenim vlaknima stabiliziran UV zra\u010denjem Okretni u\u017ee: kovani nehr\u0111aju\u0107i \u010delik stupnja 316 WL: Radna optere\u0107enja BL: Optere\u0107enje pucanja NAPOMENA: Radno\/pukovinsko optere\u0107enje blokova s kamerom temelji se na \u010dvrsto\u0107i kamere.<\/p>\n","protected":false},"excerpt":{"rendered":"<p>Koloturnik jednostruki s grani\u010dnikom Master 60mm za konope do 12mm &#8211; Master ravne le\u017eajne blokove izra\u0111ene za laganost, snagu i<\/p>\n","protected":false},"featured_media":5943855,"comment_status":"closed","ping_status":"closed","template":"","meta":[],"product_brand":[3131],"product_cat":[1770],"product_tag":[],"class_list":{"0":"post-3690440","1":"product","2":"type-product","3":"status-publish","4":"has-post-thumbnail","6":"product_brand-master-hr","7":"product_cat-master-koloture-za-jedrilice","9":"first","10":"instock","11":"shipping-taxable","12":"purchasable","13":"product-type-simple"},"_links":{"self":[{"href":"https:\/\/stoic-curie.212-227-153-4.plesk.page\/hr\/wp-json\/wp\/v2\/product\/3690440","targetHints":{"allow":["GET"]}}],"collection":[{"href":"https:\/\/stoic-curie.212-227-153-4.plesk.page\/hr\/wp-json\/wp\/v2\/product"}],"about":[{"href":"https:\/\/stoic-curie.212-227-153-4.plesk.page\/hr\/wp-json\/wp\/v2\/types\/product"}],"replies":[{"embeddable":true,"href":"https:\/\/stoic-curie.212-227-153-4.plesk.page\/hr\/wp-json\/wp\/v2\/comments?post=3690440"}],"version-history":[{"count":0,"href":"https:\/\/stoic-curie.212-227-153-4.plesk.page\/hr\/wp-json\/wp\/v2\/product\/3690440\/revisions"}],"wp:featuredmedia":[{"embeddable":true,"href":"https:\/\/stoic-curie.212-227-153-4.plesk.page\/hr\/wp-json\/wp\/v2\/media\/5943855"}],"wp:attachment":[{"href":"https:\/\/stoic-curie.212-227-153-4.plesk.page\/hr\/wp-json\/wp\/v2\/media?parent=3690440"}],"wp:term":[{"taxonomy":"product_brand","embeddable":true,"href":"https:\/\/stoic-curie.212-227-153-4.plesk.page\/hr\/wp-json\/wp\/v2\/product_brand?post=3690440"},{"taxonomy":"product_cat","embeddable":true,"href":"https:\/\/stoic-curie.212-227-153-4.plesk.page\/hr\/wp-json\/wp\/v2\/product_cat?post=3690440"},{"taxonomy":"product_tag","embeddable":true,"href":"https:\/\/stoic-curie.212-227-153-4.plesk.page\/hr\/wp-json\/wp\/v2\/product_tag?post=3690440"}],"curies":[{"name":"wp","href":"https:\/\/api.w.org\/{rel}","templated":true}]}}