{"id":3690441,"date":"2025-10-13T13:42:57","date_gmt":"2025-10-13T17:42:57","guid":{"rendered":"https:\/\/stoic-curie.212-227-153-4.plesk.page\/product\/jednostruki-koloturnik-master-50-mm-s-nosacem-za-konope-od-10-mm\/"},"modified":"2026-02-25T00:01:00","modified_gmt":"2026-02-25T00:01:00","slug":"jednostruki-koloturnik-master-50-mm-s-nosacem-za-konope-od-10-mm","status":"publish","type":"product","link":"https:\/\/stoic-curie.212-227-153-4.plesk.page\/hr\/product\/jednostruki-koloturnik-master-50-mm-s-nosacem-za-konope-od-10-mm\/","title":{"rendered":"Jednostruki koloturnik Master 50 mm s nosa\u010dem, za konope od 10 mm"},"content":{"rendered":"<p>Jednostruki koloturnik Master 50 mm s nosa\u010dem, za konope od 10 mm &#8211; <\/p>\n<p>Master jednostavni le\u017eajni blokovi dizajnirani za laganost, snagu i izvrsnu rukovanje. Izra\u0111eni od najlona oja\u010danog staklenim vlaknima, pru\u017eaju\u0107i \u010dvrsto\u0107u sli\u010dnu metalu. Samo podmazana kota\u010di\u0107 smanjuje trenje i pove\u0107ava u\u010dinkovitost. Jednostavni le\u017eaj od nehr\u0111aju\u0107eg \u010delika 316 omogu\u0107uje glatku rotaciju, olak\u0161avaju\u0107i jedrili\u010darima prijenos snage i smanjuju\u0107i tro\u0161enje u\u017eeta. Jednostavni le\u017eaj: nehr\u0111aju\u0107i \u010delik 316 Promjer kota\u010di\u0107a 50 mm: samo podmazani acetalni kompozit Stranice: oja\u010dani kompozit staklenih vlakana nylon stabiliziran UV zrakama Zglobna kop\u010da: kovani nehr\u0111aju\u0107i \u010delik razreda 316 WL: Radno optere\u0107enje BL: Optere\u0107enje prekida\u010da NAPOMENA: Radno\/optere\u0107enje prekida\u010da blokova s kamenom temelji se na \u010dvrsto\u0107i kamena.<\/p>\n","protected":false},"excerpt":{"rendered":"<p>Jednostruki koloturnik Master 50 mm s nosa\u010dem, za konope od 10 mm &#8211; Master jednostavni le\u017eajni blokovi dizajnirani za laganost,<\/p>\n","protected":false},"featured_media":5943856,"comment_status":"closed","ping_status":"closed","template":"","meta":[],"product_brand":[3131],"product_cat":[1770],"product_tag":[],"class_list":{"0":"post-3690441","1":"product","2":"type-product","3":"status-publish","4":"has-post-thumbnail","6":"product_brand-master-hr","7":"product_cat-master-koloture-za-jedrilice","9":"first","10":"instock","11":"shipping-taxable","12":"purchasable","13":"product-type-simple"},"_links":{"self":[{"href":"https:\/\/stoic-curie.212-227-153-4.plesk.page\/hr\/wp-json\/wp\/v2\/product\/3690441","targetHints":{"allow":["GET"]}}],"collection":[{"href":"https:\/\/stoic-curie.212-227-153-4.plesk.page\/hr\/wp-json\/wp\/v2\/product"}],"about":[{"href":"https:\/\/stoic-curie.212-227-153-4.plesk.page\/hr\/wp-json\/wp\/v2\/types\/product"}],"replies":[{"embeddable":true,"href":"https:\/\/stoic-curie.212-227-153-4.plesk.page\/hr\/wp-json\/wp\/v2\/comments?post=3690441"}],"version-history":[{"count":0,"href":"https:\/\/stoic-curie.212-227-153-4.plesk.page\/hr\/wp-json\/wp\/v2\/product\/3690441\/revisions"}],"wp:featuredmedia":[{"embeddable":true,"href":"https:\/\/stoic-curie.212-227-153-4.plesk.page\/hr\/wp-json\/wp\/v2\/media\/5943856"}],"wp:attachment":[{"href":"https:\/\/stoic-curie.212-227-153-4.plesk.page\/hr\/wp-json\/wp\/v2\/media?parent=3690441"}],"wp:term":[{"taxonomy":"product_brand","embeddable":true,"href":"https:\/\/stoic-curie.212-227-153-4.plesk.page\/hr\/wp-json\/wp\/v2\/product_brand?post=3690441"},{"taxonomy":"product_cat","embeddable":true,"href":"https:\/\/stoic-curie.212-227-153-4.plesk.page\/hr\/wp-json\/wp\/v2\/product_cat?post=3690441"},{"taxonomy":"product_tag","embeddable":true,"href":"https:\/\/stoic-curie.212-227-153-4.plesk.page\/hr\/wp-json\/wp\/v2\/product_tag?post=3690441"}],"curies":[{"name":"wp","href":"https:\/\/api.w.org\/{rel}","templated":true}]}}