{"id":3690442,"date":"2025-10-13T13:42:58","date_gmt":"2025-10-13T17:42:58","guid":{"rendered":"https:\/\/stoic-curie.212-227-153-4.plesk.page\/product\/koloturnik-master-50-mm-jednostruki-s-nosacem-za-konop-do-10-mm\/"},"modified":"2026-02-25T00:01:00","modified_gmt":"2026-02-25T00:01:00","slug":"koloturnik-master-50-mm-jednostruki-s-nosacem-za-konop-do-10-mm","status":"publish","type":"product","link":"https:\/\/stoic-curie.212-227-153-4.plesk.page\/hr\/product\/koloturnik-master-50-mm-jednostruki-s-nosacem-za-konop-do-10-mm\/","title":{"rendered":"Koloturnik Master 50 mm jednostruki s nosa\u010dem za konop do 10 mm"},"content":{"rendered":"<p>Koloturnik Master 50 mm jednostruki s nosa\u010dem za konop do 10 mm &#8211; <\/p>\n<p>Majstorski le\u017eajni blokovi dizajnirani za laganu te\u017einu, snagu i vrhunsko rukovanje. Izra\u0111eni od najlona oja\u010danog staklenim vlaknima koji pru\u017ea \u010dvrsto\u0107u sli\u010dnu metalu. Samo podmazuju\u0107e koloture smanjuju trenje i pove\u0107avaju u\u010dinkovitost. Le\u017eaj od nehr\u0111aju\u0107eg \u010delika 316 omogu\u0107uje glatku rotaciju, olak\u0161avaju\u0107i navigatorima prijenos snage uz manju potro\u0161nju u\u017eeta. Le\u017eaj: nehr\u0111aju\u0107i \u010delik 316. Promjer koloture 50 mm: samo podmazivani acetalski kompozit. Bo\u010dne strane: oja\u010dani kompozit od najlona sa staklenim vlaknima, otporan na UV svjetlost. Okretni kuk: forgirani nehr\u0111aju\u0107i \u010delik razreda 316. WL: radno optere\u0107enje. BL: prekidno optere\u0107enje. NAPOMENA: Radno\/prekidno optere\u0107enje blokova s maticom temelji se na snazi vrata.<\/p>\n","protected":false},"excerpt":{"rendered":"<p>Koloturnik Master 50 mm jednostruki s nosa\u010dem za konop do 10 mm &#8211; Majstorski le\u017eajni blokovi dizajnirani za laganu te\u017einu,<\/p>\n","protected":false},"featured_media":5943862,"comment_status":"closed","ping_status":"closed","template":"","meta":[],"product_brand":[3131],"product_cat":[1770],"product_tag":[],"class_list":{"0":"post-3690442","1":"product","2":"type-product","3":"status-publish","4":"has-post-thumbnail","6":"product_brand-master-hr","7":"product_cat-master-koloture-za-jedrilice","9":"first","10":"outofstock","11":"shipping-taxable","12":"purchasable","13":"product-type-simple"},"_links":{"self":[{"href":"https:\/\/stoic-curie.212-227-153-4.plesk.page\/hr\/wp-json\/wp\/v2\/product\/3690442","targetHints":{"allow":["GET"]}}],"collection":[{"href":"https:\/\/stoic-curie.212-227-153-4.plesk.page\/hr\/wp-json\/wp\/v2\/product"}],"about":[{"href":"https:\/\/stoic-curie.212-227-153-4.plesk.page\/hr\/wp-json\/wp\/v2\/types\/product"}],"replies":[{"embeddable":true,"href":"https:\/\/stoic-curie.212-227-153-4.plesk.page\/hr\/wp-json\/wp\/v2\/comments?post=3690442"}],"version-history":[{"count":0,"href":"https:\/\/stoic-curie.212-227-153-4.plesk.page\/hr\/wp-json\/wp\/v2\/product\/3690442\/revisions"}],"wp:featuredmedia":[{"embeddable":true,"href":"https:\/\/stoic-curie.212-227-153-4.plesk.page\/hr\/wp-json\/wp\/v2\/media\/5943862"}],"wp:attachment":[{"href":"https:\/\/stoic-curie.212-227-153-4.plesk.page\/hr\/wp-json\/wp\/v2\/media?parent=3690442"}],"wp:term":[{"taxonomy":"product_brand","embeddable":true,"href":"https:\/\/stoic-curie.212-227-153-4.plesk.page\/hr\/wp-json\/wp\/v2\/product_brand?post=3690442"},{"taxonomy":"product_cat","embeddable":true,"href":"https:\/\/stoic-curie.212-227-153-4.plesk.page\/hr\/wp-json\/wp\/v2\/product_cat?post=3690442"},{"taxonomy":"product_tag","embeddable":true,"href":"https:\/\/stoic-curie.212-227-153-4.plesk.page\/hr\/wp-json\/wp\/v2\/product_tag?post=3690442"}],"curies":[{"name":"wp","href":"https:\/\/api.w.org\/{rel}","templated":true}]}}