{"id":3690443,"date":"2025-10-13T13:42:58","date_gmt":"2025-10-13T17:42:58","guid":{"rendered":"https:\/\/stoic-curie.212-227-153-4.plesk.page\/product\/koloturnik-master-violinski-50-mm-za-konop-do-10-mm\/"},"modified":"2026-02-25T00:01:00","modified_gmt":"2026-02-25T00:01:00","slug":"koloturnik-master-violinski-50-mm-za-konop-do-10-mm","status":"publish","type":"product","link":"https:\/\/stoic-curie.212-227-153-4.plesk.page\/hr\/product\/koloturnik-master-violinski-50-mm-za-konop-do-10-mm\/","title":{"rendered":"Koloturnik Master violinski 50 mm za konop do 10 mm"},"content":{"rendered":"<p>Koloturnik Master violinski 50 mm za konop do 10 mm &#8211; <\/p>\n<p> Master blokovi s ravnim le\u017eajem dizajnirani su za laganost, \u010dvrsto\u0107u i superiornu upravljivost. Napravljeni su od najlona oja\u010danog staklenim vlaknima kako bi pru\u017eili \u010dvrsto\u0107u sli\u010dnu metalu. Samo-lube kota\u010di\u0107 smanjuje trenje i pove\u0107ava u\u010dinkovitost. Ravni le\u017eaj od 316 nehr\u0111aju\u0107eg \u010delika omogu\u0107ava glatku rotaciju, \u0161to olak\u0161ava prijenos snage jedrili\u010darima i smanjuje habanje u\u017eeta. Ravan le\u017eaj: 316 nehr\u0111aju\u0107i \u010delik Promjer kota\u010di\u0107a 50 mm: samo-lube acetalni kompozit Oslonci: oja\u010dani kompozit od najlona za staklena vlakna UV stabiliziran Rotiraju\u0107i kuk: Kovan 316 nehr\u0111aju\u0107i \u010delik WL: Radno optere\u0107enje BL: Optere\u0107enje pri lomu NAPOMENA: Radno\/optere\u0107enje blokova s kamerom temelji se na \u010dvrsto\u0107i kamere.<\/p>\n","protected":false},"excerpt":{"rendered":"<p>Koloturnik Master violinski 50 mm za konop do 10 mm &#8211; Master blokovi s ravnim le\u017eajem dizajnirani su za laganost,<\/p>\n","protected":false},"featured_media":5943863,"comment_status":"closed","ping_status":"closed","template":"","meta":[],"product_brand":[3131],"product_cat":[1770],"product_tag":[],"class_list":{"0":"post-3690443","1":"product","2":"type-product","3":"status-publish","4":"has-post-thumbnail","6":"product_brand-master-hr","7":"product_cat-master-koloture-za-jedrilice","9":"first","10":"instock","11":"shipping-taxable","12":"purchasable","13":"product-type-simple"},"_links":{"self":[{"href":"https:\/\/stoic-curie.212-227-153-4.plesk.page\/hr\/wp-json\/wp\/v2\/product\/3690443","targetHints":{"allow":["GET"]}}],"collection":[{"href":"https:\/\/stoic-curie.212-227-153-4.plesk.page\/hr\/wp-json\/wp\/v2\/product"}],"about":[{"href":"https:\/\/stoic-curie.212-227-153-4.plesk.page\/hr\/wp-json\/wp\/v2\/types\/product"}],"replies":[{"embeddable":true,"href":"https:\/\/stoic-curie.212-227-153-4.plesk.page\/hr\/wp-json\/wp\/v2\/comments?post=3690443"}],"version-history":[{"count":0,"href":"https:\/\/stoic-curie.212-227-153-4.plesk.page\/hr\/wp-json\/wp\/v2\/product\/3690443\/revisions"}],"wp:featuredmedia":[{"embeddable":true,"href":"https:\/\/stoic-curie.212-227-153-4.plesk.page\/hr\/wp-json\/wp\/v2\/media\/5943863"}],"wp:attachment":[{"href":"https:\/\/stoic-curie.212-227-153-4.plesk.page\/hr\/wp-json\/wp\/v2\/media?parent=3690443"}],"wp:term":[{"taxonomy":"product_brand","embeddable":true,"href":"https:\/\/stoic-curie.212-227-153-4.plesk.page\/hr\/wp-json\/wp\/v2\/product_brand?post=3690443"},{"taxonomy":"product_cat","embeddable":true,"href":"https:\/\/stoic-curie.212-227-153-4.plesk.page\/hr\/wp-json\/wp\/v2\/product_cat?post=3690443"},{"taxonomy":"product_tag","embeddable":true,"href":"https:\/\/stoic-curie.212-227-153-4.plesk.page\/hr\/wp-json\/wp\/v2\/product_tag?post=3690443"}],"curies":[{"name":"wp","href":"https:\/\/api.w.org\/{rel}","templated":true}]}}