{"id":3690444,"date":"2025-10-13T13:42:58","date_gmt":"2025-10-13T17:42:58","guid":{"rendered":"https:\/\/stoic-curie.212-227-153-4.plesk.page\/product\/violinska-kolotura-s-nosacem-master-50mm-za-konop-do-10mm\/"},"modified":"2026-02-25T00:01:00","modified_gmt":"2026-02-25T00:01:00","slug":"violinska-kolotura-s-nosacem-master-50mm-za-konop-do-10mm","status":"publish","type":"product","link":"https:\/\/stoic-curie.212-227-153-4.plesk.page\/hr\/product\/violinska-kolotura-s-nosacem-master-50mm-za-konop-do-10mm\/","title":{"rendered":"Violinska kolotura s nosa\u010dem Master, 50mm za konop do 10mm"},"content":{"rendered":"<p>Violinska kolotura s nosa\u010dem Master, 50mm za konop do 10mm &#8211; <\/p>\n<p>Master blokovi ravnog le\u017eaja dizajnirani za laganu, \u010dvrstu i superiornu upravljivost. Izra\u0111eni od najlona oja\u010danog staklenim vlaknima kako bi pru\u017eili \u010dvrsto\u0107u sli\u010dnu metalu. Samo podmazivanje remenice smanjuje trenje i pove\u0107ava u\u010dinkovitost. Ravni le\u017eaj od nehr\u0111aju\u0107eg \u010delika 316 omogu\u0107uje glatku rotaciju kako bi jedrili\u010dari lak\u0161e prenosili snagu i smanjili tro\u0161enje u\u017eeta. Ravni le\u017eaj: nehr\u0111aju\u0107i \u010delik 316 Promjer remenice 50 mm: samopodmazivaju\u0107i acetalski kompozit Bo\u010dne strane: oja\u010dani kompozit najlona sa staklenim vlaknima stabiliziran UV zra\u010denjem Rotacioni kavelj: kovanog \u010delika kvalitete 316 WL: Radno optere\u0107enje BL: Razorno optere\u0107enje NAPOMENA: Radno\/razorno optere\u0107enje blokova s kamenom temelji se na \u010dvrsto\u0107i kamena.<\/p>\n","protected":false},"excerpt":{"rendered":"<p>Violinska kolotura s nosa\u010dem Master, 50mm za konop do 10mm &#8211; Master blokovi ravnog le\u017eaja dizajnirani za laganu, \u010dvrstu i<\/p>\n","protected":false},"featured_media":5943864,"comment_status":"closed","ping_status":"closed","template":"","meta":[],"product_brand":[3131],"product_cat":[1770],"product_tag":[],"class_list":{"0":"post-3690444","1":"product","2":"type-product","3":"status-publish","4":"has-post-thumbnail","6":"product_brand-master-hr","7":"product_cat-master-koloture-za-jedrilice","9":"first","10":"instock","11":"shipping-taxable","12":"purchasable","13":"product-type-simple"},"_links":{"self":[{"href":"https:\/\/stoic-curie.212-227-153-4.plesk.page\/hr\/wp-json\/wp\/v2\/product\/3690444","targetHints":{"allow":["GET"]}}],"collection":[{"href":"https:\/\/stoic-curie.212-227-153-4.plesk.page\/hr\/wp-json\/wp\/v2\/product"}],"about":[{"href":"https:\/\/stoic-curie.212-227-153-4.plesk.page\/hr\/wp-json\/wp\/v2\/types\/product"}],"replies":[{"embeddable":true,"href":"https:\/\/stoic-curie.212-227-153-4.plesk.page\/hr\/wp-json\/wp\/v2\/comments?post=3690444"}],"version-history":[{"count":0,"href":"https:\/\/stoic-curie.212-227-153-4.plesk.page\/hr\/wp-json\/wp\/v2\/product\/3690444\/revisions"}],"wp:featuredmedia":[{"embeddable":true,"href":"https:\/\/stoic-curie.212-227-153-4.plesk.page\/hr\/wp-json\/wp\/v2\/media\/5943864"}],"wp:attachment":[{"href":"https:\/\/stoic-curie.212-227-153-4.plesk.page\/hr\/wp-json\/wp\/v2\/media?parent=3690444"}],"wp:term":[{"taxonomy":"product_brand","embeddable":true,"href":"https:\/\/stoic-curie.212-227-153-4.plesk.page\/hr\/wp-json\/wp\/v2\/product_brand?post=3690444"},{"taxonomy":"product_cat","embeddable":true,"href":"https:\/\/stoic-curie.212-227-153-4.plesk.page\/hr\/wp-json\/wp\/v2\/product_cat?post=3690444"},{"taxonomy":"product_tag","embeddable":true,"href":"https:\/\/stoic-curie.212-227-153-4.plesk.page\/hr\/wp-json\/wp\/v2\/product_tag?post=3690444"}],"curies":[{"name":"wp","href":"https:\/\/api.w.org\/{rel}","templated":true}]}}