{"id":3690446,"date":"2025-10-13T13:42:59","date_gmt":"2025-10-13T17:42:59","guid":{"rendered":"https:\/\/stoic-curie.212-227-153-4.plesk.page\/product\/alumiijski-stoperi-3-6mm\/"},"modified":"2026-02-25T00:01:01","modified_gmt":"2026-02-25T00:01:01","slug":"alumiijski-stoperi-3-6mm","status":"publish","type":"product","link":"https:\/\/stoic-curie.212-227-153-4.plesk.page\/hr\/product\/alumiijski-stoperi-3-6mm\/","title":{"rendered":"Alumiijski \u0161toperi 3-6mm"},"content":{"rendered":"<p>Alumiijski \u0161toperi 3-6mm &#8211; <\/p>\n<p>Crni anodizirani aluminijski master cleats otporni na UV zrake i koroziju. Cams s konstantnim napetostnim oprugama i Delrin visokoklipnim le\u017eajevima. Napomena: prekidna optere\u0107enja su dva puta ve\u0107a od radnog optere\u0107enja.<\/p>\n","protected":false},"excerpt":{"rendered":"<p>Alumiijski \u0161toperi 3-6mm &#8211; Crni anodizirani aluminijski master cleats otporni na UV zrake i koroziju. Cams s konstantnim napetostnim oprugama<\/p>\n","protected":false},"featured_media":5943889,"comment_status":"closed","ping_status":"closed","template":"","meta":[],"product_brand":[3131],"product_cat":[1772],"product_tag":[],"class_list":{"0":"post-3690446","1":"product","2":"type-product","3":"status-publish","4":"has-post-thumbnail","6":"product_brand-master-hr","7":"product_cat-stoperi-i-kljune-za-jedrilice","9":"first","10":"instock","11":"shipping-taxable","12":"purchasable","13":"product-type-simple"},"_links":{"self":[{"href":"https:\/\/stoic-curie.212-227-153-4.plesk.page\/hr\/wp-json\/wp\/v2\/product\/3690446","targetHints":{"allow":["GET"]}}],"collection":[{"href":"https:\/\/stoic-curie.212-227-153-4.plesk.page\/hr\/wp-json\/wp\/v2\/product"}],"about":[{"href":"https:\/\/stoic-curie.212-227-153-4.plesk.page\/hr\/wp-json\/wp\/v2\/types\/product"}],"replies":[{"embeddable":true,"href":"https:\/\/stoic-curie.212-227-153-4.plesk.page\/hr\/wp-json\/wp\/v2\/comments?post=3690446"}],"version-history":[{"count":0,"href":"https:\/\/stoic-curie.212-227-153-4.plesk.page\/hr\/wp-json\/wp\/v2\/product\/3690446\/revisions"}],"wp:featuredmedia":[{"embeddable":true,"href":"https:\/\/stoic-curie.212-227-153-4.plesk.page\/hr\/wp-json\/wp\/v2\/media\/5943889"}],"wp:attachment":[{"href":"https:\/\/stoic-curie.212-227-153-4.plesk.page\/hr\/wp-json\/wp\/v2\/media?parent=3690446"}],"wp:term":[{"taxonomy":"product_brand","embeddable":true,"href":"https:\/\/stoic-curie.212-227-153-4.plesk.page\/hr\/wp-json\/wp\/v2\/product_brand?post=3690446"},{"taxonomy":"product_cat","embeddable":true,"href":"https:\/\/stoic-curie.212-227-153-4.plesk.page\/hr\/wp-json\/wp\/v2\/product_cat?post=3690446"},{"taxonomy":"product_tag","embeddable":true,"href":"https:\/\/stoic-curie.212-227-153-4.plesk.page\/hr\/wp-json\/wp\/v2\/product_tag?post=3690446"}],"curies":[{"name":"wp","href":"https:\/\/api.w.org\/{rel}","templated":true}]}}