{"id":3690450,"date":"2025-10-13T13:43:00","date_gmt":"2025-10-13T17:43:00","guid":{"rendered":"https:\/\/stoic-curie.212-227-153-4.plesk.page\/product\/koloturnik-violinski-master-windrider-40-mm-za-konop-do-10-mm\/"},"modified":"2026-02-25T00:01:01","modified_gmt":"2026-02-25T00:01:01","slug":"koloturnik-violinski-master-windrider-40-mm-za-konop-do-10-mm","status":"publish","type":"product","link":"https:\/\/stoic-curie.212-227-153-4.plesk.page\/hr\/product\/koloturnik-violinski-master-windrider-40-mm-za-konop-do-10-mm\/","title":{"rendered":"Koloturnik violinski Master Windrider 40 mm za konop do 10 mm"},"content":{"rendered":"<p>Koloturnik violinski Master Windrider 40 mm za konop do 10 mm &#8211; <\/p>\n<p>Master kompozitni kugli\u010dni le\u017eajni blokovi s niskim trenjem osmi\u0161ljeni su za natjecateljsko jedrenje. Visoko\u010dvrste kompozitne bo\u010dne plo\u010de omogu\u0107uju vrhunske performanse pri radnim optere\u0107enjima. Prekrasan dizajn i jednostavna uporaba. Kugli\u010dni le\u017eajevi: samoumazivaju\u0107i acetalni kompozit. Promjer koloture 40 mm: samoumazivaju\u0107i acetalni kompozit. Strane: oja\u010dani kompozit od najlona s vlaknima stakla, stabiliziran UV svjetlom. Okretni klin: kovanog nehr\u0111aju\u0107eg \u010delika razreda 316. WL: Radno optere\u0107enje. BL: Optere\u0107enje loma. NAPOMENA: Radno\/optere\u0107enje loma blokova s kamerom temelji se na \u010dvrsto\u0107i kamere.<\/p>\n","protected":false},"excerpt":{"rendered":"<p>Koloturnik violinski Master Windrider 40 mm za konop do 10 mm &#8211; Master kompozitni kugli\u010dni le\u017eajni blokovi s niskim trenjem<\/p>\n","protected":false},"featured_media":5943911,"comment_status":"closed","ping_status":"closed","template":"","meta":[],"product_brand":[3131],"product_cat":[1770],"product_tag":[],"class_list":{"0":"post-3690450","1":"product","2":"type-product","3":"status-publish","4":"has-post-thumbnail","6":"product_brand-master-hr","7":"product_cat-master-koloture-za-jedrilice","9":"first","10":"instock","11":"shipping-taxable","12":"purchasable","13":"product-type-simple"},"_links":{"self":[{"href":"https:\/\/stoic-curie.212-227-153-4.plesk.page\/hr\/wp-json\/wp\/v2\/product\/3690450","targetHints":{"allow":["GET"]}}],"collection":[{"href":"https:\/\/stoic-curie.212-227-153-4.plesk.page\/hr\/wp-json\/wp\/v2\/product"}],"about":[{"href":"https:\/\/stoic-curie.212-227-153-4.plesk.page\/hr\/wp-json\/wp\/v2\/types\/product"}],"replies":[{"embeddable":true,"href":"https:\/\/stoic-curie.212-227-153-4.plesk.page\/hr\/wp-json\/wp\/v2\/comments?post=3690450"}],"version-history":[{"count":0,"href":"https:\/\/stoic-curie.212-227-153-4.plesk.page\/hr\/wp-json\/wp\/v2\/product\/3690450\/revisions"}],"wp:featuredmedia":[{"embeddable":true,"href":"https:\/\/stoic-curie.212-227-153-4.plesk.page\/hr\/wp-json\/wp\/v2\/media\/5943911"}],"wp:attachment":[{"href":"https:\/\/stoic-curie.212-227-153-4.plesk.page\/hr\/wp-json\/wp\/v2\/media?parent=3690450"}],"wp:term":[{"taxonomy":"product_brand","embeddable":true,"href":"https:\/\/stoic-curie.212-227-153-4.plesk.page\/hr\/wp-json\/wp\/v2\/product_brand?post=3690450"},{"taxonomy":"product_cat","embeddable":true,"href":"https:\/\/stoic-curie.212-227-153-4.plesk.page\/hr\/wp-json\/wp\/v2\/product_cat?post=3690450"},{"taxonomy":"product_tag","embeddable":true,"href":"https:\/\/stoic-curie.212-227-153-4.plesk.page\/hr\/wp-json\/wp\/v2\/product_tag?post=3690450"}],"curies":[{"name":"wp","href":"https:\/\/api.w.org\/{rel}","templated":true}]}}