{"id":3690451,"date":"2025-10-13T13:43:01","date_gmt":"2025-10-13T17:43:01","guid":{"rendered":"https:\/\/stoic-curie.212-227-153-4.plesk.page\/product\/evo-push-to-close-zasun-za-zakljucavanje-okrugli-45mm-nehrdajuci-celik\/"},"modified":"2026-02-25T00:01:01","modified_gmt":"2026-02-25T00:01:01","slug":"evo-push-to-close-zasun-za-zakljucavanje-okrugli-45mm-nehrdajuci-celik","status":"publish","type":"product","link":"https:\/\/stoic-curie.212-227-153-4.plesk.page\/hr\/product\/evo-push-to-close-zasun-za-zakljucavanje-okrugli-45mm-nehrdajuci-celik\/","title":{"rendered":"Evo Push-to-Close zasun za zakljucavanje okrugli 45mm nehr\u0111aju\u0107i \u010delik"},"content":{"rendered":"<p>Evo Push-to-Close zasun za zakljucavanje okrugli 45mm nehr\u0111aju\u0107i \u010delik &#8211; <\/p>\n<p>Ogledala polirani nehr\u0111aju\u0107i \u010delik, ugradnja s vodootpornom brtvom.<\/p>\n","protected":false},"excerpt":{"rendered":"<p>Evo Push-to-Close zasun za zakljucavanje okrugli 45mm nehr\u0111aju\u0107i \u010delik &#8211; Ogledala polirani nehr\u0111aju\u0107i \u010delik, ugradnja s vodootpornom brtvom.<\/p>\n","protected":false},"featured_media":5943918,"comment_status":"closed","ping_status":"closed","template":"","meta":[],"product_brand":[3136],"product_cat":[1708,1687],"product_tag":[],"class_list":{"0":"post-3690451","1":"product","2":"type-product","3":"status-publish","4":"has-post-thumbnail","6":"product_brand-masterlock-hr","7":"product_cat-brave-za-vrata","8":"product_cat-brodski-zasuni","10":"first","11":"instock","12":"shipping-taxable","13":"purchasable","14":"product-type-simple"},"_links":{"self":[{"href":"https:\/\/stoic-curie.212-227-153-4.plesk.page\/hr\/wp-json\/wp\/v2\/product\/3690451","targetHints":{"allow":["GET"]}}],"collection":[{"href":"https:\/\/stoic-curie.212-227-153-4.plesk.page\/hr\/wp-json\/wp\/v2\/product"}],"about":[{"href":"https:\/\/stoic-curie.212-227-153-4.plesk.page\/hr\/wp-json\/wp\/v2\/types\/product"}],"replies":[{"embeddable":true,"href":"https:\/\/stoic-curie.212-227-153-4.plesk.page\/hr\/wp-json\/wp\/v2\/comments?post=3690451"}],"version-history":[{"count":0,"href":"https:\/\/stoic-curie.212-227-153-4.plesk.page\/hr\/wp-json\/wp\/v2\/product\/3690451\/revisions"}],"wp:featuredmedia":[{"embeddable":true,"href":"https:\/\/stoic-curie.212-227-153-4.plesk.page\/hr\/wp-json\/wp\/v2\/media\/5943918"}],"wp:attachment":[{"href":"https:\/\/stoic-curie.212-227-153-4.plesk.page\/hr\/wp-json\/wp\/v2\/media?parent=3690451"}],"wp:term":[{"taxonomy":"product_brand","embeddable":true,"href":"https:\/\/stoic-curie.212-227-153-4.plesk.page\/hr\/wp-json\/wp\/v2\/product_brand?post=3690451"},{"taxonomy":"product_cat","embeddable":true,"href":"https:\/\/stoic-curie.212-227-153-4.plesk.page\/hr\/wp-json\/wp\/v2\/product_cat?post=3690451"},{"taxonomy":"product_tag","embeddable":true,"href":"https:\/\/stoic-curie.212-227-153-4.plesk.page\/hr\/wp-json\/wp\/v2\/product_tag?post=3690451"}],"curies":[{"name":"wp","href":"https:\/\/api.w.org\/{rel}","templated":true}]}}