{"id":3690454,"date":"2025-10-13T13:43:02","date_gmt":"2025-10-13T17:43:02","guid":{"rendered":"https:\/\/stoic-curie.212-227-153-4.plesk.page\/product\/pull-pin-zasun-soprugom-95x562mm-od-nehrdajuceg-celika\/"},"modified":"2026-02-25T00:01:01","modified_gmt":"2026-02-25T00:01:01","slug":"pull-pin-zasun-soprugom-95x562mm-od-nehrdajuceg-celika","status":"publish","type":"product","link":"https:\/\/stoic-curie.212-227-153-4.plesk.page\/hr\/product\/pull-pin-zasun-soprugom-95x562mm-od-nehrdajuceg-celika\/","title":{"rendered":"Pull Pin zasun soprugom 9,5&#215;56,2mm od nehr\u0111aju\u0107eg \u010delika"},"content":{"rendered":"<p>Pull Pin zasun soprugom 9,5&#215;56,2mm od nehr\u0111aju\u0107eg \u010delika &#8211; <\/p>\n<p>Oprema s oprugom od nehr\u0111aju\u0107eg \u010delika 316 za zaklju\u010davanje ili zatvaranje ormara i kutija.<\/p>\n","protected":false},"excerpt":{"rendered":"<p>Pull Pin zasun soprugom 9,5&#215;56,2mm od nehr\u0111aju\u0107eg \u010delika &#8211; Oprema s oprugom od nehr\u0111aju\u0107eg \u010delika 316 za zaklju\u010davanje ili zatvaranje<\/p>\n","protected":false},"featured_media":5943921,"comment_status":"closed","ping_status":"closed","template":"","meta":[],"product_brand":[3236],"product_cat":[1687,1710],"product_tag":[],"class_list":{"0":"post-3690454","1":"product","2":"type-product","3":"status-publish","4":"has-post-thumbnail","6":"product_brand-osculati-hr","7":"product_cat-brodski-zasuni","8":"product_cat-pribor-za-brodske-kabine","10":"first","11":"instock","12":"shipping-taxable","13":"purchasable","14":"product-type-simple"},"_links":{"self":[{"href":"https:\/\/stoic-curie.212-227-153-4.plesk.page\/hr\/wp-json\/wp\/v2\/product\/3690454","targetHints":{"allow":["GET"]}}],"collection":[{"href":"https:\/\/stoic-curie.212-227-153-4.plesk.page\/hr\/wp-json\/wp\/v2\/product"}],"about":[{"href":"https:\/\/stoic-curie.212-227-153-4.plesk.page\/hr\/wp-json\/wp\/v2\/types\/product"}],"replies":[{"embeddable":true,"href":"https:\/\/stoic-curie.212-227-153-4.plesk.page\/hr\/wp-json\/wp\/v2\/comments?post=3690454"}],"version-history":[{"count":0,"href":"https:\/\/stoic-curie.212-227-153-4.plesk.page\/hr\/wp-json\/wp\/v2\/product\/3690454\/revisions"}],"wp:featuredmedia":[{"embeddable":true,"href":"https:\/\/stoic-curie.212-227-153-4.plesk.page\/hr\/wp-json\/wp\/v2\/media\/5943921"}],"wp:attachment":[{"href":"https:\/\/stoic-curie.212-227-153-4.plesk.page\/hr\/wp-json\/wp\/v2\/media?parent=3690454"}],"wp:term":[{"taxonomy":"product_brand","embeddable":true,"href":"https:\/\/stoic-curie.212-227-153-4.plesk.page\/hr\/wp-json\/wp\/v2\/product_brand?post=3690454"},{"taxonomy":"product_cat","embeddable":true,"href":"https:\/\/stoic-curie.212-227-153-4.plesk.page\/hr\/wp-json\/wp\/v2\/product_cat?post=3690454"},{"taxonomy":"product_tag","embeddable":true,"href":"https:\/\/stoic-curie.212-227-153-4.plesk.page\/hr\/wp-json\/wp\/v2\/product_tag?post=3690454"}],"curies":[{"name":"wp","href":"https:\/\/api.w.org\/{rel}","templated":true}]}}