{"id":3690471,"date":"2025-10-13T13:43:06","date_gmt":"2025-10-13T17:43:06","guid":{"rendered":"https:\/\/stoic-curie.212-227-153-4.plesk.page\/product\/navishell-torba-za-pohranu-plava-30-x-11-x-18-cm\/"},"modified":"2026-02-25T00:01:01","modified_gmt":"2026-02-25T00:01:01","slug":"navishell-torba-za-pohranu-plava-30-x-11-x-18-cm","status":"publish","type":"product","link":"https:\/\/stoic-curie.212-227-153-4.plesk.page\/hr\/product\/navishell-torba-za-pohranu-plava-30-x-11-x-18-cm\/","title":{"rendered":"Navishell torba za pohranu plava 30 x 11 x 18 cm"},"content":{"rendered":"<p>Navishell torba za pohranu plava 30 x 11 x 18 cm &#8211; <\/p>\n<p>Torba za skladi\u0161tenje u kokpitu od tkanine od akrila. Vodonepropusna i otporna na UV zrake. S donjom mre\u017eicom za otjecanje.<br \/>\u0160iroki otvor s oja\u010danim rubom za udobno i lako punjenje.<br \/>Za pohranu konopa, uzdignutih konopa, ru\u010dki, rukavica, krema za sun\u010danje, napitaka itd.<br \/>Uklju\u010dena su dva opcionalna sustava pri\u010dvr\u0161\u0107ivanja: 1) S usisnim \u010da\u0161ama za lako i \u010dvrsto pri\u010dvr\u0161\u0107ivanje bez vijaka. 2) S kukama za lako i \u010dvrsto pri\u010dvr\u0161\u0107ivanje sa zavrtnjima.<\/p>\n","protected":false},"excerpt":{"rendered":"<p>Navishell torba za pohranu plava 30 x 11 x 18 cm &#8211; Torba za skladi\u0161tenje u kokpitu od tkanine od<\/p>\n","protected":false},"featured_media":5943943,"comment_status":"closed","ping_status":"closed","template":"","meta":[],"product_brand":[3176],"product_cat":[1766,1644],"product_tag":[],"class_list":{"0":"post-3690471","1":"product","2":"type-product","3":"status-publish","4":"has-post-thumbnail","6":"product_brand-navishell-hr","7":"product_cat-navlake-i-stitnici-za-jedrilice","8":"product_cat-pribor-za-spremista","10":"first","11":"instock","12":"shipping-taxable","13":"purchasable","14":"product-type-simple"},"_links":{"self":[{"href":"https:\/\/stoic-curie.212-227-153-4.plesk.page\/hr\/wp-json\/wp\/v2\/product\/3690471","targetHints":{"allow":["GET"]}}],"collection":[{"href":"https:\/\/stoic-curie.212-227-153-4.plesk.page\/hr\/wp-json\/wp\/v2\/product"}],"about":[{"href":"https:\/\/stoic-curie.212-227-153-4.plesk.page\/hr\/wp-json\/wp\/v2\/types\/product"}],"replies":[{"embeddable":true,"href":"https:\/\/stoic-curie.212-227-153-4.plesk.page\/hr\/wp-json\/wp\/v2\/comments?post=3690471"}],"version-history":[{"count":0,"href":"https:\/\/stoic-curie.212-227-153-4.plesk.page\/hr\/wp-json\/wp\/v2\/product\/3690471\/revisions"}],"wp:featuredmedia":[{"embeddable":true,"href":"https:\/\/stoic-curie.212-227-153-4.plesk.page\/hr\/wp-json\/wp\/v2\/media\/5943943"}],"wp:attachment":[{"href":"https:\/\/stoic-curie.212-227-153-4.plesk.page\/hr\/wp-json\/wp\/v2\/media?parent=3690471"}],"wp:term":[{"taxonomy":"product_brand","embeddable":true,"href":"https:\/\/stoic-curie.212-227-153-4.plesk.page\/hr\/wp-json\/wp\/v2\/product_brand?post=3690471"},{"taxonomy":"product_cat","embeddable":true,"href":"https:\/\/stoic-curie.212-227-153-4.plesk.page\/hr\/wp-json\/wp\/v2\/product_cat?post=3690471"},{"taxonomy":"product_tag","embeddable":true,"href":"https:\/\/stoic-curie.212-227-153-4.plesk.page\/hr\/wp-json\/wp\/v2\/product_tag?post=3690471"}],"curies":[{"name":"wp","href":"https:\/\/api.w.org\/{rel}","templated":true}]}}