{"id":3690473,"date":"2025-10-13T13:43:07","date_gmt":"2025-10-13T17:43:07","guid":{"rendered":"https:\/\/stoic-curie.212-227-153-4.plesk.page\/product\/rucka-vitla-dzep-navishell-plava-25-x-12-x-8-cm\/"},"modified":"2026-02-25T00:01:01","modified_gmt":"2026-02-25T00:01:01","slug":"rucka-vitla-dzep-navishell-plava-25-x-12-x-8-cm","status":"publish","type":"product","link":"https:\/\/stoic-curie.212-227-153-4.plesk.page\/hr\/product\/rucka-vitla-dzep-navishell-plava-25-x-12-x-8-cm\/","title":{"rendered":"Rucka vitla d\u017eep Navishell Plava 25 x 12 x 8 cm"},"content":{"rendered":"<p>Rucka vitla d\u017eep Navishell Plava 25 x 12 x 8 cm &#8211; <\/p>\n<p>Navishell torbica za ru\u010dicu vitla od akrilnog materijala otpornog na vodu i UV zrake. Uklju\u010dena su dva opcionalna sustava pri\u010dvr\u0161\u0107ivanja: 1) Usisne \u010da\u0161ice za jednostavno i sna\u017eno pri\u010dvr\u0161\u0107ivanje bez vijaka 2) Kuke za jednostavno i jo\u0161 sna\u017enije pri\u010dvr\u0161\u0107ivanje s vijcima.<\/p>\n","protected":false},"excerpt":{"rendered":"<p>Rucka vitla d\u017eep Navishell Plava 25 x 12 x 8 cm &#8211; Navishell torbica za ru\u010dicu vitla od akrilnog materijala<\/p>\n","protected":false},"featured_media":5943955,"comment_status":"closed","ping_status":"closed","template":"","meta":[],"product_brand":[3176],"product_cat":[1773,1766,1644],"product_tag":[],"class_list":{"0":"post-3690473","1":"product","2":"type-product","3":"status-publish","4":"has-post-thumbnail","6":"product_brand-navishell-hr","7":"product_cat-antal-vincevi-za-jedrilice","8":"product_cat-navlake-i-stitnici-za-jedrilice","9":"product_cat-pribor-za-spremista","11":"first","12":"instock","13":"shipping-taxable","14":"purchasable","15":"product-type-simple"},"_links":{"self":[{"href":"https:\/\/stoic-curie.212-227-153-4.plesk.page\/hr\/wp-json\/wp\/v2\/product\/3690473","targetHints":{"allow":["GET"]}}],"collection":[{"href":"https:\/\/stoic-curie.212-227-153-4.plesk.page\/hr\/wp-json\/wp\/v2\/product"}],"about":[{"href":"https:\/\/stoic-curie.212-227-153-4.plesk.page\/hr\/wp-json\/wp\/v2\/types\/product"}],"replies":[{"embeddable":true,"href":"https:\/\/stoic-curie.212-227-153-4.plesk.page\/hr\/wp-json\/wp\/v2\/comments?post=3690473"}],"version-history":[{"count":0,"href":"https:\/\/stoic-curie.212-227-153-4.plesk.page\/hr\/wp-json\/wp\/v2\/product\/3690473\/revisions"}],"wp:featuredmedia":[{"embeddable":true,"href":"https:\/\/stoic-curie.212-227-153-4.plesk.page\/hr\/wp-json\/wp\/v2\/media\/5943955"}],"wp:attachment":[{"href":"https:\/\/stoic-curie.212-227-153-4.plesk.page\/hr\/wp-json\/wp\/v2\/media?parent=3690473"}],"wp:term":[{"taxonomy":"product_brand","embeddable":true,"href":"https:\/\/stoic-curie.212-227-153-4.plesk.page\/hr\/wp-json\/wp\/v2\/product_brand?post=3690473"},{"taxonomy":"product_cat","embeddable":true,"href":"https:\/\/stoic-curie.212-227-153-4.plesk.page\/hr\/wp-json\/wp\/v2\/product_cat?post=3690473"},{"taxonomy":"product_tag","embeddable":true,"href":"https:\/\/stoic-curie.212-227-153-4.plesk.page\/hr\/wp-json\/wp\/v2\/product_tag?post=3690473"}],"curies":[{"name":"wp","href":"https:\/\/api.w.org\/{rel}","templated":true}]}}