{"id":3690475,"date":"2025-10-13T13:43:08","date_gmt":"2025-10-13T17:43:08","guid":{"rendered":"https:\/\/stoic-curie.212-227-153-4.plesk.page\/product\/navlaka-celicnog-uzeta-navishell-blue-l75cm\/"},"modified":"2026-02-25T00:01:01","modified_gmt":"2026-02-25T00:01:01","slug":"navlaka-celicnog-uzeta-navishell-blue-l75cm","status":"publish","type":"product","link":"https:\/\/stoic-curie.212-227-153-4.plesk.page\/hr\/product\/navlaka-celicnog-uzeta-navishell-blue-l75cm\/","title":{"rendered":"Navlaka \u010deli\u010dnog u\u017eeta Navishell Blue L75cm"},"content":{"rendered":"<p>Navlaka \u010deli\u010dnog u\u017eeta Navishell Blue L75cm &#8211; <\/p>\n<p>Navishell pokriva\u010d za ograde od akrilnog materijala otporan na vodu i UV zrake. Stabilizirana, postojana boja ne blijedi i ostaje intenzivna \u010dak i nakon 3 godine neprestanog kori\u0161tenja. Opremljen jakim patentnim zatvara\u010dem za lako i sigurno postavljanje.<\/p>\n","protected":false},"excerpt":{"rendered":"<p>Navlaka \u010deli\u010dnog u\u017eeta Navishell Blue L75cm &#8211; Navishell pokriva\u010d za ograde od akrilnog materijala otporan na vodu i UV zrake.<\/p>\n","protected":false},"featured_media":5943957,"comment_status":"closed","ping_status":"closed","template":"","meta":[],"product_brand":[3176],"product_cat":[1766,1758],"product_tag":[],"class_list":{"0":"post-3690475","1":"product","2":"type-product","3":"status-publish","4":"has-post-thumbnail","6":"product_brand-navishell-hr","7":"product_cat-navlake-i-stitnici-za-jedrilice","8":"product_cat-stupici-jedrilica","10":"first","11":"outofstock","12":"shipping-taxable","13":"purchasable","14":"product-type-simple"},"_links":{"self":[{"href":"https:\/\/stoic-curie.212-227-153-4.plesk.page\/hr\/wp-json\/wp\/v2\/product\/3690475","targetHints":{"allow":["GET"]}}],"collection":[{"href":"https:\/\/stoic-curie.212-227-153-4.plesk.page\/hr\/wp-json\/wp\/v2\/product"}],"about":[{"href":"https:\/\/stoic-curie.212-227-153-4.plesk.page\/hr\/wp-json\/wp\/v2\/types\/product"}],"replies":[{"embeddable":true,"href":"https:\/\/stoic-curie.212-227-153-4.plesk.page\/hr\/wp-json\/wp\/v2\/comments?post=3690475"}],"version-history":[{"count":0,"href":"https:\/\/stoic-curie.212-227-153-4.plesk.page\/hr\/wp-json\/wp\/v2\/product\/3690475\/revisions"}],"wp:featuredmedia":[{"embeddable":true,"href":"https:\/\/stoic-curie.212-227-153-4.plesk.page\/hr\/wp-json\/wp\/v2\/media\/5943957"}],"wp:attachment":[{"href":"https:\/\/stoic-curie.212-227-153-4.plesk.page\/hr\/wp-json\/wp\/v2\/media?parent=3690475"}],"wp:term":[{"taxonomy":"product_brand","embeddable":true,"href":"https:\/\/stoic-curie.212-227-153-4.plesk.page\/hr\/wp-json\/wp\/v2\/product_brand?post=3690475"},{"taxonomy":"product_cat","embeddable":true,"href":"https:\/\/stoic-curie.212-227-153-4.plesk.page\/hr\/wp-json\/wp\/v2\/product_cat?post=3690475"},{"taxonomy":"product_tag","embeddable":true,"href":"https:\/\/stoic-curie.212-227-153-4.plesk.page\/hr\/wp-json\/wp\/v2\/product_tag?post=3690475"}],"curies":[{"name":"wp","href":"https:\/\/api.w.org\/{rel}","templated":true}]}}