{"id":3690481,"date":"2025-10-13T13:43:09","date_gmt":"2025-10-13T17:43:09","guid":{"rendered":"https:\/\/stoic-curie.212-227-153-4.plesk.page\/product\/navlaka-za-natezac-navishell-blue-l37\/"},"modified":"2026-02-25T00:01:01","modified_gmt":"2026-02-25T00:01:01","slug":"navlaka-za-natezac-navishell-blue-l37","status":"publish","type":"product","link":"https:\/\/stoic-curie.212-227-153-4.plesk.page\/hr\/product\/navlaka-za-natezac-navishell-blue-l37\/","title":{"rendered":"Navlaka za nateza\u010d Navishell Blue L37"},"content":{"rendered":"<p>Navlaka za nateza\u010d Navishell Blue L37 &#8211; <\/p>\n<p>Vodootporna i UV-otporna akrilna tkanina Navishell za prekrivanje vijaka. Stabilizirana, neizblijedjela boja se ne isu\u0161uje i ostaje intenzivna \u010dak i nakon 3 godine neprekidne upotrebe. Opremljena \u010di\u010dak trakom za lako i sigurno postavljanje.<\/p>\n","protected":false},"excerpt":{"rendered":"<p>Navlaka za nateza\u010d Navishell Blue L37 &#8211; Vodootporna i UV-otporna akrilna tkanina Navishell za prekrivanje vijaka. Stabilizirana, neizblijedjela boja se<\/p>\n","protected":false},"featured_media":5943968,"comment_status":"closed","ping_status":"closed","template":"","meta":[],"product_brand":[3176],"product_cat":[1766,1757],"product_tag":[],"class_list":{"0":"post-3690481","1":"product","2":"type-product","3":"status-publish","4":"has-post-thumbnail","6":"product_brand-navishell-hr","7":"product_cat-navlake-i-stitnici-za-jedrilice","8":"product_cat-rucice-za-zatezanje-pripona","10":"first","11":"instock","12":"shipping-taxable","13":"purchasable","14":"product-type-simple"},"_links":{"self":[{"href":"https:\/\/stoic-curie.212-227-153-4.plesk.page\/hr\/wp-json\/wp\/v2\/product\/3690481","targetHints":{"allow":["GET"]}}],"collection":[{"href":"https:\/\/stoic-curie.212-227-153-4.plesk.page\/hr\/wp-json\/wp\/v2\/product"}],"about":[{"href":"https:\/\/stoic-curie.212-227-153-4.plesk.page\/hr\/wp-json\/wp\/v2\/types\/product"}],"replies":[{"embeddable":true,"href":"https:\/\/stoic-curie.212-227-153-4.plesk.page\/hr\/wp-json\/wp\/v2\/comments?post=3690481"}],"version-history":[{"count":0,"href":"https:\/\/stoic-curie.212-227-153-4.plesk.page\/hr\/wp-json\/wp\/v2\/product\/3690481\/revisions"}],"wp:featuredmedia":[{"embeddable":true,"href":"https:\/\/stoic-curie.212-227-153-4.plesk.page\/hr\/wp-json\/wp\/v2\/media\/5943968"}],"wp:attachment":[{"href":"https:\/\/stoic-curie.212-227-153-4.plesk.page\/hr\/wp-json\/wp\/v2\/media?parent=3690481"}],"wp:term":[{"taxonomy":"product_brand","embeddable":true,"href":"https:\/\/stoic-curie.212-227-153-4.plesk.page\/hr\/wp-json\/wp\/v2\/product_brand?post=3690481"},{"taxonomy":"product_cat","embeddable":true,"href":"https:\/\/stoic-curie.212-227-153-4.plesk.page\/hr\/wp-json\/wp\/v2\/product_cat?post=3690481"},{"taxonomy":"product_tag","embeddable":true,"href":"https:\/\/stoic-curie.212-227-153-4.plesk.page\/hr\/wp-json\/wp\/v2\/product_tag?post=3690481"}],"curies":[{"name":"wp","href":"https:\/\/api.w.org\/{rel}","templated":true}]}}