{"id":3690488,"date":"2025-10-13T13:43:11","date_gmt":"2025-10-13T17:43:11","guid":{"rendered":"https:\/\/stoic-curie.212-227-153-4.plesk.page\/product\/rastezljiv-jastuk-45x45-cm-tamno-plavi\/"},"modified":"2026-02-25T00:01:01","modified_gmt":"2026-02-25T00:01:01","slug":"rastezljiv-jastuk-45x45-cm-tamno-plavi","status":"publish","type":"product","link":"https:\/\/stoic-curie.212-227-153-4.plesk.page\/hr\/product\/rastezljiv-jastuk-45x45-cm-tamno-plavi\/","title":{"rendered":"Rastezljiv jastuk 45&#215;45 cm tamno plavi"},"content":{"rendered":"<p>Rastezljiv jastuk 45&#215;45 cm tamno plavi &#8211; <\/p>\n<p>Udana jastu\u010di\u0107 od akrilnog platna. Vodonepropustan i otporan na UV zrake. Stalne, neizblijede\u0107e boje ostaju \u017eive najmanje 3 godine kontinuirane upotrebe. Opremljen \u010di\u010dak trakom za povezivanje vi\u0161e jastu\u010di\u0107a. Periva navlaka sa zatvara\u010dem.<\/p>\n","protected":false},"excerpt":{"rendered":"<p>Rastezljiv jastuk 45&#215;45 cm tamno plavi &#8211; Udana jastu\u010di\u0107 od akrilnog platna. Vodonepropustan i otporan na UV zrake. Stalne, neizblijede\u0107e<\/p>\n","protected":false},"featured_media":5943977,"comment_status":"closed","ping_status":"closed","template":"","meta":[],"product_brand":[3176],"product_cat":[1678,1642],"product_tag":[],"class_list":{"0":"post-3690488","1":"product","2":"type-product","3":"status-publish","4":"has-post-thumbnail","6":"product_brand-navishell-hr","7":"product_cat-brodska-sjedala","8":"product_cat-brodske-stolice-i-stolovi","10":"first","11":"instock","12":"shipping-taxable","13":"purchasable","14":"product-type-simple"},"_links":{"self":[{"href":"https:\/\/stoic-curie.212-227-153-4.plesk.page\/hr\/wp-json\/wp\/v2\/product\/3690488","targetHints":{"allow":["GET"]}}],"collection":[{"href":"https:\/\/stoic-curie.212-227-153-4.plesk.page\/hr\/wp-json\/wp\/v2\/product"}],"about":[{"href":"https:\/\/stoic-curie.212-227-153-4.plesk.page\/hr\/wp-json\/wp\/v2\/types\/product"}],"replies":[{"embeddable":true,"href":"https:\/\/stoic-curie.212-227-153-4.plesk.page\/hr\/wp-json\/wp\/v2\/comments?post=3690488"}],"version-history":[{"count":0,"href":"https:\/\/stoic-curie.212-227-153-4.plesk.page\/hr\/wp-json\/wp\/v2\/product\/3690488\/revisions"}],"wp:featuredmedia":[{"embeddable":true,"href":"https:\/\/stoic-curie.212-227-153-4.plesk.page\/hr\/wp-json\/wp\/v2\/media\/5943977"}],"wp:attachment":[{"href":"https:\/\/stoic-curie.212-227-153-4.plesk.page\/hr\/wp-json\/wp\/v2\/media?parent=3690488"}],"wp:term":[{"taxonomy":"product_brand","embeddable":true,"href":"https:\/\/stoic-curie.212-227-153-4.plesk.page\/hr\/wp-json\/wp\/v2\/product_brand?post=3690488"},{"taxonomy":"product_cat","embeddable":true,"href":"https:\/\/stoic-curie.212-227-153-4.plesk.page\/hr\/wp-json\/wp\/v2\/product_cat?post=3690488"},{"taxonomy":"product_tag","embeddable":true,"href":"https:\/\/stoic-curie.212-227-153-4.plesk.page\/hr\/wp-json\/wp\/v2\/product_tag?post=3690488"}],"curies":[{"name":"wp","href":"https:\/\/api.w.org\/{rel}","templated":true}]}}