{"id":3690494,"date":"2025-10-13T13:43:13","date_gmt":"2025-10-13T17:43:13","guid":{"rendered":"https:\/\/stoic-curie.212-227-153-4.plesk.page\/product\/kit-crijevo-i-okovi-za-bravo-turbo-max\/"},"modified":"2026-02-25T00:01:01","modified_gmt":"2026-02-25T00:01:01","slug":"kit-crijevo-i-okovi-za-bravo-turbo-max","status":"publish","type":"product","link":"https:\/\/stoic-curie.212-227-153-4.plesk.page\/hr\/product\/kit-crijevo-i-okovi-za-bravo-turbo-max\/","title":{"rendered":"Kit crijevo i okovi za Bravo Turbo Max"},"content":{"rendered":"<p>Kit crijevo i okovi za Bravo Turbo Max &#8211; <\/p>\n<p>Turbo Max Kit je fiksni inflator s automatskim isklju\u010divanjem pri postavljenom tlaku. Mo\u017ee napuhnuti i ispustiti \u010damac od 7 metara za 7 minuta. Uklju\u010duje pri\u010dvr\u0161\u0107iva\u010de, vijke i kabl za napajanje du\u017eine 0,5 metara. Maksimalna potro\u0161nja 60A. Dimenzije: 30 x 16 x 7 cm. Visina ugradnje 6 cm.<\/p>\n","protected":false},"excerpt":{"rendered":"<p>Kit crijevo i okovi za Bravo Turbo Max &#8211; Turbo Max Kit je fiksni inflator s automatskim isklju\u010divanjem pri postavljenom<\/p>\n","protected":false},"featured_media":5944000,"comment_status":"closed","ping_status":"closed","template":"","meta":[],"product_brand":[2851],"product_cat":[1835],"product_tag":[],"class_list":{"0":"post-3690494","1":"product","2":"type-product","3":"status-publish","4":"has-post-thumbnail","6":"product_brand-bravo-scoprega-hr","7":"product_cat-pumpe-za-pneumatske-camce","9":"first","10":"instock","11":"shipping-taxable","12":"purchasable","13":"product-type-simple"},"_links":{"self":[{"href":"https:\/\/stoic-curie.212-227-153-4.plesk.page\/hr\/wp-json\/wp\/v2\/product\/3690494","targetHints":{"allow":["GET"]}}],"collection":[{"href":"https:\/\/stoic-curie.212-227-153-4.plesk.page\/hr\/wp-json\/wp\/v2\/product"}],"about":[{"href":"https:\/\/stoic-curie.212-227-153-4.plesk.page\/hr\/wp-json\/wp\/v2\/types\/product"}],"replies":[{"embeddable":true,"href":"https:\/\/stoic-curie.212-227-153-4.plesk.page\/hr\/wp-json\/wp\/v2\/comments?post=3690494"}],"version-history":[{"count":0,"href":"https:\/\/stoic-curie.212-227-153-4.plesk.page\/hr\/wp-json\/wp\/v2\/product\/3690494\/revisions"}],"wp:featuredmedia":[{"embeddable":true,"href":"https:\/\/stoic-curie.212-227-153-4.plesk.page\/hr\/wp-json\/wp\/v2\/media\/5944000"}],"wp:attachment":[{"href":"https:\/\/stoic-curie.212-227-153-4.plesk.page\/hr\/wp-json\/wp\/v2\/media?parent=3690494"}],"wp:term":[{"taxonomy":"product_brand","embeddable":true,"href":"https:\/\/stoic-curie.212-227-153-4.plesk.page\/hr\/wp-json\/wp\/v2\/product_brand?post=3690494"},{"taxonomy":"product_cat","embeddable":true,"href":"https:\/\/stoic-curie.212-227-153-4.plesk.page\/hr\/wp-json\/wp\/v2\/product_cat?post=3690494"},{"taxonomy":"product_tag","embeddable":true,"href":"https:\/\/stoic-curie.212-227-153-4.plesk.page\/hr\/wp-json\/wp\/v2\/product_tag?post=3690494"}],"curies":[{"name":"wp","href":"https:\/\/api.w.org\/{rel}","templated":true}]}}