{"id":3690495,"date":"2025-10-13T13:43:13","date_gmt":"2025-10-13T17:43:13","guid":{"rendered":"https:\/\/stoic-curie.212-227-153-4.plesk.page\/product\/navishell-torba-za-pohranu-siva-30-x-11-x-18-cm\/"},"modified":"2026-02-25T00:01:01","modified_gmt":"2026-02-25T00:01:01","slug":"navishell-torba-za-pohranu-siva-30-x-11-x-18-cm","status":"publish","type":"product","link":"https:\/\/stoic-curie.212-227-153-4.plesk.page\/hr\/product\/navishell-torba-za-pohranu-siva-30-x-11-x-18-cm\/","title":{"rendered":"Navishell torba za pohranu siva 30 x 11 x 18 cm"},"content":{"rendered":"<p>Navishell torba za pohranu siva 30 x 11 x 18 cm &#8211; <\/p>\n<p>Woven acrylic fabric cockpit stowbag. Vodootporan i otporan na UV zrake. S odvodnom mre\u017eom na dnu. \u0160iroko otvoren s poja\u010danim rubom za udobno i lako utovarivanje. Za pohranu jedara, konopa, ru\u010dica vitla, rukavica, kreme za sun\u010danje, pi\u0107a itd. Uklju\u010dena su dva opcijska sustava pri\u010dvr\u0161\u0107ivanja: 1) S vakuumskim \u010da\u0161ama za jednostavno i sna\u017eno pri\u010dvr\u0161\u0107ivanje bez vijaka. 2) S kukama za jednostavno i sna\u017eno pri\u010dvr\u0161\u0107ivanje s vijcima.<\/p>\n","protected":false},"excerpt":{"rendered":"<p>Navishell torba za pohranu siva 30 x 11 x 18 cm &#8211; Woven acrylic fabric cockpit stowbag. Vodootporan i otporan<\/p>\n","protected":false},"featured_media":5943943,"comment_status":"closed","ping_status":"closed","template":"","meta":[],"product_brand":[3176],"product_cat":[1766,1644],"product_tag":[],"class_list":{"0":"post-3690495","1":"product","2":"type-product","3":"status-publish","4":"has-post-thumbnail","6":"product_brand-navishell-hr","7":"product_cat-navlake-i-stitnici-za-jedrilice","8":"product_cat-pribor-za-spremista","10":"first","11":"instock","12":"shipping-taxable","13":"purchasable","14":"product-type-simple"},"_links":{"self":[{"href":"https:\/\/stoic-curie.212-227-153-4.plesk.page\/hr\/wp-json\/wp\/v2\/product\/3690495","targetHints":{"allow":["GET"]}}],"collection":[{"href":"https:\/\/stoic-curie.212-227-153-4.plesk.page\/hr\/wp-json\/wp\/v2\/product"}],"about":[{"href":"https:\/\/stoic-curie.212-227-153-4.plesk.page\/hr\/wp-json\/wp\/v2\/types\/product"}],"replies":[{"embeddable":true,"href":"https:\/\/stoic-curie.212-227-153-4.plesk.page\/hr\/wp-json\/wp\/v2\/comments?post=3690495"}],"version-history":[{"count":0,"href":"https:\/\/stoic-curie.212-227-153-4.plesk.page\/hr\/wp-json\/wp\/v2\/product\/3690495\/revisions"}],"wp:featuredmedia":[{"embeddable":true,"href":"https:\/\/stoic-curie.212-227-153-4.plesk.page\/hr\/wp-json\/wp\/v2\/media\/5943943"}],"wp:attachment":[{"href":"https:\/\/stoic-curie.212-227-153-4.plesk.page\/hr\/wp-json\/wp\/v2\/media?parent=3690495"}],"wp:term":[{"taxonomy":"product_brand","embeddable":true,"href":"https:\/\/stoic-curie.212-227-153-4.plesk.page\/hr\/wp-json\/wp\/v2\/product_brand?post=3690495"},{"taxonomy":"product_cat","embeddable":true,"href":"https:\/\/stoic-curie.212-227-153-4.plesk.page\/hr\/wp-json\/wp\/v2\/product_cat?post=3690495"},{"taxonomy":"product_tag","embeddable":true,"href":"https:\/\/stoic-curie.212-227-153-4.plesk.page\/hr\/wp-json\/wp\/v2\/product_tag?post=3690495"}],"curies":[{"name":"wp","href":"https:\/\/api.w.org\/{rel}","templated":true}]}}