{"id":3690499,"date":"2025-10-13T13:43:14","date_gmt":"2025-10-13T17:43:14","guid":{"rendered":"https:\/\/stoic-curie.212-227-153-4.plesk.page\/product\/poklopac-zicanog-uzeta-za-jedrilice-navishell-grey-75-cm\/"},"modified":"2026-02-25T00:01:01","modified_gmt":"2026-02-25T00:01:01","slug":"poklopac-zicanog-uzeta-za-jedrilice-navishell-grey-75-cm","status":"publish","type":"product","link":"https:\/\/stoic-curie.212-227-153-4.plesk.page\/hr\/product\/poklopac-zicanog-uzeta-za-jedrilice-navishell-grey-75-cm\/","title":{"rendered":"Poklopac \u017ei\u010danog u\u017eeta za jedrilice Navishell Grey 75 cm"},"content":{"rendered":"<p>Poklopac \u017ei\u010danog u\u017eeta za jedrilice Navishell Grey 75 cm &#8211; <\/p>\n<p>Vodoodporni i UV otpornik akrilni materijal Navishell za\u0161titni pokrov za ogradu. Stabilizirana neizbrisiva boja ne blijedi i ostaje intenzivna \u010dak i nakon 3 godine neprekidne upotrebe. Opremljena jakim zatvara\u010dem za jednostavno i sigurno postavljanje.<\/p>\n","protected":false},"excerpt":{"rendered":"<p>Poklopac \u017ei\u010danog u\u017eeta za jedrilice Navishell Grey 75 cm &#8211; Vodoodporni i UV otpornik akrilni materijal Navishell za\u0161titni pokrov za<\/p>\n","protected":false},"featured_media":5944007,"comment_status":"closed","ping_status":"closed","template":"","meta":[],"product_brand":[3176],"product_cat":[1766,1758],"product_tag":[],"class_list":{"0":"post-3690499","1":"product","2":"type-product","3":"status-publish","4":"has-post-thumbnail","6":"product_brand-navishell-hr","7":"product_cat-navlake-i-stitnici-za-jedrilice","8":"product_cat-stupici-jedrilica","10":"first","11":"instock","12":"shipping-taxable","13":"purchasable","14":"product-type-simple"},"_links":{"self":[{"href":"https:\/\/stoic-curie.212-227-153-4.plesk.page\/hr\/wp-json\/wp\/v2\/product\/3690499","targetHints":{"allow":["GET"]}}],"collection":[{"href":"https:\/\/stoic-curie.212-227-153-4.plesk.page\/hr\/wp-json\/wp\/v2\/product"}],"about":[{"href":"https:\/\/stoic-curie.212-227-153-4.plesk.page\/hr\/wp-json\/wp\/v2\/types\/product"}],"replies":[{"embeddable":true,"href":"https:\/\/stoic-curie.212-227-153-4.plesk.page\/hr\/wp-json\/wp\/v2\/comments?post=3690499"}],"version-history":[{"count":0,"href":"https:\/\/stoic-curie.212-227-153-4.plesk.page\/hr\/wp-json\/wp\/v2\/product\/3690499\/revisions"}],"wp:featuredmedia":[{"embeddable":true,"href":"https:\/\/stoic-curie.212-227-153-4.plesk.page\/hr\/wp-json\/wp\/v2\/media\/5944007"}],"wp:attachment":[{"href":"https:\/\/stoic-curie.212-227-153-4.plesk.page\/hr\/wp-json\/wp\/v2\/media?parent=3690499"}],"wp:term":[{"taxonomy":"product_brand","embeddable":true,"href":"https:\/\/stoic-curie.212-227-153-4.plesk.page\/hr\/wp-json\/wp\/v2\/product_brand?post=3690499"},{"taxonomy":"product_cat","embeddable":true,"href":"https:\/\/stoic-curie.212-227-153-4.plesk.page\/hr\/wp-json\/wp\/v2\/product_cat?post=3690499"},{"taxonomy":"product_tag","embeddable":true,"href":"https:\/\/stoic-curie.212-227-153-4.plesk.page\/hr\/wp-json\/wp\/v2\/product_tag?post=3690499"}],"curies":[{"name":"wp","href":"https:\/\/api.w.org\/{rel}","templated":true}]}}