{"id":3690504,"date":"2025-10-13T13:43:16","date_gmt":"2025-10-13T17:43:16","guid":{"rendered":"https:\/\/stoic-curie.212-227-153-4.plesk.page\/product\/navlaka-za-winch-mekana-navishel-grey-25-x-17-cm\/"},"modified":"2026-02-25T00:01:01","modified_gmt":"2026-02-25T00:01:01","slug":"navlaka-za-winch-mekana-navishel-grey-25-x-17-cm","status":"publish","type":"product","link":"https:\/\/stoic-curie.212-227-153-4.plesk.page\/hr\/product\/navlaka-za-winch-mekana-navishel-grey-25-x-17-cm\/","title":{"rendered":"Navlaka za winch, mekana Navishel Grey 25 x 17 cm"},"content":{"rendered":"<p>Navlaka za winch, mekana Navishel Grey 25 x 17 cm &#8211; <\/p>\n<p>Navishell pokriva\u010d za vitlo od akrilnog materijala otporan na vodu i UV zrake. Dodatni plasti\u010dni sloj na dnu za odr\u017eavanje savr\u0161ene okrugle forme.<\/p>\n","protected":false},"excerpt":{"rendered":"<p>Navlaka za winch, mekana Navishel Grey 25 x 17 cm &#8211; Navishell pokriva\u010d za vitlo od akrilnog materijala otporan na<\/p>\n","protected":false},"featured_media":5944009,"comment_status":"closed","ping_status":"closed","template":"","meta":[],"product_brand":[3176],"product_cat":[1773,1766],"product_tag":[],"class_list":{"0":"post-3690504","1":"product","2":"type-product","3":"status-publish","4":"has-post-thumbnail","6":"product_brand-navishell-hr","7":"product_cat-antal-vincevi-za-jedrilice","8":"product_cat-navlake-i-stitnici-za-jedrilice","10":"first","11":"instock","12":"shipping-taxable","13":"purchasable","14":"product-type-simple"},"_links":{"self":[{"href":"https:\/\/stoic-curie.212-227-153-4.plesk.page\/hr\/wp-json\/wp\/v2\/product\/3690504","targetHints":{"allow":["GET"]}}],"collection":[{"href":"https:\/\/stoic-curie.212-227-153-4.plesk.page\/hr\/wp-json\/wp\/v2\/product"}],"about":[{"href":"https:\/\/stoic-curie.212-227-153-4.plesk.page\/hr\/wp-json\/wp\/v2\/types\/product"}],"replies":[{"embeddable":true,"href":"https:\/\/stoic-curie.212-227-153-4.plesk.page\/hr\/wp-json\/wp\/v2\/comments?post=3690504"}],"version-history":[{"count":0,"href":"https:\/\/stoic-curie.212-227-153-4.plesk.page\/hr\/wp-json\/wp\/v2\/product\/3690504\/revisions"}],"wp:featuredmedia":[{"embeddable":true,"href":"https:\/\/stoic-curie.212-227-153-4.plesk.page\/hr\/wp-json\/wp\/v2\/media\/5944009"}],"wp:attachment":[{"href":"https:\/\/stoic-curie.212-227-153-4.plesk.page\/hr\/wp-json\/wp\/v2\/media?parent=3690504"}],"wp:term":[{"taxonomy":"product_brand","embeddable":true,"href":"https:\/\/stoic-curie.212-227-153-4.plesk.page\/hr\/wp-json\/wp\/v2\/product_brand?post=3690504"},{"taxonomy":"product_cat","embeddable":true,"href":"https:\/\/stoic-curie.212-227-153-4.plesk.page\/hr\/wp-json\/wp\/v2\/product_cat?post=3690504"},{"taxonomy":"product_tag","embeddable":true,"href":"https:\/\/stoic-curie.212-227-153-4.plesk.page\/hr\/wp-json\/wp\/v2\/product_tag?post=3690504"}],"curies":[{"name":"wp","href":"https:\/\/api.w.org\/{rel}","templated":true}]}}