{"id":3690514,"date":"2025-10-13T13:43:19","date_gmt":"2025-10-13T17:43:19","guid":{"rendered":"https:\/\/stoic-curie.212-227-153-4.plesk.page\/product\/plava-zastita-otporna-na-uv-zrake-za-zicano-uze-columbus-100-cm\/"},"modified":"2026-02-25T00:01:01","modified_gmt":"2026-02-25T00:01:01","slug":"plava-zastita-otporna-na-uv-zrake-za-zicano-uze-columbus-100-cm","status":"publish","type":"product","link":"https:\/\/stoic-curie.212-227-153-4.plesk.page\/hr\/product\/plava-zastita-otporna-na-uv-zrake-za-zicano-uze-columbus-100-cm\/","title":{"rendered":"Plava za\u0161tita otporna na UV zrake za \u017ei\u010dano u\u017ee Columbus 100 cm"},"content":{"rendered":"<p>Plava za\u0161tita otporna na UV zrake za \u017ei\u010dano u\u017ee Columbus 100 cm &#8211; <\/p>\n<p>Pokrov za za\u0161titnu ogradu Columbus Guard Rail od UV otpornog materijala 600 DEN sa pjenastom unutra\u0161njo\u0161\u0107u. Dvostruko Velcro zatvaranje: jedan unutarnji za prekrivanje ograde, jedan vanjski za u\u010dvr\u0161\u0107ivanje pokrova.<\/p>\n","protected":false},"excerpt":{"rendered":"<p>Plava za\u0161tita otporna na UV zrake za \u017ei\u010dano u\u017ee Columbus 100 cm &#8211; Pokrov za za\u0161titnu ogradu Columbus Guard Rail<\/p>\n","protected":false},"featured_media":5944014,"comment_status":"closed","ping_status":"closed","template":"","meta":[],"product_brand":[3176],"product_cat":[1766,1758],"product_tag":[],"class_list":{"0":"post-3690514","1":"product","2":"type-product","3":"status-publish","4":"has-post-thumbnail","6":"product_brand-navishell-hr","7":"product_cat-navlake-i-stitnici-za-jedrilice","8":"product_cat-stupici-jedrilica","10":"first","11":"instock","12":"shipping-taxable","13":"purchasable","14":"product-type-simple"},"_links":{"self":[{"href":"https:\/\/stoic-curie.212-227-153-4.plesk.page\/hr\/wp-json\/wp\/v2\/product\/3690514","targetHints":{"allow":["GET"]}}],"collection":[{"href":"https:\/\/stoic-curie.212-227-153-4.plesk.page\/hr\/wp-json\/wp\/v2\/product"}],"about":[{"href":"https:\/\/stoic-curie.212-227-153-4.plesk.page\/hr\/wp-json\/wp\/v2\/types\/product"}],"replies":[{"embeddable":true,"href":"https:\/\/stoic-curie.212-227-153-4.plesk.page\/hr\/wp-json\/wp\/v2\/comments?post=3690514"}],"version-history":[{"count":0,"href":"https:\/\/stoic-curie.212-227-153-4.plesk.page\/hr\/wp-json\/wp\/v2\/product\/3690514\/revisions"}],"wp:featuredmedia":[{"embeddable":true,"href":"https:\/\/stoic-curie.212-227-153-4.plesk.page\/hr\/wp-json\/wp\/v2\/media\/5944014"}],"wp:attachment":[{"href":"https:\/\/stoic-curie.212-227-153-4.plesk.page\/hr\/wp-json\/wp\/v2\/media?parent=3690514"}],"wp:term":[{"taxonomy":"product_brand","embeddable":true,"href":"https:\/\/stoic-curie.212-227-153-4.plesk.page\/hr\/wp-json\/wp\/v2\/product_brand?post=3690514"},{"taxonomy":"product_cat","embeddable":true,"href":"https:\/\/stoic-curie.212-227-153-4.plesk.page\/hr\/wp-json\/wp\/v2\/product_cat?post=3690514"},{"taxonomy":"product_tag","embeddable":true,"href":"https:\/\/stoic-curie.212-227-153-4.plesk.page\/hr\/wp-json\/wp\/v2\/product_tag?post=3690514"}],"curies":[{"name":"wp","href":"https:\/\/api.w.org\/{rel}","templated":true}]}}