{"id":3690516,"date":"2025-10-13T13:43:19","date_gmt":"2025-10-13T17:43:19","guid":{"rendered":"https:\/\/stoic-curie.212-227-153-4.plesk.page\/product\/spiroll-zastita-za-konop-crna-8-16mm-x40cm\/"},"modified":"2026-02-25T00:01:01","modified_gmt":"2026-02-25T00:01:01","slug":"spiroll-zastita-za-konop-crna-8-16mm-x40cm","status":"publish","type":"product","link":"https:\/\/stoic-curie.212-227-153-4.plesk.page\/hr\/product\/spiroll-zastita-za-konop-crna-8-16mm-x40cm\/","title":{"rendered":"Spiroll za\u0161tita za konop crna 8-16mm x40cm"},"content":{"rendered":"<p>Spiroll za\u0161tita za konop crna 8-16mm x40cm  &#8211; <\/p>\n<p>UV otporna i izdr\u017eljiva za\u0161tita za sidreni konopac od poliuretana. Lako se montira\/omotava oko konopa, posebna tehnika omogu\u0107ava navlaci da se automatski omota oko konopa, pru\u017eaju\u0107i savr\u0161eno prianjanje. Tako\u0111er smanjuje &#8220;\u0161kripanje&#8221; prilikom kori\u0161tenja sidrenog \u010dvora.<\/p>\n","protected":false},"excerpt":{"rendered":"<p>Spiroll za\u0161tita za konop crna 8-16mm x40cm &#8211; UV otporna i izdr\u017eljiva za\u0161tita za sidreni konopac od poliuretana. Lako se<\/p>\n","protected":false},"featured_media":5944019,"comment_status":"closed","ping_status":"closed","template":"","meta":[],"product_brand":[2901],"product_cat":[1613],"product_tag":[],"class_list":{"0":"post-3690516","1":"product","2":"type-product","3":"status-publish","4":"has-post-thumbnail","6":"product_brand-douglas-marine-hr","7":"product_cat-alati-za-rezanje","9":"first","10":"instock","11":"shipping-taxable","12":"purchasable","13":"product-type-simple"},"_links":{"self":[{"href":"https:\/\/stoic-curie.212-227-153-4.plesk.page\/hr\/wp-json\/wp\/v2\/product\/3690516","targetHints":{"allow":["GET"]}}],"collection":[{"href":"https:\/\/stoic-curie.212-227-153-4.plesk.page\/hr\/wp-json\/wp\/v2\/product"}],"about":[{"href":"https:\/\/stoic-curie.212-227-153-4.plesk.page\/hr\/wp-json\/wp\/v2\/types\/product"}],"replies":[{"embeddable":true,"href":"https:\/\/stoic-curie.212-227-153-4.plesk.page\/hr\/wp-json\/wp\/v2\/comments?post=3690516"}],"version-history":[{"count":0,"href":"https:\/\/stoic-curie.212-227-153-4.plesk.page\/hr\/wp-json\/wp\/v2\/product\/3690516\/revisions"}],"wp:featuredmedia":[{"embeddable":true,"href":"https:\/\/stoic-curie.212-227-153-4.plesk.page\/hr\/wp-json\/wp\/v2\/media\/5944019"}],"wp:attachment":[{"href":"https:\/\/stoic-curie.212-227-153-4.plesk.page\/hr\/wp-json\/wp\/v2\/media?parent=3690516"}],"wp:term":[{"taxonomy":"product_brand","embeddable":true,"href":"https:\/\/stoic-curie.212-227-153-4.plesk.page\/hr\/wp-json\/wp\/v2\/product_brand?post=3690516"},{"taxonomy":"product_cat","embeddable":true,"href":"https:\/\/stoic-curie.212-227-153-4.plesk.page\/hr\/wp-json\/wp\/v2\/product_cat?post=3690516"},{"taxonomy":"product_tag","embeddable":true,"href":"https:\/\/stoic-curie.212-227-153-4.plesk.page\/hr\/wp-json\/wp\/v2\/product_tag?post=3690516"}],"curies":[{"name":"wp","href":"https:\/\/api.w.org\/{rel}","templated":true}]}}