{"id":3690522,"date":"2025-10-13T13:43:21","date_gmt":"2025-10-13T17:43:21","guid":{"rendered":"https:\/\/stoic-curie.212-227-153-4.plesk.page\/product\/mreza-protiv-komaraca-za-okna-velicine-veliki-30x70-cm\/"},"modified":"2026-02-25T00:01:01","modified_gmt":"2026-02-25T00:01:01","slug":"mreza-protiv-komaraca-za-okna-velicine-veliki-30x70-cm","status":"publish","type":"product","link":"https:\/\/stoic-curie.212-227-153-4.plesk.page\/hr\/product\/mreza-protiv-komaraca-za-okna-velicine-veliki-30x70-cm\/","title":{"rendered":"Mre\u017ea protiv komaraca za okna velicine veliki 30&#215;70 cm"},"content":{"rendered":"<p>Mre\u017ea protiv komaraca za okna velicine veliki 30&#215;70 cm &#8211; <\/p>\n<p>Omogu\u0107ite ventilaciju \u010damca bez ulaska insekata i komaraca.<\/p>\n","protected":false},"excerpt":{"rendered":"<p>Mre\u017ea protiv komaraca za okna velicine veliki 30&#215;70 cm &#8211; Omogu\u0107ite ventilaciju \u010damca bez ulaska insekata i komaraca.<\/p>\n","protected":false},"featured_media":5944027,"comment_status":"closed","ping_status":"closed","template":"","meta":[],"product_brand":[3166],"product_cat":[1702],"product_tag":[],"class_list":{"0":"post-3690522","1":"product","2":"type-product","3":"status-publish","4":"has-post-thumbnail","6":"product_brand-nautica-f4-hr","7":"product_cat-brodske-grotlasca-i-otvori","9":"first","10":"instock","11":"shipping-taxable","12":"purchasable","13":"product-type-simple"},"_links":{"self":[{"href":"https:\/\/stoic-curie.212-227-153-4.plesk.page\/hr\/wp-json\/wp\/v2\/product\/3690522","targetHints":{"allow":["GET"]}}],"collection":[{"href":"https:\/\/stoic-curie.212-227-153-4.plesk.page\/hr\/wp-json\/wp\/v2\/product"}],"about":[{"href":"https:\/\/stoic-curie.212-227-153-4.plesk.page\/hr\/wp-json\/wp\/v2\/types\/product"}],"replies":[{"embeddable":true,"href":"https:\/\/stoic-curie.212-227-153-4.plesk.page\/hr\/wp-json\/wp\/v2\/comments?post=3690522"}],"version-history":[{"count":0,"href":"https:\/\/stoic-curie.212-227-153-4.plesk.page\/hr\/wp-json\/wp\/v2\/product\/3690522\/revisions"}],"wp:featuredmedia":[{"embeddable":true,"href":"https:\/\/stoic-curie.212-227-153-4.plesk.page\/hr\/wp-json\/wp\/v2\/media\/5944027"}],"wp:attachment":[{"href":"https:\/\/stoic-curie.212-227-153-4.plesk.page\/hr\/wp-json\/wp\/v2\/media?parent=3690522"}],"wp:term":[{"taxonomy":"product_brand","embeddable":true,"href":"https:\/\/stoic-curie.212-227-153-4.plesk.page\/hr\/wp-json\/wp\/v2\/product_brand?post=3690522"},{"taxonomy":"product_cat","embeddable":true,"href":"https:\/\/stoic-curie.212-227-153-4.plesk.page\/hr\/wp-json\/wp\/v2\/product_cat?post=3690522"},{"taxonomy":"product_tag","embeddable":true,"href":"https:\/\/stoic-curie.212-227-153-4.plesk.page\/hr\/wp-json\/wp\/v2\/product_tag?post=3690522"}],"curies":[{"name":"wp","href":"https:\/\/api.w.org\/{rel}","templated":true}]}}