{"id":3690524,"date":"2025-10-13T13:43:21","date_gmt":"2025-10-13T17:43:21","guid":{"rendered":"https:\/\/stoic-curie.212-227-153-4.plesk.page\/product\/zastitna-mrezica-za-grotlasca-velicine-60x60-cm\/"},"modified":"2026-02-25T00:01:01","modified_gmt":"2026-02-25T00:01:01","slug":"zastitna-mrezica-za-grotlasca-velicine-60x60-cm","status":"publish","type":"product","link":"https:\/\/stoic-curie.212-227-153-4.plesk.page\/hr\/product\/zastitna-mrezica-za-grotlasca-velicine-60x60-cm\/","title":{"rendered":"Za\u0161titna mre\u017eica za grotla\u0161ca veli\u010dine 60&#215;60 cm"},"content":{"rendered":"<p>Za\u0161titna mre\u017eica za grotla\u0161ca veli\u010dine 60&#215;60 cm &#8211; <\/p>\n<p>Roo\u010dke za otvore dostupne su u tri veli\u010dine i osmi\u0161ljene su tako da unutar \u010damca bude tamno radi kvalitetnog sna. Tako\u0111er ventiliraju \u010damac bez ulaska komaraca ili drugih insekata. Mogu se montirati s usisnom \u010da\u0161om ili magnetom iznutra.<\/p>\n","protected":false},"excerpt":{"rendered":"<p>Za\u0161titna mre\u017eica za grotla\u0161ca veli\u010dine 60&#215;60 cm &#8211; Roo\u010dke za otvore dostupne su u tri veli\u010dine i osmi\u0161ljene su tako<\/p>\n","protected":false},"featured_media":5944035,"comment_status":"closed","ping_status":"closed","template":"","meta":[],"product_brand":[3176],"product_cat":[1702],"product_tag":[],"class_list":{"0":"post-3690524","1":"product","2":"type-product","3":"status-publish","4":"has-post-thumbnail","6":"product_brand-navishell-hr","7":"product_cat-brodske-grotlasca-i-otvori","9":"first","10":"instock","11":"shipping-taxable","12":"purchasable","13":"product-type-simple"},"_links":{"self":[{"href":"https:\/\/stoic-curie.212-227-153-4.plesk.page\/hr\/wp-json\/wp\/v2\/product\/3690524","targetHints":{"allow":["GET"]}}],"collection":[{"href":"https:\/\/stoic-curie.212-227-153-4.plesk.page\/hr\/wp-json\/wp\/v2\/product"}],"about":[{"href":"https:\/\/stoic-curie.212-227-153-4.plesk.page\/hr\/wp-json\/wp\/v2\/types\/product"}],"replies":[{"embeddable":true,"href":"https:\/\/stoic-curie.212-227-153-4.plesk.page\/hr\/wp-json\/wp\/v2\/comments?post=3690524"}],"version-history":[{"count":0,"href":"https:\/\/stoic-curie.212-227-153-4.plesk.page\/hr\/wp-json\/wp\/v2\/product\/3690524\/revisions"}],"wp:featuredmedia":[{"embeddable":true,"href":"https:\/\/stoic-curie.212-227-153-4.plesk.page\/hr\/wp-json\/wp\/v2\/media\/5944035"}],"wp:attachment":[{"href":"https:\/\/stoic-curie.212-227-153-4.plesk.page\/hr\/wp-json\/wp\/v2\/media?parent=3690524"}],"wp:term":[{"taxonomy":"product_brand","embeddable":true,"href":"https:\/\/stoic-curie.212-227-153-4.plesk.page\/hr\/wp-json\/wp\/v2\/product_brand?post=3690524"},{"taxonomy":"product_cat","embeddable":true,"href":"https:\/\/stoic-curie.212-227-153-4.plesk.page\/hr\/wp-json\/wp\/v2\/product_cat?post=3690524"},{"taxonomy":"product_tag","embeddable":true,"href":"https:\/\/stoic-curie.212-227-153-4.plesk.page\/hr\/wp-json\/wp\/v2\/product_tag?post=3690524"}],"curies":[{"name":"wp","href":"https:\/\/api.w.org\/{rel}","templated":true}]}}