{"id":3690526,"date":"2025-10-13T13:43:22","date_gmt":"2025-10-13T17:43:22","guid":{"rendered":"https:\/\/stoic-curie.212-227-153-4.plesk.page\/product\/zastitna-mrezica-za-okna-velicine-23x49-cm\/"},"modified":"2026-02-25T00:01:01","modified_gmt":"2026-02-25T00:01:01","slug":"zastitna-mrezica-za-okna-velicine-23x49-cm","status":"publish","type":"product","link":"https:\/\/stoic-curie.212-227-153-4.plesk.page\/hr\/product\/zastitna-mrezica-za-okna-velicine-23x49-cm\/","title":{"rendered":"Za\u0161titna mre\u017eica za okna veli\u010dine 23&#215;49 cm"},"content":{"rendered":"<p>Za\u0161titna mre\u017eica za okna veli\u010dine 23&#215;49 cm &#8211; <\/p>\n<p>Rolete za prozore dostupne su u dvije dimenzije, dizajnirane da unutar \u010damca stvore tamu za dobar no\u0107ni san, a tako\u0111er ventiliraju \u010damac, a da pritom ne pu\u0161taju komarce ili druge insekte unutra. Mogu se montirati iznutra s usisnom \u010da\u0161om ili magnetom. 3272557 prodaje se u parovima.<\/p>\n","protected":false},"excerpt":{"rendered":"<p>Za\u0161titna mre\u017eica za okna veli\u010dine 23&#215;49 cm &#8211; Rolete za prozore dostupne su u dvije dimenzije, dizajnirane da unutar \u010damca<\/p>\n","protected":false},"featured_media":5944040,"comment_status":"closed","ping_status":"closed","template":"","meta":[],"product_brand":[3176],"product_cat":[1702],"product_tag":[],"class_list":{"0":"post-3690526","1":"product","2":"type-product","3":"status-publish","4":"has-post-thumbnail","6":"product_brand-navishell-hr","7":"product_cat-brodske-grotlasca-i-otvori","9":"first","10":"instock","11":"shipping-taxable","12":"purchasable","13":"product-type-simple"},"_links":{"self":[{"href":"https:\/\/stoic-curie.212-227-153-4.plesk.page\/hr\/wp-json\/wp\/v2\/product\/3690526","targetHints":{"allow":["GET"]}}],"collection":[{"href":"https:\/\/stoic-curie.212-227-153-4.plesk.page\/hr\/wp-json\/wp\/v2\/product"}],"about":[{"href":"https:\/\/stoic-curie.212-227-153-4.plesk.page\/hr\/wp-json\/wp\/v2\/types\/product"}],"replies":[{"embeddable":true,"href":"https:\/\/stoic-curie.212-227-153-4.plesk.page\/hr\/wp-json\/wp\/v2\/comments?post=3690526"}],"version-history":[{"count":0,"href":"https:\/\/stoic-curie.212-227-153-4.plesk.page\/hr\/wp-json\/wp\/v2\/product\/3690526\/revisions"}],"wp:featuredmedia":[{"embeddable":true,"href":"https:\/\/stoic-curie.212-227-153-4.plesk.page\/hr\/wp-json\/wp\/v2\/media\/5944040"}],"wp:attachment":[{"href":"https:\/\/stoic-curie.212-227-153-4.plesk.page\/hr\/wp-json\/wp\/v2\/media?parent=3690526"}],"wp:term":[{"taxonomy":"product_brand","embeddable":true,"href":"https:\/\/stoic-curie.212-227-153-4.plesk.page\/hr\/wp-json\/wp\/v2\/product_brand?post=3690526"},{"taxonomy":"product_cat","embeddable":true,"href":"https:\/\/stoic-curie.212-227-153-4.plesk.page\/hr\/wp-json\/wp\/v2\/product_cat?post=3690526"},{"taxonomy":"product_tag","embeddable":true,"href":"https:\/\/stoic-curie.212-227-153-4.plesk.page\/hr\/wp-json\/wp\/v2\/product_tag?post=3690526"}],"curies":[{"name":"wp","href":"https:\/\/api.w.org\/{rel}","templated":true}]}}