{"id":3690529,"date":"2025-10-13T13:43:23","date_gmt":"2025-10-13T17:43:23","guid":{"rendered":"https:\/\/stoic-curie.212-227-153-4.plesk.page\/product\/set-2-kom-kozna-zastita-za-stupice-jedrilice\/"},"modified":"2026-02-25T00:01:01","modified_gmt":"2026-02-25T00:01:01","slug":"set-2-kom-kozna-zastita-za-stupice-jedrilice","status":"publish","type":"product","link":"https:\/\/stoic-curie.212-227-153-4.plesk.page\/hr\/product\/set-2-kom-kozna-zastita-za-stupice-jedrilice\/","title":{"rendered":"Set 2 kom ko\u017ena za\u0161tita za stupi\u0107e jedrilice"},"content":{"rendered":"<p>Set 2 kom ko\u017ena za\u0161tita za stupi\u0107e jedrilice &#8211; <\/p>\n<p>Prera\u0111ene ko\u017ee od pravog materijala pru\u017eaju finu za\u0161titu za stropne stupove. Lako se montiraju zahvaljuju\u0107i unaprijed izbu\u0161enoj ko\u017ei. Pakiranje uklju\u010duje iglu i konac. Prodaje se u parovima.<\/p>\n","protected":false},"excerpt":{"rendered":"<p>Set 2 kom ko\u017ena za\u0161tita za stupi\u0107e jedrilice &#8211; Prera\u0111ene ko\u017ee od pravog materijala pru\u017eaju finu za\u0161titu za stropne stupove.<\/p>\n","protected":false},"featured_media":5944050,"comment_status":"closed","ping_status":"closed","template":"","meta":[],"product_brand":[3206],"product_cat":[1766,1765,1758],"product_tag":[],"class_list":{"0":"post-3690529","1":"product","2":"type-product","3":"status-publish","4":"has-post-thumbnail","6":"product_brand-nova-argonautica-hr","7":"product_cat-navlake-i-stitnici-za-jedrilice","8":"product_cat-pribor-i-oprema-za-brodice-i-jedrilice","9":"product_cat-stupici-jedrilica","11":"first","12":"instock","13":"shipping-taxable","14":"purchasable","15":"product-type-simple"},"_links":{"self":[{"href":"https:\/\/stoic-curie.212-227-153-4.plesk.page\/hr\/wp-json\/wp\/v2\/product\/3690529","targetHints":{"allow":["GET"]}}],"collection":[{"href":"https:\/\/stoic-curie.212-227-153-4.plesk.page\/hr\/wp-json\/wp\/v2\/product"}],"about":[{"href":"https:\/\/stoic-curie.212-227-153-4.plesk.page\/hr\/wp-json\/wp\/v2\/types\/product"}],"replies":[{"embeddable":true,"href":"https:\/\/stoic-curie.212-227-153-4.plesk.page\/hr\/wp-json\/wp\/v2\/comments?post=3690529"}],"version-history":[{"count":0,"href":"https:\/\/stoic-curie.212-227-153-4.plesk.page\/hr\/wp-json\/wp\/v2\/product\/3690529\/revisions"}],"wp:featuredmedia":[{"embeddable":true,"href":"https:\/\/stoic-curie.212-227-153-4.plesk.page\/hr\/wp-json\/wp\/v2\/media\/5944050"}],"wp:attachment":[{"href":"https:\/\/stoic-curie.212-227-153-4.plesk.page\/hr\/wp-json\/wp\/v2\/media?parent=3690529"}],"wp:term":[{"taxonomy":"product_brand","embeddable":true,"href":"https:\/\/stoic-curie.212-227-153-4.plesk.page\/hr\/wp-json\/wp\/v2\/product_brand?post=3690529"},{"taxonomy":"product_cat","embeddable":true,"href":"https:\/\/stoic-curie.212-227-153-4.plesk.page\/hr\/wp-json\/wp\/v2\/product_cat?post=3690529"},{"taxonomy":"product_tag","embeddable":true,"href":"https:\/\/stoic-curie.212-227-153-4.plesk.page\/hr\/wp-json\/wp\/v2\/product_tag?post=3690529"}],"curies":[{"name":"wp","href":"https:\/\/api.w.org\/{rel}","templated":true}]}}