{"id":3690531,"date":"2025-10-13T13:43:23","date_gmt":"2025-10-13T17:43:23","guid":{"rendered":"https:\/\/stoic-curie.212-227-153-4.plesk.page\/product\/kozna-torbica-95-122-mm\/"},"modified":"2026-02-25T00:01:01","modified_gmt":"2026-02-25T00:01:01","slug":"kozna-torbica-95-122-mm","status":"publish","type":"product","link":"https:\/\/stoic-curie.212-227-153-4.plesk.page\/hr\/product\/kozna-torbica-95-122-mm\/","title":{"rendered":"Ko\u017ena torbica 95 <> 122 mm"},"content":{"rendered":"<p>Ko\u017ena torbica 95 <> 122 mm &#8211; Obra\u0111ena prava ko\u017ea kao fina za\u0161tita za raspr\u0161iva\u010de. Dostupno u \u010detiri veli\u010dine. Unutra\u0161njost je oblo\u017eena neopr\u00e9nom za savr\u0161eno prilago\u0111avanje. Za\u0161tita dolazi s dugim \u010di\u010dak trakama koje odgovaraju \u010dak i \u0161irokim raspr\u0161iva\u010dima. jednostavno skratite \u010di\u010dak traku na odgovaraju\u0107u duljinu i pri\u010dvrstite \u010dizmu \u010di\u010dkom s unutra\u0161nje strane. Prodaje se u parovima.<\/p>\n","protected":false},"excerpt":{"rendered":"<p>Ko\u017ena torbica 95 122 mm &#8211; Obra\u0111ena prava ko\u017ea kao fina za\u0161tita za raspr\u0161iva\u010de. Dostupno u \u010detiri veli\u010dine. Unutra\u0161njost je<\/p>\n","protected":false},"featured_media":5944051,"comment_status":"closed","ping_status":"closed","template":"","meta":[],"product_brand":[2936],"product_cat":[1766,1771],"product_tag":[],"class_list":{"0":"post-3690531","1":"product","2":"type-product","3":"status-publish","4":"has-post-thumbnail","6":"product_brand-fendress-hr","7":"product_cat-navlake-i-stitnici-za-jedrilice","8":"product_cat-oprema-za-jedrilice-oprema-za-jedrilice","10":"first","11":"instock","12":"shipping-taxable","13":"purchasable","14":"product-type-simple"},"_links":{"self":[{"href":"https:\/\/stoic-curie.212-227-153-4.plesk.page\/hr\/wp-json\/wp\/v2\/product\/3690531","targetHints":{"allow":["GET"]}}],"collection":[{"href":"https:\/\/stoic-curie.212-227-153-4.plesk.page\/hr\/wp-json\/wp\/v2\/product"}],"about":[{"href":"https:\/\/stoic-curie.212-227-153-4.plesk.page\/hr\/wp-json\/wp\/v2\/types\/product"}],"replies":[{"embeddable":true,"href":"https:\/\/stoic-curie.212-227-153-4.plesk.page\/hr\/wp-json\/wp\/v2\/comments?post=3690531"}],"version-history":[{"count":0,"href":"https:\/\/stoic-curie.212-227-153-4.plesk.page\/hr\/wp-json\/wp\/v2\/product\/3690531\/revisions"}],"wp:featuredmedia":[{"embeddable":true,"href":"https:\/\/stoic-curie.212-227-153-4.plesk.page\/hr\/wp-json\/wp\/v2\/media\/5944051"}],"wp:attachment":[{"href":"https:\/\/stoic-curie.212-227-153-4.plesk.page\/hr\/wp-json\/wp\/v2\/media?parent=3690531"}],"wp:term":[{"taxonomy":"product_brand","embeddable":true,"href":"https:\/\/stoic-curie.212-227-153-4.plesk.page\/hr\/wp-json\/wp\/v2\/product_brand?post=3690531"},{"taxonomy":"product_cat","embeddable":true,"href":"https:\/\/stoic-curie.212-227-153-4.plesk.page\/hr\/wp-json\/wp\/v2\/product_cat?post=3690531"},{"taxonomy":"product_tag","embeddable":true,"href":"https:\/\/stoic-curie.212-227-153-4.plesk.page\/hr\/wp-json\/wp\/v2\/product_tag?post=3690531"}],"curies":[{"name":"wp","href":"https:\/\/api.w.org\/{rel}","templated":true}]}}