{"id":3690549,"date":"2025-10-13T13:43:28","date_gmt":"2025-10-13T17:43:28","guid":{"rendered":"https:\/\/stoic-curie.212-227-153-4.plesk.page\/product\/kvalitetna-cetka-od-tvrdih-vlakana-s-pvc-kucistem-180-x-80-mm\/"},"modified":"2026-02-25T00:01:01","modified_gmt":"2026-02-25T00:01:01","slug":"kvalitetna-cetka-od-tvrdih-vlakana-s-pvc-kucistem-180-x-80-mm","status":"publish","type":"product","link":"https:\/\/stoic-curie.212-227-153-4.plesk.page\/hr\/product\/kvalitetna-cetka-od-tvrdih-vlakana-s-pvc-kucistem-180-x-80-mm\/","title":{"rendered":"Kvalitetna cetka od tvrdih vlakana s PVC kuci\u0161tem 180 x 80 mm"},"content":{"rendered":"<p>Kvalitetna cetka od tvrdih vlakana s PVC kuci\u0161tem 180 x 80 mm &#8211; <\/p>\n<p>Kvalitetna \u010detka s tvrdim vlaknima, PVC tijelom, gumiranom za\u0161titom od udarca i ergonomski oblikovanom gumiranom dr\u0161kom. Savr\u0161eno za te\u017ee prljav\u0161tine i uklanjanje naslaga.<\/p>\n","protected":false},"excerpt":{"rendered":"<p>Kvalitetna cetka od tvrdih vlakana s PVC kuci\u0161tem 180 x 80 mm &#8211; Kvalitetna \u010detka s tvrdim vlaknima, PVC tijelom,<\/p>\n","protected":false},"featured_media":5944058,"comment_status":"closed","ping_status":"closed","template":"","meta":[],"product_brand":[3491],"product_cat":[1633],"product_tag":[],"class_list":{"0":"post-3690549","1":"product","2":"type-product","3":"status-publish","4":"has-post-thumbnail","6":"product_brand-trem-hr","7":"product_cat-cetke-za-ciscenje","9":"first","10":"instock","11":"shipping-taxable","12":"purchasable","13":"product-type-simple"},"_links":{"self":[{"href":"https:\/\/stoic-curie.212-227-153-4.plesk.page\/hr\/wp-json\/wp\/v2\/product\/3690549","targetHints":{"allow":["GET"]}}],"collection":[{"href":"https:\/\/stoic-curie.212-227-153-4.plesk.page\/hr\/wp-json\/wp\/v2\/product"}],"about":[{"href":"https:\/\/stoic-curie.212-227-153-4.plesk.page\/hr\/wp-json\/wp\/v2\/types\/product"}],"replies":[{"embeddable":true,"href":"https:\/\/stoic-curie.212-227-153-4.plesk.page\/hr\/wp-json\/wp\/v2\/comments?post=3690549"}],"version-history":[{"count":0,"href":"https:\/\/stoic-curie.212-227-153-4.plesk.page\/hr\/wp-json\/wp\/v2\/product\/3690549\/revisions"}],"wp:featuredmedia":[{"embeddable":true,"href":"https:\/\/stoic-curie.212-227-153-4.plesk.page\/hr\/wp-json\/wp\/v2\/media\/5944058"}],"wp:attachment":[{"href":"https:\/\/stoic-curie.212-227-153-4.plesk.page\/hr\/wp-json\/wp\/v2\/media?parent=3690549"}],"wp:term":[{"taxonomy":"product_brand","embeddable":true,"href":"https:\/\/stoic-curie.212-227-153-4.plesk.page\/hr\/wp-json\/wp\/v2\/product_brand?post=3690549"},{"taxonomy":"product_cat","embeddable":true,"href":"https:\/\/stoic-curie.212-227-153-4.plesk.page\/hr\/wp-json\/wp\/v2\/product_cat?post=3690549"},{"taxonomy":"product_tag","embeddable":true,"href":"https:\/\/stoic-curie.212-227-153-4.plesk.page\/hr\/wp-json\/wp\/v2\/product_tag?post=3690549"}],"curies":[{"name":"wp","href":"https:\/\/api.w.org\/{rel}","templated":true}]}}