{"id":3690551,"date":"2025-10-13T13:43:29","date_gmt":"2025-10-13T17:43:29","guid":{"rendered":"https:\/\/stoic-curie.212-227-153-4.plesk.page\/product\/carobna-rukavica-od-mikrovlakana-26x20cm\/"},"modified":"2026-02-25T00:01:01","modified_gmt":"2026-02-25T00:01:01","slug":"carobna-rukavica-od-mikrovlakana-26x20cm","status":"publish","type":"product","link":"https:\/\/stoic-curie.212-227-153-4.plesk.page\/hr\/product\/carobna-rukavica-od-mikrovlakana-26x20cm\/","title":{"rendered":"\u010carobna rukavica od mikrovlakana 26x20cm"},"content":{"rendered":"<p>\u010carobna rukavica od mikrovlakana 26x20cm &#8211; <\/p>\n<p>Ovaj specijalni mikrofiberski rukavica za pranje savr\u0161ena je za brzo \u010di\u0161\u0107enje bilo koje povr\u0161ine. Jedna strana upija vodu i deterd\u017eente za savr\u0161eno sapunanje i ispiranje. Druga strana uklanja prljav\u0161tinu i kamenac.<\/p>\n","protected":false},"excerpt":{"rendered":"<p>\u010carobna rukavica od mikrovlakana 26x20cm &#8211; Ovaj specijalni mikrofiberski rukavica za pranje savr\u0161ena je za brzo \u010di\u0161\u0107enje bilo koje povr\u0161ine.<\/p>\n","protected":false},"featured_media":5944061,"comment_status":"closed","ping_status":"closed","template":"","meta":[],"product_brand":[3236],"product_cat":[1631,1633],"product_tag":[],"class_list":{"0":"post-3690551","1":"product","2":"type-product","3":"status-publish","4":"has-post-thumbnail","6":"product_brand-osculati-hr","7":"product_cat-alati-za-ciscenje","8":"product_cat-cetke-za-ciscenje","10":"first","11":"instock","12":"shipping-taxable","13":"purchasable","14":"product-type-simple"},"_links":{"self":[{"href":"https:\/\/stoic-curie.212-227-153-4.plesk.page\/hr\/wp-json\/wp\/v2\/product\/3690551","targetHints":{"allow":["GET"]}}],"collection":[{"href":"https:\/\/stoic-curie.212-227-153-4.plesk.page\/hr\/wp-json\/wp\/v2\/product"}],"about":[{"href":"https:\/\/stoic-curie.212-227-153-4.plesk.page\/hr\/wp-json\/wp\/v2\/types\/product"}],"replies":[{"embeddable":true,"href":"https:\/\/stoic-curie.212-227-153-4.plesk.page\/hr\/wp-json\/wp\/v2\/comments?post=3690551"}],"version-history":[{"count":0,"href":"https:\/\/stoic-curie.212-227-153-4.plesk.page\/hr\/wp-json\/wp\/v2\/product\/3690551\/revisions"}],"wp:featuredmedia":[{"embeddable":true,"href":"https:\/\/stoic-curie.212-227-153-4.plesk.page\/hr\/wp-json\/wp\/v2\/media\/5944061"}],"wp:attachment":[{"href":"https:\/\/stoic-curie.212-227-153-4.plesk.page\/hr\/wp-json\/wp\/v2\/media?parent=3690551"}],"wp:term":[{"taxonomy":"product_brand","embeddable":true,"href":"https:\/\/stoic-curie.212-227-153-4.plesk.page\/hr\/wp-json\/wp\/v2\/product_brand?post=3690551"},{"taxonomy":"product_cat","embeddable":true,"href":"https:\/\/stoic-curie.212-227-153-4.plesk.page\/hr\/wp-json\/wp\/v2\/product_cat?post=3690551"},{"taxonomy":"product_tag","embeddable":true,"href":"https:\/\/stoic-curie.212-227-153-4.plesk.page\/hr\/wp-json\/wp\/v2\/product_tag?post=3690551"}],"curies":[{"name":"wp","href":"https:\/\/api.w.org\/{rel}","templated":true}]}}