{"id":3690559,"date":"2025-10-13T13:43:31","date_gmt":"2025-10-13T17:43:31","guid":{"rendered":"https:\/\/stoic-curie.212-227-153-4.plesk.page\/product\/aluminijska-sesterokutna-zrtvena-anoda-za-osovinu-35mm\/"},"modified":"2026-02-25T00:01:01","modified_gmt":"2026-02-25T00:01:01","slug":"aluminijska-sesterokutna-zrtvena-anoda-za-osovinu-35mm","status":"publish","type":"product","link":"https:\/\/stoic-curie.212-227-153-4.plesk.page\/hr\/product\/aluminijska-sesterokutna-zrtvena-anoda-za-osovinu-35mm\/","title":{"rendered":"Aluminijska \u0161esterokutna \u017ertvena anoda za osovinu 35mm"},"content":{"rendered":"<p>Aluminijska \u0161esterokutna \u017ertvena anoda za osovinu 35mm &#8211; <\/p>\n<p>Martyr aluminijski M2 legura propellerske heksagonalne konusne umetke anode. <br \/>\u2022 \u0160titi 50 % du\u017ee od tradicionalnih cinkovih anoda <br \/>\u2022 Te\u017ei 50 % manje od tradicionalnih cinkovih anoda<\/p>\n","protected":false},"excerpt":{"rendered":"<p>Aluminijska \u0161esterokutna \u017ertvena anoda za osovinu 35mm &#8211; Martyr aluminijski M2 legura propellerske heksagonalne konusne umetke anode. \u2022 \u0160titi 50<\/p>\n","protected":false},"featured_media":5944078,"comment_status":"closed","ping_status":"closed","template":"","meta":[],"product_brand":[3126],"product_cat":[1636],"product_tag":[],"class_list":{"0":"post-3690559","1":"product","2":"type-product","3":"status-publish","4":"has-post-thumbnail","6":"product_brand-martyr-hr","7":"product_cat-anode-za-propelere","9":"first","10":"instock","11":"shipping-taxable","12":"purchasable","13":"product-type-simple"},"_links":{"self":[{"href":"https:\/\/stoic-curie.212-227-153-4.plesk.page\/hr\/wp-json\/wp\/v2\/product\/3690559","targetHints":{"allow":["GET"]}}],"collection":[{"href":"https:\/\/stoic-curie.212-227-153-4.plesk.page\/hr\/wp-json\/wp\/v2\/product"}],"about":[{"href":"https:\/\/stoic-curie.212-227-153-4.plesk.page\/hr\/wp-json\/wp\/v2\/types\/product"}],"replies":[{"embeddable":true,"href":"https:\/\/stoic-curie.212-227-153-4.plesk.page\/hr\/wp-json\/wp\/v2\/comments?post=3690559"}],"version-history":[{"count":0,"href":"https:\/\/stoic-curie.212-227-153-4.plesk.page\/hr\/wp-json\/wp\/v2\/product\/3690559\/revisions"}],"wp:featuredmedia":[{"embeddable":true,"href":"https:\/\/stoic-curie.212-227-153-4.plesk.page\/hr\/wp-json\/wp\/v2\/media\/5944078"}],"wp:attachment":[{"href":"https:\/\/stoic-curie.212-227-153-4.plesk.page\/hr\/wp-json\/wp\/v2\/media?parent=3690559"}],"wp:term":[{"taxonomy":"product_brand","embeddable":true,"href":"https:\/\/stoic-curie.212-227-153-4.plesk.page\/hr\/wp-json\/wp\/v2\/product_brand?post=3690559"},{"taxonomy":"product_cat","embeddable":true,"href":"https:\/\/stoic-curie.212-227-153-4.plesk.page\/hr\/wp-json\/wp\/v2\/product_cat?post=3690559"},{"taxonomy":"product_tag","embeddable":true,"href":"https:\/\/stoic-curie.212-227-153-4.plesk.page\/hr\/wp-json\/wp\/v2\/product_tag?post=3690559"}],"curies":[{"name":"wp","href":"https:\/\/api.w.org\/{rel}","templated":true}]}}