{"id":3690567,"date":"2025-10-13T13:43:34","date_gmt":"2025-10-13T17:43:34","guid":{"rendered":"https:\/\/stoic-curie.212-227-153-4.plesk.page\/product\/gold-brusni-diskovi-3m-d150-p220\/"},"modified":"2026-02-25T00:01:02","modified_gmt":"2026-02-25T00:01:02","slug":"gold-brusni-diskovi-3m-d150-p220","status":"publish","type":"product","link":"https:\/\/stoic-curie.212-227-153-4.plesk.page\/hr\/product\/gold-brusni-diskovi-3m-d150-p220\/","title":{"rendered":"Gold brusni diskovi 3M D150 P220"},"content":{"rendered":"<p>Gold brusni diskovi 3M D150 P220 &#8211; Abrasivni disci od aluminijevog oksida s 15 rupa, 3M 255P Gold serija. S aditivom protiv za\u010depljenja, dvostrukim vezivom na bazi smole i Hookit sustavom za pri\u010dvr\u0161\u0107ivanje na \u010di\u010dak. Savr\u0161eno za zagla\u0111ivanje i zavr\u0161nu obradu lakova, gelcoata, epoksidnih smola i temeljnika.<\/p>\n","protected":false},"excerpt":{"rendered":"<p>Gold brusni diskovi 3M D150 P220 &#8211; Abrasivni disci od aluminijevog oksida s 15 rupa, 3M 255P Gold serija. S<\/p>\n","protected":false},"featured_media":5944090,"comment_status":"closed","ping_status":"closed","template":"","meta":[],"product_brand":[2771],"product_cat":[1632],"product_tag":[],"class_list":{"0":"post-3690567","1":"product","2":"type-product","3":"status-publish","4":"has-post-thumbnail","6":"product_brand-3m-marine-hr","7":"product_cat-alati-za-bojanje","9":"first","10":"outofstock","11":"shipping-taxable","12":"purchasable","13":"product-type-simple"},"_links":{"self":[{"href":"https:\/\/stoic-curie.212-227-153-4.plesk.page\/hr\/wp-json\/wp\/v2\/product\/3690567","targetHints":{"allow":["GET"]}}],"collection":[{"href":"https:\/\/stoic-curie.212-227-153-4.plesk.page\/hr\/wp-json\/wp\/v2\/product"}],"about":[{"href":"https:\/\/stoic-curie.212-227-153-4.plesk.page\/hr\/wp-json\/wp\/v2\/types\/product"}],"replies":[{"embeddable":true,"href":"https:\/\/stoic-curie.212-227-153-4.plesk.page\/hr\/wp-json\/wp\/v2\/comments?post=3690567"}],"version-history":[{"count":0,"href":"https:\/\/stoic-curie.212-227-153-4.plesk.page\/hr\/wp-json\/wp\/v2\/product\/3690567\/revisions"}],"wp:featuredmedia":[{"embeddable":true,"href":"https:\/\/stoic-curie.212-227-153-4.plesk.page\/hr\/wp-json\/wp\/v2\/media\/5944090"}],"wp:attachment":[{"href":"https:\/\/stoic-curie.212-227-153-4.plesk.page\/hr\/wp-json\/wp\/v2\/media?parent=3690567"}],"wp:term":[{"taxonomy":"product_brand","embeddable":true,"href":"https:\/\/stoic-curie.212-227-153-4.plesk.page\/hr\/wp-json\/wp\/v2\/product_brand?post=3690567"},{"taxonomy":"product_cat","embeddable":true,"href":"https:\/\/stoic-curie.212-227-153-4.plesk.page\/hr\/wp-json\/wp\/v2\/product_cat?post=3690567"},{"taxonomy":"product_tag","embeddable":true,"href":"https:\/\/stoic-curie.212-227-153-4.plesk.page\/hr\/wp-json\/wp\/v2\/product_tag?post=3690567"}],"curies":[{"name":"wp","href":"https:\/\/api.w.org\/{rel}","templated":true}]}}