{"id":3690570,"date":"2025-10-13T13:43:34","date_gmt":"2025-10-13T17:43:34","guid":{"rendered":"https:\/\/stoic-curie.212-227-153-4.plesk.page\/product\/abrazivni-disk-s-aluminijskim-oksidom-zavrsni-15-rupa-3m-260l-diskovi-p1200\/"},"modified":"2026-02-25T00:01:02","modified_gmt":"2026-02-25T00:01:02","slug":"abrazivni-disk-s-aluminijskim-oksidom-zavrsni-15-rupa-3m-260l-diskovi-p1200","status":"publish","type":"product","link":"https:\/\/stoic-curie.212-227-153-4.plesk.page\/hr\/product\/abrazivni-disk-s-aluminijskim-oksidom-zavrsni-15-rupa-3m-260l-diskovi-p1200\/","title":{"rendered":"Abrazivni disk s aluminijskim oksidom, zavr\u0161ni. 15 rupa 3m 260l diskovi p1200"},"content":{"rendered":"<p>Abrazivni disk s aluminijskim oksidom, zavr\u0161ni. 15 rupa 3m 260l diskovi p1200 &#8211; <\/p>\n<p>Visokou\u010dinkoviti abrazivi za zavr\u0161nu obradu od aluminijevog oksida s 15 rupa 3M 260L diskovima. S dodatkom protiv za\u010depljenja, dvostrukim vezivom od smole i Hookit \u010di\u010dak sustavom u\u010dvr\u0161\u0107ivanja. Savr\u0161eno za zavr\u0161nu obradu prije poliranja.<\/p>\n","protected":false},"excerpt":{"rendered":"<p>Abrazivni disk s aluminijskim oksidom, zavr\u0161ni. 15 rupa 3m 260l diskovi p1200 &#8211; Visokou\u010dinkoviti abrazivi za zavr\u0161nu obradu od aluminijevog<\/p>\n","protected":false},"featured_media":5944091,"comment_status":"closed","ping_status":"closed","template":"","meta":[],"product_brand":[2771],"product_cat":[1632],"product_tag":[],"class_list":{"0":"post-3690570","1":"product","2":"type-product","3":"status-publish","4":"has-post-thumbnail","6":"product_brand-3m-marine-hr","7":"product_cat-alati-za-bojanje","9":"first","10":"instock","11":"shipping-taxable","12":"purchasable","13":"product-type-simple"},"_links":{"self":[{"href":"https:\/\/stoic-curie.212-227-153-4.plesk.page\/hr\/wp-json\/wp\/v2\/product\/3690570","targetHints":{"allow":["GET"]}}],"collection":[{"href":"https:\/\/stoic-curie.212-227-153-4.plesk.page\/hr\/wp-json\/wp\/v2\/product"}],"about":[{"href":"https:\/\/stoic-curie.212-227-153-4.plesk.page\/hr\/wp-json\/wp\/v2\/types\/product"}],"replies":[{"embeddable":true,"href":"https:\/\/stoic-curie.212-227-153-4.plesk.page\/hr\/wp-json\/wp\/v2\/comments?post=3690570"}],"version-history":[{"count":0,"href":"https:\/\/stoic-curie.212-227-153-4.plesk.page\/hr\/wp-json\/wp\/v2\/product\/3690570\/revisions"}],"wp:featuredmedia":[{"embeddable":true,"href":"https:\/\/stoic-curie.212-227-153-4.plesk.page\/hr\/wp-json\/wp\/v2\/media\/5944091"}],"wp:attachment":[{"href":"https:\/\/stoic-curie.212-227-153-4.plesk.page\/hr\/wp-json\/wp\/v2\/media?parent=3690570"}],"wp:term":[{"taxonomy":"product_brand","embeddable":true,"href":"https:\/\/stoic-curie.212-227-153-4.plesk.page\/hr\/wp-json\/wp\/v2\/product_brand?post=3690570"},{"taxonomy":"product_cat","embeddable":true,"href":"https:\/\/stoic-curie.212-227-153-4.plesk.page\/hr\/wp-json\/wp\/v2\/product_cat?post=3690570"},{"taxonomy":"product_tag","embeddable":true,"href":"https:\/\/stoic-curie.212-227-153-4.plesk.page\/hr\/wp-json\/wp\/v2\/product_tag?post=3690570"}],"curies":[{"name":"wp","href":"https:\/\/api.w.org\/{rel}","templated":true}]}}