{"id":3690571,"date":"2025-10-13T13:43:35","date_gmt":"2025-10-13T17:43:35","guid":{"rendered":"https:\/\/stoic-curie.212-227-153-4.plesk.page\/product\/3m-vosak-za-camac-perfect-it-1lt\/"},"modified":"2026-02-25T00:01:02","modified_gmt":"2026-02-25T00:01:02","slug":"3m-vosak-za-camac-perfect-it-1lt","status":"publish","type":"product","link":"https:\/\/stoic-curie.212-227-153-4.plesk.page\/hr\/product\/3m-vosak-za-camac-perfect-it-1lt\/","title":{"rendered":"3m vosak za \u010damac Perfect-it 1lt"},"content":{"rendered":"<p>3m vosak za \u010damac Perfect-it 1lt &#8211; <\/p>\n<p>Nije abrazivna i svestrana 3M Perfect-it vosak za \u010damce, sastavljena od prirodnih voskova uklju\u010duju\u0107i brazilsku Carnaubu. Brza i laka primjena jam\u010di dugotrajan i za\u0161titni super sjajni zavr\u0161etak.<\/p>\n","protected":false},"excerpt":{"rendered":"<p>3m vosak za \u010damac Perfect-it 1lt &#8211; Nije abrazivna i svestrana 3M Perfect-it vosak za \u010damce, sastavljena od prirodnih voskova<\/p>\n","protected":false},"featured_media":5944095,"comment_status":"closed","ping_status":"closed","template":"","meta":[],"product_brand":[2771],"product_cat":[1628,1626],"product_tag":[],"class_list":{"0":"post-3690571","1":"product","2":"type-product","3":"status-publish","4":"has-post-thumbnail","6":"product_brand-3m-marine-hr","7":"product_cat-proizvodi-za-ciscenje","8":"product_cat-proizvodi-za-odrzavanje","10":"first","11":"instock","12":"shipping-taxable","13":"purchasable","14":"product-type-simple"},"_links":{"self":[{"href":"https:\/\/stoic-curie.212-227-153-4.plesk.page\/hr\/wp-json\/wp\/v2\/product\/3690571","targetHints":{"allow":["GET"]}}],"collection":[{"href":"https:\/\/stoic-curie.212-227-153-4.plesk.page\/hr\/wp-json\/wp\/v2\/product"}],"about":[{"href":"https:\/\/stoic-curie.212-227-153-4.plesk.page\/hr\/wp-json\/wp\/v2\/types\/product"}],"replies":[{"embeddable":true,"href":"https:\/\/stoic-curie.212-227-153-4.plesk.page\/hr\/wp-json\/wp\/v2\/comments?post=3690571"}],"version-history":[{"count":0,"href":"https:\/\/stoic-curie.212-227-153-4.plesk.page\/hr\/wp-json\/wp\/v2\/product\/3690571\/revisions"}],"wp:featuredmedia":[{"embeddable":true,"href":"https:\/\/stoic-curie.212-227-153-4.plesk.page\/hr\/wp-json\/wp\/v2\/media\/5944095"}],"wp:attachment":[{"href":"https:\/\/stoic-curie.212-227-153-4.plesk.page\/hr\/wp-json\/wp\/v2\/media?parent=3690571"}],"wp:term":[{"taxonomy":"product_brand","embeddable":true,"href":"https:\/\/stoic-curie.212-227-153-4.plesk.page\/hr\/wp-json\/wp\/v2\/product_brand?post=3690571"},{"taxonomy":"product_cat","embeddable":true,"href":"https:\/\/stoic-curie.212-227-153-4.plesk.page\/hr\/wp-json\/wp\/v2\/product_cat?post=3690571"},{"taxonomy":"product_tag","embeddable":true,"href":"https:\/\/stoic-curie.212-227-153-4.plesk.page\/hr\/wp-json\/wp\/v2\/product_tag?post=3690571"}],"curies":[{"name":"wp","href":"https:\/\/api.w.org\/{rel}","templated":true}]}}