{"id":3690572,"date":"2025-10-13T13:43:35","date_gmt":"2025-10-13T17:43:35","guid":{"rendered":"https:\/\/stoic-curie.212-227-153-4.plesk.page\/product\/3m-punilo-bijelo-200-g\/"},"modified":"2026-02-25T00:01:02","modified_gmt":"2026-02-25T00:01:02","slug":"3m-punilo-bijelo-200-g","status":"publish","type":"product","link":"https:\/\/stoic-curie.212-227-153-4.plesk.page\/hr\/product\/3m-punilo-bijelo-200-g\/","title":{"rendered":"3M punilo bijelo 200 g"},"content":{"rendered":"<p>3M punilo bijelo 200 g &#8211; <\/p>\n<p>3M Marine bijeli akrilni punja\u010d specifi\u010dan za popravak \u010damaca. Idealno za izravnavanje nesavr\u0161enosti, ogrebotina i abrazija. Mo\u017ee se bojati, lako se \u0161mirgla i gazi, a nije podlo\u017ean skupljanju.<\/p>\n","protected":false},"excerpt":{"rendered":"<p>3M punilo bijelo 200 g &#8211; 3M Marine bijeli akrilni punja\u010d specifi\u010dan za popravak \u010damaca. Idealno za izravnavanje nesavr\u0161enosti, ogrebotina<\/p>\n","protected":false},"featured_media":5944096,"comment_status":"closed","ping_status":"closed","template":"","meta":[],"product_brand":[2771],"product_cat":[1634,1626],"product_tag":[],"class_list":{"0":"post-3690572","1":"product","2":"type-product","3":"status-publish","4":"has-post-thumbnail","6":"product_brand-3m-marine-hr","7":"product_cat-brodske-boje","8":"product_cat-proizvodi-za-odrzavanje","10":"first","11":"instock","12":"shipping-taxable","13":"purchasable","14":"product-type-simple"},"_links":{"self":[{"href":"https:\/\/stoic-curie.212-227-153-4.plesk.page\/hr\/wp-json\/wp\/v2\/product\/3690572","targetHints":{"allow":["GET"]}}],"collection":[{"href":"https:\/\/stoic-curie.212-227-153-4.plesk.page\/hr\/wp-json\/wp\/v2\/product"}],"about":[{"href":"https:\/\/stoic-curie.212-227-153-4.plesk.page\/hr\/wp-json\/wp\/v2\/types\/product"}],"replies":[{"embeddable":true,"href":"https:\/\/stoic-curie.212-227-153-4.plesk.page\/hr\/wp-json\/wp\/v2\/comments?post=3690572"}],"version-history":[{"count":0,"href":"https:\/\/stoic-curie.212-227-153-4.plesk.page\/hr\/wp-json\/wp\/v2\/product\/3690572\/revisions"}],"wp:featuredmedia":[{"embeddable":true,"href":"https:\/\/stoic-curie.212-227-153-4.plesk.page\/hr\/wp-json\/wp\/v2\/media\/5944096"}],"wp:attachment":[{"href":"https:\/\/stoic-curie.212-227-153-4.plesk.page\/hr\/wp-json\/wp\/v2\/media?parent=3690572"}],"wp:term":[{"taxonomy":"product_brand","embeddable":true,"href":"https:\/\/stoic-curie.212-227-153-4.plesk.page\/hr\/wp-json\/wp\/v2\/product_brand?post=3690572"},{"taxonomy":"product_cat","embeddable":true,"href":"https:\/\/stoic-curie.212-227-153-4.plesk.page\/hr\/wp-json\/wp\/v2\/product_cat?post=3690572"},{"taxonomy":"product_tag","embeddable":true,"href":"https:\/\/stoic-curie.212-227-153-4.plesk.page\/hr\/wp-json\/wp\/v2\/product_tag?post=3690572"}],"curies":[{"name":"wp","href":"https:\/\/api.w.org\/{rel}","templated":true}]}}