{"id":3690575,"date":"2025-10-13T13:43:36","date_gmt":"2025-10-13T17:43:36","guid":{"rendered":"https:\/\/stoic-curie.212-227-153-4.plesk.page\/product\/brzi-prikljucak-43-mm-za-spremnike-za-vodu\/"},"modified":"2026-02-25T00:01:02","modified_gmt":"2026-02-25T00:01:02","slug":"brzi-prikljucak-43-mm-za-spremnike-za-vodu","status":"publish","type":"product","link":"https:\/\/stoic-curie.212-227-153-4.plesk.page\/hr\/product\/brzi-prikljucak-43-mm-za-spremnike-za-vodu\/","title":{"rendered":"Brzi prikljucak 43 mm za spremnike za vodu"},"content":{"rendered":"<p>Brzi prikljucak 43 mm za spremnike za vodu &#8211; <\/p>\n<p>Polipropilenska brza spojka s EPDM brtvom pogodnom za hranu za sve vrste spremnika za vodu. Brza monta\u017ea izvana s jednostavnom rupom. Kada se spojka zavrne, brtva se stisne i jam\u010di \u010dvrsto brtvljenje.<\/p>\n","protected":false},"excerpt":{"rendered":"<p>Brzi prikljucak 43 mm za spremnike za vodu &#8211; Polipropilenska brza spojka s EPDM brtvom pogodnom za hranu za sve<\/p>\n","protected":false},"featured_media":5944099,"comment_status":"closed","ping_status":"closed","template":"","meta":[],"product_brand":[2856],"product_cat":[1664],"product_tag":[],"class_list":{"0":"post-3690575","1":"product","2":"type-product","3":"status-publish","4":"has-post-thumbnail","6":"product_brand-can-marine-hr","7":"product_cat-spremnici-za-vodu","9":"first","10":"instock","11":"shipping-taxable","12":"purchasable","13":"product-type-simple"},"_links":{"self":[{"href":"https:\/\/stoic-curie.212-227-153-4.plesk.page\/hr\/wp-json\/wp\/v2\/product\/3690575","targetHints":{"allow":["GET"]}}],"collection":[{"href":"https:\/\/stoic-curie.212-227-153-4.plesk.page\/hr\/wp-json\/wp\/v2\/product"}],"about":[{"href":"https:\/\/stoic-curie.212-227-153-4.plesk.page\/hr\/wp-json\/wp\/v2\/types\/product"}],"replies":[{"embeddable":true,"href":"https:\/\/stoic-curie.212-227-153-4.plesk.page\/hr\/wp-json\/wp\/v2\/comments?post=3690575"}],"version-history":[{"count":0,"href":"https:\/\/stoic-curie.212-227-153-4.plesk.page\/hr\/wp-json\/wp\/v2\/product\/3690575\/revisions"}],"wp:featuredmedia":[{"embeddable":true,"href":"https:\/\/stoic-curie.212-227-153-4.plesk.page\/hr\/wp-json\/wp\/v2\/media\/5944099"}],"wp:attachment":[{"href":"https:\/\/stoic-curie.212-227-153-4.plesk.page\/hr\/wp-json\/wp\/v2\/media?parent=3690575"}],"wp:term":[{"taxonomy":"product_brand","embeddable":true,"href":"https:\/\/stoic-curie.212-227-153-4.plesk.page\/hr\/wp-json\/wp\/v2\/product_brand?post=3690575"},{"taxonomy":"product_cat","embeddable":true,"href":"https:\/\/stoic-curie.212-227-153-4.plesk.page\/hr\/wp-json\/wp\/v2\/product_cat?post=3690575"},{"taxonomy":"product_tag","embeddable":true,"href":"https:\/\/stoic-curie.212-227-153-4.plesk.page\/hr\/wp-json\/wp\/v2\/product_tag?post=3690575"}],"curies":[{"name":"wp","href":"https:\/\/api.w.org\/{rel}","templated":true}]}}