{"id":3690585,"date":"2025-10-13T13:43:39","date_gmt":"2025-10-13T17:43:39","guid":{"rendered":"https:\/\/stoic-curie.212-227-153-4.plesk.page\/product\/sredstvo-za-ciscenje-u-spreju-za-ljepila-3m-500ml\/"},"modified":"2026-02-25T00:01:02","modified_gmt":"2026-02-25T00:01:02","slug":"sredstvo-za-ciscenje-u-spreju-za-ljepila-3m-500ml","status":"publish","type":"product","link":"https:\/\/stoic-curie.212-227-153-4.plesk.page\/hr\/product\/sredstvo-za-ciscenje-u-spreju-za-ljepila-3m-500ml\/","title":{"rendered":"Sredstvo za \u010di\u0161cenje u spreju za ljepila 3M 500ml"},"content":{"rendered":"<p>Sredstvo za \u010di\u0161cenje u spreju za ljepila 3M 500ml &#8211; <\/p>\n<p>Aerosolni \u010dista\u010d sposoban da otopi i ukloni prljav\u0161tinu, mast, katran i ve\u0107inu ljepljivih filmova. Prirodni proizvod na bazi citrusa koji emulgira kada se ispire vodom.<\/p>\n","protected":false},"excerpt":{"rendered":"<p>Sredstvo za \u010di\u0161cenje u spreju za ljepila 3M 500ml &#8211; Aerosolni \u010dista\u010d sposoban da otopi i ukloni prljav\u0161tinu, mast, katran<\/p>\n","protected":false},"featured_media":5944104,"comment_status":"closed","ping_status":"closed","template":"","meta":[],"product_brand":[2771],"product_cat":[1637,1628],"product_tag":[],"class_list":{"0":"post-3690585","1":"product","2":"type-product","3":"status-publish","4":"has-post-thumbnail","6":"product_brand-3m-marine-hr","7":"product_cat-ljepila-i-brtvila","8":"product_cat-proizvodi-za-ciscenje","10":"first","11":"instock","12":"shipping-taxable","13":"purchasable","14":"product-type-simple"},"_links":{"self":[{"href":"https:\/\/stoic-curie.212-227-153-4.plesk.page\/hr\/wp-json\/wp\/v2\/product\/3690585","targetHints":{"allow":["GET"]}}],"collection":[{"href":"https:\/\/stoic-curie.212-227-153-4.plesk.page\/hr\/wp-json\/wp\/v2\/product"}],"about":[{"href":"https:\/\/stoic-curie.212-227-153-4.plesk.page\/hr\/wp-json\/wp\/v2\/types\/product"}],"replies":[{"embeddable":true,"href":"https:\/\/stoic-curie.212-227-153-4.plesk.page\/hr\/wp-json\/wp\/v2\/comments?post=3690585"}],"version-history":[{"count":0,"href":"https:\/\/stoic-curie.212-227-153-4.plesk.page\/hr\/wp-json\/wp\/v2\/product\/3690585\/revisions"}],"wp:featuredmedia":[{"embeddable":true,"href":"https:\/\/stoic-curie.212-227-153-4.plesk.page\/hr\/wp-json\/wp\/v2\/media\/5944104"}],"wp:attachment":[{"href":"https:\/\/stoic-curie.212-227-153-4.plesk.page\/hr\/wp-json\/wp\/v2\/media?parent=3690585"}],"wp:term":[{"taxonomy":"product_brand","embeddable":true,"href":"https:\/\/stoic-curie.212-227-153-4.plesk.page\/hr\/wp-json\/wp\/v2\/product_brand?post=3690585"},{"taxonomy":"product_cat","embeddable":true,"href":"https:\/\/stoic-curie.212-227-153-4.plesk.page\/hr\/wp-json\/wp\/v2\/product_cat?post=3690585"},{"taxonomy":"product_tag","embeddable":true,"href":"https:\/\/stoic-curie.212-227-153-4.plesk.page\/hr\/wp-json\/wp\/v2\/product_tag?post=3690585"}],"curies":[{"name":"wp","href":"https:\/\/api.w.org\/{rel}","templated":true}]}}